{"id":150712,"date":"2023-06-29T11:27:46","date_gmt":"2023-06-29T08:27:46","guid":{"rendered":"https:\/\/kingarms.ee\/product\/american-classic-pistol-crosman-p1377-multiplump\/"},"modified":"2025-06-08T14:28:10","modified_gmt":"2025-06-08T11:28:10","slug":"american-classic-pistol-crosman-p1377-multiplump","status":"publish","type":"product","link":"https:\/\/kingarms.ee\/lt\/product\/american-classic-pistol-crosman-p1377-multiplump\/","title":{"rendered":"\u201eAmerican Classic Pistol Crosman P1377 Multiplump\u201c"},"content":{"rendered":"<p><img loading=\"lazy\" decoding=\"async\" class=\"alignnone size-medium wp-image-79518\" src=\"https:\/\/kingarms.ee\/wp-content\/uploads\/2023\/06\/p1377_01.20210825092725-300x167.png\" alt=\"\" width=\"300\" height=\"167\" srcset=\"https:\/\/kingarms.ee\/wp-content\/uploads\/2023\/06\/p1377_01.20210825092725-300x167.png 300w, https:\/\/kingarms.ee\/wp-content\/uploads\/2023\/06\/p1377_01.20210825092725-1024x571.png 1024w, https:\/\/kingarms.ee\/wp-content\/uploads\/2023\/06\/p1377_01.20210825092725-768x428.png 768w, https:\/\/kingarms.ee\/wp-content\/uploads\/2023\/06\/p1377_01.20210825092725-1536x856.png 1536w, https:\/\/kingarms.ee\/wp-content\/uploads\/2023\/06\/p1377_01.20210825092725-2048x1141.png 2048w, https:\/\/kingarms.ee\/wp-content\/uploads\/2023\/06\/p1377_01.20210825092725-500x279.png 500w, https:\/\/kingarms.ee\/wp-content\/uploads\/2023\/06\/p1377_01.20210825092725-150x84.png 150w\" sizes=\"auto, (max-width: 300px) 100vw, 300px\" \/><\/p>\n","protected":false},"excerpt":{"rendered":"<p>\u201eAmerican Classic Pistol Crosman P1377 Multiplump\u201c<\/p>\n<p>.177 kalibro pneumatinis oro pistoletas turi vieno veiksmo var\u017eto konstrukcij\u0105, kuri palengvina sukim\u0105si ir pakrovim\u0105, plienin\u012f vamzd\u012f, u\u017etikrinant\u012f tikslum\u0105, ir lengvai pumpuojam\u0105 kot\u0105, kad b\u016bt\u0173 galima pakeisti siurblio gali\u0105. 1377 turi visi\u0161kai reguliuojamus galinius taikiklius ir fiksuot\u0105 priekin\u0119 blus\u0105. Kintama siurblio galia leid\u017eia reguliuoti greit\u012f bet kokio fotografavimo metu.  <\/p>\n<p>Greitis (fps): 600<br \/>\nMed\u017eiaga: Sintetinis<br \/>\nKalibras: 4,5 mm<br \/>\nIlgis 13,6 colio<br \/>\nVamzd\u017eio med\u017eiaga: plienas<br \/>\nVamzd\u017eio tipas: \u0161autuvas<br \/>\nPriekinis taikiklis fiksuotas<br \/>\nGalinis reg\u0117jimas reguliuojamas<\/p>\n","protected":false},"featured_media":129384,"template":"","meta":{"_acf_changed":false},"product_brand":[],"product_cat":[1143],"product_tag":[],"class_list":{"0":"post-150712","1":"product","2":"type-product","3":"status-publish","4":"has-post-thumbnail","6":"product_cat-rankinis-ginklas","8":"first","9":"instock","10":"taxable","11":"shipping-taxable","12":"purchasable","13":"product-type-simple"},"acf":[],"_links":{"self":[{"href":"https:\/\/kingarms.ee\/lt\/wp-json\/wp\/v2\/product\/150712","targetHints":{"allow":["GET"]}}],"collection":[{"href":"https:\/\/kingarms.ee\/lt\/wp-json\/wp\/v2\/product"}],"about":[{"href":"https:\/\/kingarms.ee\/lt\/wp-json\/wp\/v2\/types\/product"}],"wp:featuredmedia":[{"embeddable":true,"href":"https:\/\/kingarms.ee\/lt\/wp-json\/wp\/v2\/media\/129384"}],"wp:attachment":[{"href":"https:\/\/kingarms.ee\/lt\/wp-json\/wp\/v2\/media?parent=150712"}],"wp:term":[{"taxonomy":"product_brand","embeddable":true,"href":"https:\/\/kingarms.ee\/lt\/wp-json\/wp\/v2\/product_brand?post=150712"},{"taxonomy":"product_cat","embeddable":true,"href":"https:\/\/kingarms.ee\/lt\/wp-json\/wp\/v2\/product_cat?post=150712"},{"taxonomy":"product_tag","embeddable":true,"href":"https:\/\/kingarms.ee\/lt\/wp-json\/wp\/v2\/product_tag?post=150712"}],"curies":[{"name":"wp","href":"https:\/\/api.w.org\/{rel}","templated":true}]}}