{"id":150715,"date":"2023-06-28T14:46:08","date_gmt":"2025-06-08T11:28:50","guid":{"rendered":"https:\/\/kingarms.ee\/product\/kelio-apsaugos-m-tac\/"},"modified":"2025-06-08T14:28:50","modified_gmt":"2025-06-08T11:28:50","slug":"kelio-apsaugos-m-tac","status":"publish","type":"product","link":"https:\/\/kingarms.ee\/lt\/product\/kelio-apsaugos-m-tac\/","title":{"rendered":"Kelio apsaugos (M-TAC)"},"content":{"rendered":"<p><img loading=\"lazy\" decoding=\"async\" class=\"alignnone size-medium wp-image-79494\" src=\"https:\/\/kingarms.ee\/wp-content\/uploads\/2023\/06\/m-tac-eva-knee-pad-inserts-pair-genii-1-300x300.jpg\" alt=\"\" width=\"300\" height=\"300\" srcset=\"https:\/\/kingarms.ee\/wp-content\/uploads\/2023\/06\/m-tac-eva-knee-pad-inserts-pair-genii-1-300x300.jpg 300w, https:\/\/kingarms.ee\/wp-content\/uploads\/2023\/06\/m-tac-eva-knee-pad-inserts-pair-genii-1-150x150.jpg 150w, https:\/\/kingarms.ee\/wp-content\/uploads\/2023\/06\/m-tac-eva-knee-pad-inserts-pair-genii-1-768x768.jpg 768w, https:\/\/kingarms.ee\/wp-content\/uploads\/2023\/06\/m-tac-eva-knee-pad-inserts-pair-genii-1-500x500.jpg 500w, https:\/\/kingarms.ee\/wp-content\/uploads\/2023\/06\/m-tac-eva-knee-pad-inserts-pair-genii-1.jpg 1000w\" sizes=\"auto, (max-width: 300px) 100vw, 300px\" \/><\/p>\n","protected":false},"excerpt":{"rendered":"<p>Kelio apsaugos (M-TAC)<\/p>\n<p>M-tac naujovi\u0161kos taktin\u0117s keli\u0173 pagalv\u0117l\u0117s sukurtos taip, kad u\u017etikrint\u0173 efektyvi\u0105 keli\u0173 apsaug\u0105, lankstum\u0105 ir komfort\u0105 kasdieniniam naudojimui. Pagaminta i\u0161 mink\u0161tesn\u0117s polimerin\u0117s med\u017eiagos-EVA putplas\u010dio, 8 mm storio. Med\u017eiaga turi molekulin\u0117s atminties savybes: EVA lapas gali atkurti ankstesn\u0119 geometrin\u0119 form\u0105 net po ilgo buvimo deformuotoje b\u016bsenoje, o tai leid\u017eia pakartoti nat\u016bralius kelio judesius.  <\/p>\n","protected":false},"featured_media":129376,"template":"","meta":{"_acf_changed":false},"product_brand":[],"product_cat":[1226],"product_tag":[],"class_list":{"0":"post-150715","1":"product","2":"type-product","3":"status-publish","4":"has-post-thumbnail","6":"product_cat-kelio-pagalveles","8":"first","9":"instock","10":"taxable","11":"shipping-taxable","12":"purchasable","13":"product-type-simple"},"acf":[],"_links":{"self":[{"href":"https:\/\/kingarms.ee\/lt\/wp-json\/wp\/v2\/product\/150715","targetHints":{"allow":["GET"]}}],"collection":[{"href":"https:\/\/kingarms.ee\/lt\/wp-json\/wp\/v2\/product"}],"about":[{"href":"https:\/\/kingarms.ee\/lt\/wp-json\/wp\/v2\/types\/product"}],"wp:featuredmedia":[{"embeddable":true,"href":"https:\/\/kingarms.ee\/lt\/wp-json\/wp\/v2\/media\/129376"}],"wp:attachment":[{"href":"https:\/\/kingarms.ee\/lt\/wp-json\/wp\/v2\/media?parent=150715"}],"wp:term":[{"taxonomy":"product_brand","embeddable":true,"href":"https:\/\/kingarms.ee\/lt\/wp-json\/wp\/v2\/product_brand?post=150715"},{"taxonomy":"product_cat","embeddable":true,"href":"https:\/\/kingarms.ee\/lt\/wp-json\/wp\/v2\/product_cat?post=150715"},{"taxonomy":"product_tag","embeddable":true,"href":"https:\/\/kingarms.ee\/lt\/wp-json\/wp\/v2\/product_tag?post=150715"}],"curies":[{"name":"wp","href":"https:\/\/api.w.org\/{rel}","templated":true}]}}