{"id":150719,"date":"2023-06-26T17:27:27","date_gmt":"2025-06-08T11:32:21","guid":{"rendered":"https:\/\/kingarms.ee\/product\/nitecore-cr6-hunter-full-set\/"},"modified":"2025-06-08T14:32:44","modified_gmt":"2025-06-08T11:32:44","slug":"nitecore-cr6-hunter-full-set","status":"publish","type":"product","link":"https:\/\/kingarms.ee\/lt\/product\/nitecore-cr6-hunter-full-set\/","title":{"rendered":"\u201eNitecore CR6 Hunter Full Set\u201c"},"content":{"rendered":"<p><img loading=\"lazy\" decoding=\"async\" class=\"alignnone size-full wp-image-79597\" src=\"https:\/\/kingarms.ee\/wp-content\/uploads\/2023\/06\/nitecore-cr6-hunting-kit.jpg\" alt=\"\" width=\"1140\" height=\"713\" srcset=\"https:\/\/kingarms.ee\/wp-content\/uploads\/2023\/06\/nitecore-cr6-hunting-kit.jpg 1140w, https:\/\/kingarms.ee\/wp-content\/uploads\/2023\/06\/nitecore-cr6-hunting-kit-300x188.jpg 300w, https:\/\/kingarms.ee\/wp-content\/uploads\/2023\/06\/nitecore-cr6-hunting-kit-1024x640.jpg 1024w, https:\/\/kingarms.ee\/wp-content\/uploads\/2023\/06\/nitecore-cr6-hunting-kit-768x480.jpg 768w, https:\/\/kingarms.ee\/wp-content\/uploads\/2023\/06\/nitecore-cr6-hunting-kit-500x313.jpg 500w, https:\/\/kingarms.ee\/wp-content\/uploads\/2023\/06\/nitecore-cr6-hunting-kit-150x94.jpg 150w\" sizes=\"auto, (max-width: 1140px) 100vw, 1140px\" \/><\/p>\n","protected":false},"excerpt":{"rendered":"<p>Nitecore CR6 Hunter pilnas komplektas modeliui, antroji pagrindin\u0117 \u0161viesa \u0161alia pirmin\u0117s baltos \u0161viesos (440 liumen\u0173) yra raudona \u0161viesa. Raudonos \u0161viesos i\u0161\u0117jimo galia yra iki 120 liumen\u0173, o tai ap\u0161viestoje vietoje suteikia iki 150 metr\u0173 diapazon\u0105. Raudonos \u0161viesos veikimo laikas pasiekia 55 valandas vienu akumuliatoriaus \u012fkrovimu. Silpnesn\u0119 antrin\u0119 \u0161vies\u0105 (raudon\u0105, \u017eali\u0105 ir m\u0117lyn\u0105) suteikia du ma\u017eesni \u0161viesos diodai, \u012fmontuoti \u012f at\u0161vait\u0105.   <\/p>\n<p>Papildoma informacija: keturios skirtingos \u0161viesios spalvos, atskiri re\u017eimo mygtukai baltai \u0161viesai ir spalvotai \u0161viesai, antriniai spalvoti LED elementai signalizacijai, maitinimo b\u016bsenos indikacija, tiesioginio perjungimo galimyb\u0117 \u012f maksimal\u0173 re\u017eim\u0105, fizin\u0117 atvirk\u0161tinio poli\u0161kumo apsauga, titanu dengtas Tvirtinimo laikiklis, ner\u016bdijan\u010dio plieno galvut\u0117s apsaugos \u017eiedas, sustiprinta \u012fbr\u0117\u017eimams atspari danga, brangus mineralinis stiklas, aviacinio aliuminio tvirtas korpusas, korpusas padengtas haiii anoduota danga, lempa yra atspari vandeniui pagal auk\u0161\u010diausi\u0105 IP 8 klas\u0119 2m, atsparumas sm\u016bgiams 1,5 m.<\/p>\n","protected":false},"featured_media":129412,"template":"","meta":{"_acf_changed":false},"product_brand":[],"product_cat":[1209,1173],"product_tag":[],"class_list":{"0":"post-150719","1":"product","2":"type-product","3":"status-publish","4":"has-post-thumbnail","6":"product_cat-iranga","7":"product_cat-zibintuvelis","9":"first","10":"instock","11":"sale","12":"taxable","13":"shipping-taxable","14":"purchasable","15":"product-type-simple"},"acf":[],"_links":{"self":[{"href":"https:\/\/kingarms.ee\/lt\/wp-json\/wp\/v2\/product\/150719","targetHints":{"allow":["GET"]}}],"collection":[{"href":"https:\/\/kingarms.ee\/lt\/wp-json\/wp\/v2\/product"}],"about":[{"href":"https:\/\/kingarms.ee\/lt\/wp-json\/wp\/v2\/types\/product"}],"wp:featuredmedia":[{"embeddable":true,"href":"https:\/\/kingarms.ee\/lt\/wp-json\/wp\/v2\/media\/129412"}],"wp:attachment":[{"href":"https:\/\/kingarms.ee\/lt\/wp-json\/wp\/v2\/media?parent=150719"}],"wp:term":[{"taxonomy":"product_brand","embeddable":true,"href":"https:\/\/kingarms.ee\/lt\/wp-json\/wp\/v2\/product_brand?post=150719"},{"taxonomy":"product_cat","embeddable":true,"href":"https:\/\/kingarms.ee\/lt\/wp-json\/wp\/v2\/product_cat?post=150719"},{"taxonomy":"product_tag","embeddable":true,"href":"https:\/\/kingarms.ee\/lt\/wp-json\/wp\/v2\/product_tag?post=150719"}],"curies":[{"name":"wp","href":"https:\/\/api.w.org\/{rel}","templated":true}]}}