{"id":150722,"date":"2020-06-01T16:20:00","date_gmt":"2020-06-01T13:20:00","guid":{"rendered":"https:\/\/kingarms.ee\/product\/cm16-karabinas-dykuma-tan-g-g\/"},"modified":"2025-06-08T14:36:31","modified_gmt":"2025-06-08T11:36:31","slug":"cm16-karabinas-dykuma-tan-g-g","status":"publish","type":"product","link":"https:\/\/kingarms.ee\/lt\/product\/cm16-karabinas-dykuma-tan-g-g\/","title":{"rendered":"CM16 KARABINAS DYKUMA TAN G &amp; G"},"content":{"rendered":"<p><a href=\"https:\/\/kingarms.ee\/wp-content\/uploads\/2020\/06\/gg-aeg-cm16-carbine-tan-gg12t-300x300.jpg\"><img loading=\"lazy\" decoding=\"async\" class=\"alignnone size-medium\" src=\"https:\/\/kingarms.ee\/wp-content\/uploads\/2020\/06\/gg-aeg-cm16-carbine-tan-gg12t-300x300.jpg\" alt=\"\" width=\"300\" height=\"300\"><\/a><\/p>\n","protected":false},"excerpt":{"rendered":"<p>CM16 KARABINAS DYKUMA TAN G &amp; G<\/p>\n<p>Nailono pluo\u0161to korpusas<br \/>\n450 raund\u0173 \u017eurnalas<br \/>\nReguliuojami priekiniai ir galiniai taikikliai<br \/>\nReguliuojamas \u0161uolis auk\u0161tyn<br \/>\nDidelio sukimo momento ilgos a\u0161ies 18000 aps. \/ min variklis<br \/>\nI\u0161traukiama krano atsargos<br \/>\nIlgis 790mm-960mm<br \/>\nSvoris 2250g<br \/>\nDykumos \u012fdegio spalva<br \/>\nBaterija ir akumuliatoriaus \u012fkroviklis ne\u012fskai\u010diuoti<\/p>\n","protected":false},"featured_media":154676,"template":"","meta":{"_acf_changed":false},"product_brand":[],"product_cat":[1139],"product_tag":[1318],"class_list":{"0":"post-150722","1":"product","2":"type-product","3":"status-publish","4":"has-post-thumbnail","6":"product_cat-elektro-pneumatiniai-ginklai","7":"product_tag-4blss3ph-lt","9":"first","10":"instock","11":"taxable","12":"shipping-taxable","13":"purchasable","14":"product-type-simple"},"acf":[],"_links":{"self":[{"href":"https:\/\/kingarms.ee\/lt\/wp-json\/wp\/v2\/product\/150722","targetHints":{"allow":["GET"]}}],"collection":[{"href":"https:\/\/kingarms.ee\/lt\/wp-json\/wp\/v2\/product"}],"about":[{"href":"https:\/\/kingarms.ee\/lt\/wp-json\/wp\/v2\/types\/product"}],"wp:featuredmedia":[{"embeddable":true,"href":"https:\/\/kingarms.ee\/lt\/wp-json\/wp\/v2\/media\/154676"}],"wp:attachment":[{"href":"https:\/\/kingarms.ee\/lt\/wp-json\/wp\/v2\/media?parent=150722"}],"wp:term":[{"taxonomy":"product_brand","embeddable":true,"href":"https:\/\/kingarms.ee\/lt\/wp-json\/wp\/v2\/product_brand?post=150722"},{"taxonomy":"product_cat","embeddable":true,"href":"https:\/\/kingarms.ee\/lt\/wp-json\/wp\/v2\/product_cat?post=150722"},{"taxonomy":"product_tag","embeddable":true,"href":"https:\/\/kingarms.ee\/lt\/wp-json\/wp\/v2\/product_tag?post=150722"}],"curies":[{"name":"wp","href":"https:\/\/api.w.org\/{rel}","templated":true}]}}