{"id":150729,"date":"2022-09-21T14:24:18","date_gmt":"2025-06-08T11:51:02","guid":{"rendered":"https:\/\/kingarms.ee\/product\/pistoleto-spintele-ge-450-k-l\/"},"modified":"2025-06-08T14:51:02","modified_gmt":"2025-06-08T11:51:02","slug":"pistoleto-spintele-ge-450-k-l","status":"publish","type":"product","link":"https:\/\/kingarms.ee\/lt\/product\/pistoleto-spintele-ge-450-k-l\/","title":{"rendered":"Pistoleto spintel\u0117 GE.450.K.L"},"content":{"rendered":"<p>Pistoleto spintel\u0117 GE.450.K.L<\/p>\n<p><img loading=\"lazy\" decoding=\"async\" class=\"alignnone size-medium wp-image-61881\" src=\"https:\/\/kingarms.ee\/wp-content\/uploads\/2022\/09\/GE.450-open-new-section-500x500-1-300x300.jpeg\" alt=\"\" width=\"300\" height=\"300\" srcset=\"https:\/\/kingarms.ee\/wp-content\/uploads\/2022\/09\/GE.450-open-new-section-500x500-1-300x300.jpeg 300w, https:\/\/kingarms.ee\/wp-content\/uploads\/2022\/09\/GE.450-open-new-section-500x500-1-150x150.jpeg 150w, https:\/\/kingarms.ee\/wp-content\/uploads\/2022\/09\/GE.450-open-new-section-500x500-1.jpeg 500w\" sizes=\"auto, (max-width: 300px) 100vw, 300px\" \/><\/p>\n","protected":false},"excerpt":{"rendered":"<p>Ge GRIFFON Europos serijos apsaugos nuo \u012fsilau\u017eimo pistoletas yra sertifikuotas Europos laboratorijos ECB-s ir turi S1 klas\u0117s sertifikat\u0105 pagal EN 14450. Ir tokios savyb\u0117s: <\/p>\n<p>Apsaugos nuo \u012fsilau\u017eimo dizainas &#8220;Kablys&#8221;, kuris neleid\u017eia atidaryti dur\u0173 a\u0161triu daiktu ar atsuktuvu<br \/>\nMetalo storis-3 mm<br \/>\nKeturi\u0173 kryp\u010di\u0173 fiksavimo sistema, aktyv\u016bs Chromuoti besisukantys var\u017etai, 25 mm<br \/>\nGr\u016bdinto plieno lydinio plok\u0161t\u0117s, apsaugan\u010dios nuo spyn\u0173 ir skersini\u0173 gr\u0119\u017eimo ir i\u0161mu\u0161imo<br \/>\nVidin\u0117 pjovimo kilpa<br \/>\nNuimami \u0161arnyriniai elementai ant dur\u0173, pertvarkyti: ki\u0161en\u0117s u\u017etaisams ir d\u0117klas ginkl\u0173 prie\u017ei\u016bros priemon\u0117ms, laikiklis ramroms, kabliukai<br \/>\nRamrod laikikliai 2-4 vnt.<br \/>\nNe\u0161iojamas ginklo laikiklis su optika ir nuimamu magnetiniu laikikliu (nustatytas bet kokio tinkamo auk\u0161\u010dio)<br \/>\nSeifas skirtas laikyti iki 1450 mm auk\u0161\u010dio ginklus<\/p>\n<p>Svoris, 114 kg<br \/>\nTalpa, l 194<br \/>\nDur\u0173 metalo storis, mm 3<br \/>\nKorpuso metalo storis, mm 3<br \/>\nAtsparumo \u012fsilau\u017eimui klas\u0117 S1 pagal EN 14450<\/p>\n","protected":false},"featured_media":132697,"template":"","meta":{"_acf_changed":false},"product_brand":[],"product_cat":[1270],"product_tag":[],"class_list":{"0":"post-150729","1":"product","2":"type-product","3":"status-publish","4":"has-post-thumbnail","6":"product_cat-safes-lt","8":"first","9":"instock","10":"taxable","11":"shipping-taxable","12":"purchasable","13":"product-type-simple"},"acf":[],"_links":{"self":[{"href":"https:\/\/kingarms.ee\/lt\/wp-json\/wp\/v2\/product\/150729","targetHints":{"allow":["GET"]}}],"collection":[{"href":"https:\/\/kingarms.ee\/lt\/wp-json\/wp\/v2\/product"}],"about":[{"href":"https:\/\/kingarms.ee\/lt\/wp-json\/wp\/v2\/types\/product"}],"wp:featuredmedia":[{"embeddable":true,"href":"https:\/\/kingarms.ee\/lt\/wp-json\/wp\/v2\/media\/132697"}],"wp:attachment":[{"href":"https:\/\/kingarms.ee\/lt\/wp-json\/wp\/v2\/media?parent=150729"}],"wp:term":[{"taxonomy":"product_brand","embeddable":true,"href":"https:\/\/kingarms.ee\/lt\/wp-json\/wp\/v2\/product_brand?post=150729"},{"taxonomy":"product_cat","embeddable":true,"href":"https:\/\/kingarms.ee\/lt\/wp-json\/wp\/v2\/product_cat?post=150729"},{"taxonomy":"product_tag","embeddable":true,"href":"https:\/\/kingarms.ee\/lt\/wp-json\/wp\/v2\/product_tag?post=150729"}],"curies":[{"name":"wp","href":"https:\/\/api.w.org\/{rel}","templated":true}]}}