{"id":150730,"date":"2022-05-10T15:32:00","date_gmt":"2025-06-08T11:51:26","guid":{"rendered":"https:\/\/kingarms.ee\/product\/ffg-1-kampu-foregrip-fma\/"},"modified":"2025-06-08T14:51:26","modified_gmt":"2025-06-08T11:51:26","slug":"ffg-1-kampu-foregrip-fma","status":"publish","type":"product","link":"https:\/\/kingarms.ee\/lt\/product\/ffg-1-kampu-foregrip-fma\/","title":{"rendered":"FFG-1 kampu ForeGrip [FMA]"},"content":{"rendered":"","protected":false},"excerpt":{"rendered":"<p>FFG-1 kampu ForeGrip [FMA]<\/p>\n<p>Kampuota priekin\u0117 rankena, pagaminta i\u0161 patvaraus nailono polimero. Kampuota rankena \u012f priek\u012f yra alternatyva klasikiniam vertikaliam sukibimui \u012f priek\u012f. Rankos i\u0161d\u0117stymas, priverstas d\u0117l rankenos formos, priver\u010dia vartotoj\u0105 u\u017ed\u0117ti nyk\u0161t\u012f i\u0161ilgai priekin\u0117s rankenos, taip u\u017etikrinant stabil\u0173 ir patog\u0173 sukibim\u0105 su kopija tiek nukreipiant, tiek greitai \u012fsigyjant taikin\u012f.  <\/p>\n<p>Suderinamas su bet kokia kopija, kurioje yra standartinis 22 mm UIP b\u0117gis.<\/p>\n","protected":false},"featured_media":118831,"template":"","meta":{"_acf_changed":false},"product_brand":[],"product_cat":[1207],"product_tag":[],"class_list":{"0":"post-150730","1":"product","2":"type-product","3":"status-publish","4":"has-post-thumbnail","6":"product_cat-rankenos-ziedai-dirzai","8":"first","9":"onbackorder","10":"taxable","11":"shipping-taxable","12":"product-type-simple"},"acf":[],"_links":{"self":[{"href":"https:\/\/kingarms.ee\/lt\/wp-json\/wp\/v2\/product\/150730","targetHints":{"allow":["GET"]}}],"collection":[{"href":"https:\/\/kingarms.ee\/lt\/wp-json\/wp\/v2\/product"}],"about":[{"href":"https:\/\/kingarms.ee\/lt\/wp-json\/wp\/v2\/types\/product"}],"wp:featuredmedia":[{"embeddable":true,"href":"https:\/\/kingarms.ee\/lt\/wp-json\/wp\/v2\/media\/118831"}],"wp:attachment":[{"href":"https:\/\/kingarms.ee\/lt\/wp-json\/wp\/v2\/media?parent=150730"}],"wp:term":[{"taxonomy":"product_brand","embeddable":true,"href":"https:\/\/kingarms.ee\/lt\/wp-json\/wp\/v2\/product_brand?post=150730"},{"taxonomy":"product_cat","embeddable":true,"href":"https:\/\/kingarms.ee\/lt\/wp-json\/wp\/v2\/product_cat?post=150730"},{"taxonomy":"product_tag","embeddable":true,"href":"https:\/\/kingarms.ee\/lt\/wp-json\/wp\/v2\/product_tag?post=150730"}],"curies":[{"name":"wp","href":"https:\/\/api.w.org\/{rel}","templated":true}]}}