{"id":150735,"date":"2022-09-21T14:13:07","date_gmt":"2025-06-08T11:53:37","guid":{"rendered":"https:\/\/kingarms.ee\/product\/pistoleto-spintele-ge-300-k\/"},"modified":"2025-06-08T14:53:37","modified_gmt":"2025-06-08T11:53:37","slug":"pistoleto-spintele-ge-300-k","status":"publish","type":"product","link":"https:\/\/kingarms.ee\/lt\/product\/pistoleto-spintele-ge-300-k\/","title":{"rendered":"Pistoleto spintel\u0117 GE.300.K"},"content":{"rendered":"<p>Pistoleto spintel\u0117 GE.300.K<\/p>\n<p><img loading=\"lazy\" decoding=\"async\" class=\"alignnone size-medium wp-image-61869\" src=\"https:\/\/kingarms.ee\/wp-content\/uploads\/2022\/09\/GE.300.K-open-1-500x500-1-300x300.jpeg\" alt=\"\" width=\"300\" height=\"300\" srcset=\"https:\/\/kingarms.ee\/wp-content\/uploads\/2022\/09\/GE.300.K-open-1-500x500-1-300x300.jpeg 300w, https:\/\/kingarms.ee\/wp-content\/uploads\/2022\/09\/GE.300.K-open-1-500x500-1-150x150.jpeg 150w, https:\/\/kingarms.ee\/wp-content\/uploads\/2022\/09\/GE.300.K-open-1-500x500-1.jpeg 500w\" sizes=\"auto, (max-width: 300px) 100vw, 300px\" \/><\/p>\n","protected":false},"excerpt":{"rendered":"<p>Ge GRIFFON Europos serijos apsaugos nuo \u012fsilau\u017eimo pistoletas yra sertifikuotas Europos laboratorijos ECB-s ir turi S1 klas\u0117s sertifikat\u0105 pagal EN 14450. Ir tokios savyb\u0117s: <\/p>\n<p>Apsaugos nuo \u012fsilau\u017eimo dizainas &#8220;Kablys&#8221;, kuris neleid\u017eia atidaryti dur\u0173 a\u0161triu daiktu ar atsuktuvu<br \/>\nMetalo storis-3 mm<br \/>\nKeturi\u0173 kryp\u010di\u0173 fiksavimo sistema, aktyv\u016bs Chromuoti besisukantys var\u017etai, 25 mm<br \/>\nGr\u016bdinto plieno lydinio plok\u0161t\u0117s, apsaugan\u010dios nuo spyn\u0173 ir skersini\u0173 gr\u0119\u017eimo ir i\u0161mu\u0161imo<br \/>\nVidin\u0117 pjovimo kilpa<br \/>\nNe\u0161iojamas ginklo laikiklis su optika ir nuimamu magnetiniu laikikliu (nustatytas bet kokio tinkamo auk\u0161\u010dio)<br \/>\nSeifas, skirtas laikyti iki 1450 mm auk\u0161\u010dio ginklus.<\/p>\n<p>I\u0161oriniai matmenys, mm (H \/ L \/ P) 1512 mm \/ 300 mm \/ 350 mm<br \/>\nVidiniai matmenys, mm (H \/ L \/ P) 1494 mm \/ 294 mm \/ 273 mm<br \/>\nSvoris, 76 kg<br \/>\nT\u016bris, l 120<br \/>\nDur\u0173 metalo storis, mm 3<br \/>\nKorpuso metalo storis, mm 3<br \/>\nAtsparumo \u012fsilau\u017eimui klas\u0117 S1 pagal EN 14450<\/p>\n","protected":false},"featured_media":132693,"template":"","meta":{"_acf_changed":false},"product_brand":[],"product_cat":[1270],"product_tag":[],"class_list":{"0":"post-150735","1":"product","2":"type-product","3":"status-publish","4":"has-post-thumbnail","6":"product_cat-safes-lt","8":"first","9":"outofstock","10":"taxable","11":"shipping-taxable","12":"purchasable","13":"product-type-simple"},"acf":[],"_links":{"self":[{"href":"https:\/\/kingarms.ee\/lt\/wp-json\/wp\/v2\/product\/150735","targetHints":{"allow":["GET"]}}],"collection":[{"href":"https:\/\/kingarms.ee\/lt\/wp-json\/wp\/v2\/product"}],"about":[{"href":"https:\/\/kingarms.ee\/lt\/wp-json\/wp\/v2\/types\/product"}],"wp:featuredmedia":[{"embeddable":true,"href":"https:\/\/kingarms.ee\/lt\/wp-json\/wp\/v2\/media\/132693"}],"wp:attachment":[{"href":"https:\/\/kingarms.ee\/lt\/wp-json\/wp\/v2\/media?parent=150735"}],"wp:term":[{"taxonomy":"product_brand","embeddable":true,"href":"https:\/\/kingarms.ee\/lt\/wp-json\/wp\/v2\/product_brand?post=150735"},{"taxonomy":"product_cat","embeddable":true,"href":"https:\/\/kingarms.ee\/lt\/wp-json\/wp\/v2\/product_cat?post=150735"},{"taxonomy":"product_tag","embeddable":true,"href":"https:\/\/kingarms.ee\/lt\/wp-json\/wp\/v2\/product_tag?post=150735"}],"curies":[{"name":"wp","href":"https:\/\/api.w.org\/{rel}","templated":true}]}}