{"id":150737,"date":"2022-04-18T12:19:58","date_gmt":"2025-06-08T11:54:35","guid":{"rendered":"https:\/\/kingarms.ee\/product\/he403b-gr-elite-micro-green-dot-holosun\/"},"modified":"2025-06-08T14:54:35","modified_gmt":"2025-06-08T11:54:35","slug":"he403b-gr-elite-micro-green-dot-holosun","status":"publish","type":"product","link":"https:\/\/kingarms.ee\/lt\/product\/he403b-gr-elite-micro-green-dot-holosun\/","title":{"rendered":"HE403B GR Elite Micro Green Dot Holosun"},"content":{"rendered":"","protected":false},"excerpt":{"rendered":"<p>HE403B GR Elite Micro Green Dot Holosun<\/p>\n<p>HS403B yra raudonas ta\u0161kas \u017evilgsnio Parolou serijos.<br \/>\nRaid\u0117 B rei\u0161kia, kad akumuliatoriaus skyrius yra de\u0161in\u0117je prietaiso pus\u0117je akumuliatoriaus d\u0117klo pavidalu. Be to, jis neveikia saul\u0117s energija (vir\u0161uje n\u0117ra saul\u0117s kolektoriaus), tod\u0117l \u0161is modelis turi mygtukus ap\u0161vietimo intensyvumui reguliuoti vir\u0161uje, o ne \u0161one.<br \/>\nTai puikus pasirinkimas ne tik standartiniams med\u017eiokliniams \u0161autuvams ir ar \u0161autuvams, bet ir \u0161autuvams, pistoletams, oro \u0161autuvams ir arbaletams.<br \/>\nProdukte yra dreb\u0117jimo funkcija. \u012ejungus, \u012frenginys po kurio laiko persijungs i\u0161 aktyviojo re\u017eimo \u012f miego re\u017eim\u0105, kad b\u016bt\u0173 i\u0161vengta nereikalingo akumuliatoriaus i\u0161sikrovimo. Kai jis bus perkeltas, jis i\u0161kart v\u0117l \u012fsijungs.<br \/>\nD\u0117l Holosun LED technologijos baterija \u0161iame ma\u017eame, kompakti\u0161kame raudon\u0173 ta\u0161k\u0173 taikiklyje tarnauja iki 50 000 valand\u0173.<br \/>\nPagrindin\u0117s savyb\u0117s:<br \/>\n2 MOA ta\u0161kas<br \/>\nkomplektuojamas su \u017eemu ir auk\u0161tu tvirtinimu, skirtu apatiniam tre\u010diajam liudytojui standartin\u0117se ar platformose<br \/>\nPurtyti Miega<br \/>\nta pati montavimo platforma kaip ir Aimpoint Micro \u012frenginiai<br \/>\n12 ap\u0161vietimo intensyvumo lygi\u0173, 2 i\u0161 j\u0173 yra suderinami su NVD<br \/>\nParalaksas nemokamai<br \/>\n50.000 valand\u0173 baterijos veikimo laikas<br \/>\nakumuliatoriaus skyrius de\u0161in\u0117je prietaiso pus\u0117je yra akumuliatoriaus d\u0117klo pavidalu   <\/p>\n","protected":false},"featured_media":116976,"template":"","meta":{"_acf_changed":false},"product_brand":[],"product_cat":[1167,1164],"product_tag":[],"class_list":{"0":"post-150737","1":"product","2":"type-product","3":"status-publish","4":"has-post-thumbnail","6":"product_cat-raudoni-taskiniai-taikiniai","7":"product_cat-vaizdai","9":"first","10":"onbackorder","11":"product-type-simple"},"acf":[],"_links":{"self":[{"href":"https:\/\/kingarms.ee\/lt\/wp-json\/wp\/v2\/product\/150737","targetHints":{"allow":["GET"]}}],"collection":[{"href":"https:\/\/kingarms.ee\/lt\/wp-json\/wp\/v2\/product"}],"about":[{"href":"https:\/\/kingarms.ee\/lt\/wp-json\/wp\/v2\/types\/product"}],"wp:featuredmedia":[{"embeddable":true,"href":"https:\/\/kingarms.ee\/lt\/wp-json\/wp\/v2\/media\/116976"}],"wp:attachment":[{"href":"https:\/\/kingarms.ee\/lt\/wp-json\/wp\/v2\/media?parent=150737"}],"wp:term":[{"taxonomy":"product_brand","embeddable":true,"href":"https:\/\/kingarms.ee\/lt\/wp-json\/wp\/v2\/product_brand?post=150737"},{"taxonomy":"product_cat","embeddable":true,"href":"https:\/\/kingarms.ee\/lt\/wp-json\/wp\/v2\/product_cat?post=150737"},{"taxonomy":"product_tag","embeddable":true,"href":"https:\/\/kingarms.ee\/lt\/wp-json\/wp\/v2\/product_tag?post=150737"}],"curies":[{"name":"wp","href":"https:\/\/api.w.org\/{rel}","templated":true}]}}