{"id":150745,"date":"2022-09-21T13:26:33","date_gmt":"2025-06-08T12:25:37","guid":{"rendered":"https:\/\/kingarms.ee\/product\/pistoleto-spintele-glt-140-k\/"},"modified":"2025-06-08T15:25:37","modified_gmt":"2025-06-08T12:25:37","slug":"pistoleto-spintele-glt-140-k","status":"publish","type":"product","link":"https:\/\/kingarms.ee\/lt\/product\/pistoleto-spintele-glt-140-k\/","title":{"rendered":"Pistoleto spintel\u0117 GLT.140.K"},"content":{"rendered":"<p><span style=\"vertical-align: inherit;\"><span style=\"vertical-align: inherit;\">Ginkl\u0173 spintel\u0117 GLT.140.K<\/span><\/span><\/p>\n<p><img loading=\"lazy\" decoding=\"async\" class=\"alignnone size-medium wp-image-61837\" src=\"https:\/\/kingarms.ee\/wp-content\/uploads\/2022\/09\/GLT.140.K-open-1500x1500-1-300x300.jpeg\" alt=\"\" width=\"300\" height=\"300\" srcset=\"https:\/\/kingarms.ee\/wp-content\/uploads\/2022\/09\/GLT.140.K-open-1500x1500-1-300x300.jpeg 300w, https:\/\/kingarms.ee\/wp-content\/uploads\/2022\/09\/GLT.140.K-open-1500x1500-1-1024x1024.jpeg 1024w, https:\/\/kingarms.ee\/wp-content\/uploads\/2022\/09\/GLT.140.K-open-1500x1500-1-150x150.jpeg 150w, https:\/\/kingarms.ee\/wp-content\/uploads\/2022\/09\/GLT.140.K-open-1500x1500-1-768x768.jpeg 768w, https:\/\/kingarms.ee\/wp-content\/uploads\/2022\/09\/GLT.140.K-open-1500x1500-1-500x500.jpeg 500w, https:\/\/kingarms.ee\/wp-content\/uploads\/2022\/09\/GLT.140.K-open-1500x1500-1.jpeg 1500w\" sizes=\"auto, (max-width: 300px) 100vw, 300px\" \/><\/p>\n","protected":false},"excerpt":{"rendered":"<p><span style=\"vertical-align: inherit;\"><span style=\"vertical-align: inherit;\">Tinka \u0160ratasvyd\u017eio ir pneumatiniams ginklams.<\/span><\/span><\/p>\n<p><span style=\"vertical-align: inherit;\"><span style=\"vertical-align: inherit;\">Maksimalus ginklo auk\u0161tis 1260 mm <\/span><\/span><br \/>\n<span style=\"vertical-align: inherit;\"><span style=\"vertical-align: inherit;\">Seifo tipas ginkl\u0173 <\/span><\/span><br \/>\n<span style=\"vertical-align: inherit;\"><span style=\"vertical-align: inherit;\">I\u0161oriniai matmenys, mm (V\/M \/ G) 1412 mm \/ 260 mm \/ 260 mm <\/span><\/span><br \/>\n<span style=\"vertical-align: inherit;\"><span style=\"vertical-align: inherit;\">Vidiniai matmenys, mm (V\/M \/ G) 1398 mm \/ 258 mm \/ 239 mm <\/span><\/span><br \/>\n<span style=\"vertical-align: inherit;\"><span style=\"vertical-align: inherit;\">Svoris, kg 24 t\u016bris <\/span><\/span><br \/>\n<span style=\"vertical-align: inherit;\"><span style=\"vertical-align: inherit;\">, \u043b 86 <\/span><\/span><br \/>\n<span style=\"vertical-align: inherit;\"><span style=\"vertical-align: inherit;\">Metalo dur\u0173 storis, mm 2,4 <\/span><\/span><br \/>\n<span style=\"vertical-align: inherit;\"><span style=\"vertical-align: inherit;\">U\u017erakinimo sistema rigelin\u0117 (2 Chromuoti aktyv\u016bs besisukantys rygeliai) <\/span><\/span><br \/>\n<span style=\"vertical-align: inherit;\"><span style=\"vertical-align: inherit;\">U\u017eraktas pagrindinis suvaldo tipo u\u017eraktas <\/span><\/span><br \/>\n<span style=\"vertical-align: inherit;\"><span style=\"vertical-align: inherit;\">Antracito pilka (RAL 7016) <\/span><\/span><br \/>\n<span style=\"vertical-align: inherit;\"><span style=\"vertical-align: inherit;\">Dangos tipas polimerinis <\/span><\/span><br \/>\n<span style=\"vertical-align: inherit;\"><span style=\"vertical-align: inherit;\">danga tvirtinimo mazgai sienos tvirtinimo Seifas <\/span><\/span><br \/>\n<span style=\"vertical-align: inherit;\"><span style=\"vertical-align: inherit;\">Kasininkas 1 <\/span><\/span><br \/>\n<span style=\"vertical-align: inherit;\"><span style=\"vertical-align: inherit;\">Ginkl\u0173 skai\u010dius 4 <\/span><\/span><br \/>\n<span style=\"vertical-align: inherit;\"><span style=\"vertical-align: inherit;\">5 met\u0173 konstrukcijos garantija <\/span><\/span><br \/>\n<span style=\"vertical-align: inherit;\"><span style=\"vertical-align: inherit;\">U\u017erakto garantija 1 metai<\/span><\/span><\/p>\n","protected":false},"featured_media":132705,"template":"","meta":{"_acf_changed":false},"product_brand":[],"product_cat":[1270],"product_tag":[],"class_list":{"0":"post-150745","1":"product","2":"type-product","3":"status-publish","4":"has-post-thumbnail","6":"product_cat-safes-lt","8":"first","9":"outofstock","10":"taxable","11":"shipping-taxable","12":"purchasable","13":"product-type-simple"},"acf":[],"_links":{"self":[{"href":"https:\/\/kingarms.ee\/lt\/wp-json\/wp\/v2\/product\/150745","targetHints":{"allow":["GET"]}}],"collection":[{"href":"https:\/\/kingarms.ee\/lt\/wp-json\/wp\/v2\/product"}],"about":[{"href":"https:\/\/kingarms.ee\/lt\/wp-json\/wp\/v2\/types\/product"}],"wp:featuredmedia":[{"embeddable":true,"href":"https:\/\/kingarms.ee\/lt\/wp-json\/wp\/v2\/media\/132705"}],"wp:attachment":[{"href":"https:\/\/kingarms.ee\/lt\/wp-json\/wp\/v2\/media?parent=150745"}],"wp:term":[{"taxonomy":"product_brand","embeddable":true,"href":"https:\/\/kingarms.ee\/lt\/wp-json\/wp\/v2\/product_brand?post=150745"},{"taxonomy":"product_cat","embeddable":true,"href":"https:\/\/kingarms.ee\/lt\/wp-json\/wp\/v2\/product_cat?post=150745"},{"taxonomy":"product_tag","embeddable":true,"href":"https:\/\/kingarms.ee\/lt\/wp-json\/wp\/v2\/product_tag?post=150745"}],"curies":[{"name":"wp","href":"https:\/\/api.w.org\/{rel}","templated":true}]}}