{"id":150746,"date":"2022-09-12T17:12:34","date_gmt":"2025-06-08T12:29:10","guid":{"rendered":"https:\/\/kingarms.ee\/product\/naktinis-stebejimas-prietaisas-l-shine-ls-650-6x50\/"},"modified":"2025-06-08T15:29:10","modified_gmt":"2025-06-08T12:29:10","slug":"naktinis-stebejimas-prietaisas-l-shine-ls-650-6x50","status":"publish","type":"product","link":"https:\/\/kingarms.ee\/lt\/product\/naktinis-stebejimas-prietaisas-l-shine-ls-650-6x50\/","title":{"rendered":"Naktinis steb\u0117jimas prietaisas-L-Shine LS-650 6&#215;50"},"content":{"rendered":"<p><img loading=\"lazy\" decoding=\"async\" class=\"alignnone size-medium wp-image-61541\" src=\"https:\/\/kingarms.ee\/wp-content\/uploads\/2022\/09\/monokular-cyfrowy-noktowizor-l-shine-ls-650-6x50-1-300x300.jpeg\" alt=\"\" width=\"300\" height=\"300\" srcset=\"https:\/\/kingarms.ee\/wp-content\/uploads\/2022\/09\/monokular-cyfrowy-noktowizor-l-shine-ls-650-6x50-1-300x300.jpeg 300w, https:\/\/kingarms.ee\/wp-content\/uploads\/2022\/09\/monokular-cyfrowy-noktowizor-l-shine-ls-650-6x50-1-150x150.jpeg 150w, https:\/\/kingarms.ee\/wp-content\/uploads\/2022\/09\/monokular-cyfrowy-noktowizor-l-shine-ls-650-6x50-1-768x768.jpeg 768w, https:\/\/kingarms.ee\/wp-content\/uploads\/2022\/09\/monokular-cyfrowy-noktowizor-l-shine-ls-650-6x50-1-500x500.jpeg 500w, https:\/\/kingarms.ee\/wp-content\/uploads\/2022\/09\/monokular-cyfrowy-noktowizor-l-shine-ls-650-6x50-1.jpeg 950w\" sizes=\"auto, (max-width: 300px) 100vw, 300px\" \/><\/p>\n","protected":false},"excerpt":{"rendered":"<p>Naktinis steb\u0117jimas prietaisas-L-Shine LS-650 6&#215;50<\/p>\n<p>L-Shine LS &#8211; 650 yra nedidelis skaitmeninis pakilimo reg\u0117jimo \u0161ou, Masonas, skirtas dienos ir nakties steb\u0117jimui. D\u0117l efektyvaus 5 mph CMOS jutiklio efektyvus steb\u0117jimo diapazonas siekia 500 m (i\u0161bandytas). Tai kartu su galimybe filmuoti ir filmuoti suteikia med\u017eiotojams, gamtos steb\u0117tojams ir privatiems detektyvams didel\u012f veiksmo potencial\u0105.  <\/p>\n<p>L-Shine LS 650 skaitmeninio naktinio matymo prietaiso specifikacija<br \/>\nKampo matymo laukas taip, 4 laipsniai<br \/>\n1.5 TFT LCD ekranas<br \/>\nMicroSD atminties korteli\u0173 palaikymas iki 32 GB<br \/>\n850 nm infraraudon\u0173j\u0173 spinduli\u0173 \u0161viesa<br \/>\nMatymo lauko plotis ca 100 m atstumu yra ca 6,8 m<br \/>\nSkaitmeninis priartinimas iki 5 kart\u0173<br \/>\nMaksimalus diapazonas yra 500 m (i\u0161bandyta)<br \/>\nAki\u0173 atstumas 20 mm<br \/>\nDidinimas 6-30 kart\u0173<br \/>\nOptinis priartinimas 6 kart\u0173 priartinimas<br \/>\nOkuliaro plotis 18 mm<br \/>\nNuotrauk\u0173 rai\u0161ka 2592 * 1944 1600 * 1200 640 * 480<br \/>\nMaitinimo \u0161altinis 4 AA<br \/>\nMatmenys 208 mm<br \/>\nSvoris 765 g<br \/>\nObjektyvo skersmuo 50 mm 1<\/p>\n","protected":false},"featured_media":123302,"template":"","meta":{"_acf_changed":false},"product_brand":[],"product_cat":[1176],"product_tag":[],"class_list":{"0":"post-150746","1":"product","2":"type-product","3":"status-publish","4":"has-post-thumbnail","6":"product_cat-naktinio-matymo-iranga","8":"first","9":"instock","10":"taxable","11":"shipping-taxable","12":"purchasable","13":"product-type-simple"},"acf":[],"_links":{"self":[{"href":"https:\/\/kingarms.ee\/lt\/wp-json\/wp\/v2\/product\/150746","targetHints":{"allow":["GET"]}}],"collection":[{"href":"https:\/\/kingarms.ee\/lt\/wp-json\/wp\/v2\/product"}],"about":[{"href":"https:\/\/kingarms.ee\/lt\/wp-json\/wp\/v2\/types\/product"}],"wp:featuredmedia":[{"embeddable":true,"href":"https:\/\/kingarms.ee\/lt\/wp-json\/wp\/v2\/media\/123302"}],"wp:attachment":[{"href":"https:\/\/kingarms.ee\/lt\/wp-json\/wp\/v2\/media?parent=150746"}],"wp:term":[{"taxonomy":"product_brand","embeddable":true,"href":"https:\/\/kingarms.ee\/lt\/wp-json\/wp\/v2\/product_brand?post=150746"},{"taxonomy":"product_cat","embeddable":true,"href":"https:\/\/kingarms.ee\/lt\/wp-json\/wp\/v2\/product_cat?post=150746"},{"taxonomy":"product_tag","embeddable":true,"href":"https:\/\/kingarms.ee\/lt\/wp-json\/wp\/v2\/product_tag?post=150746"}],"curies":[{"name":"wp","href":"https:\/\/api.w.org\/{rel}","templated":true}]}}