{"id":150750,"date":"2022-09-12T16:16:42","date_gmt":"2025-06-08T12:34:25","guid":{"rendered":"https:\/\/kingarms.ee\/product\/naktinis-stebejimo-itaisas-sytelong-ht-60-lrf-850-nm\/"},"modified":"2025-06-08T15:34:25","modified_gmt":"2025-06-08T12:34:25","slug":"naktinis-stebejimo-itaisas-sytelong-ht-60-lrf-850-nm","status":"publish","type":"product","link":"https:\/\/kingarms.ee\/lt\/product\/naktinis-stebejimo-itaisas-sytelong-ht-60-lrf-850-nm\/","title":{"rendered":"Naktinis steb\u0117jimo \u012ftaisas &#8211; \u201eSytelong HT -60 LRF 850 Nm\u201c"},"content":{"rendered":"<p>Naktinis steb\u0117jimo \u012ftaisas &#8211; \u201eSytelong HT -60 LRF 850 Nm\u201c<\/p>\n<p><img loading=\"lazy\" decoding=\"async\" class=\"alignnone size-medium wp-image-61493\" src=\"https:\/\/kingarms.ee\/wp-content\/uploads\/2022\/09\/ht-60lrf_4_1_1-300x211.png\" alt=\"\" width=\"300\" height=\"211\" srcset=\"https:\/\/kingarms.ee\/wp-content\/uploads\/2022\/09\/ht-60lrf_4_1_1-300x211.png 300w, https:\/\/kingarms.ee\/wp-content\/uploads\/2022\/09\/ht-60lrf_4_1_1-1024x719.png 1024w, https:\/\/kingarms.ee\/wp-content\/uploads\/2022\/09\/ht-60lrf_4_1_1-768x539.png 768w, https:\/\/kingarms.ee\/wp-content\/uploads\/2022\/09\/ht-60lrf_4_1_1-1536x1079.png 1536w, https:\/\/kingarms.ee\/wp-content\/uploads\/2022\/09\/ht-60lrf_4_1_1-500x351.png 500w, https:\/\/kingarms.ee\/wp-content\/uploads\/2022\/09\/ht-60lrf_4_1_1-150x105.png 150w, https:\/\/kingarms.ee\/wp-content\/uploads\/2022\/09\/ht-60lrf_4_1_1.png 1709w\" sizes=\"auto, (max-width: 300px) 100vw, 300px\" \/><\/p>\n<p>&nbsp;<\/p>\n","protected":false},"excerpt":{"rendered":"<p>Universalus taikymas. Su labai jautriu 1920h1080 CMOS jutikliu ir 1024H768 AMOLED ekranu, Sytong HT-60 LRF dienos ir nakties skaitmeninis reg\u0117jimas suteikia steb\u0117tojui auk\u0161tos kokyb\u0117s ir prasming\u0105 vaizd\u0105 kiekviename ap\u0161vietimo lygyje: spalva, nat\u016brali spalva, dienos ir didelis ap\u0161vietimas. &#8211; kontrastas tarp juodos ir baltos spalvos nakt\u012f. Siekiant u\u017etikrinti, kad informacija ekrane b\u016bt\u0173 kuo lengviau &#8220;skaitoma&#8221; ir atpa\u017e\u012fstama bet kuriuo paros metu, yra 5 laipsni\u0173 ekrano ry\u0161kumas (nuo itin ry\u0161kaus iki itin tamsaus).   <\/p>\n<p>&lt;Pagrindiniai parametrai ir funkcijos<br \/>\n\u012emontuotas Lazerinis nuotolio ie\u0161kiklis, matmenys nuo 5 m iki 1 km.<br \/>\nLazerinis IR \u0161viestuvas 850Nm 700MV, 3 galios lygiai.<br \/>\nSteb\u0117jimo diapazonas visi\u0161koje tamsoje su ap\u0161vietimu &#8211; 200 m.<br \/>\nDidinimas-6,5 arba 13 kart\u0173. Pip (paveiksl\u0117lis paveiksl\u0117lyje) parinktis.<br \/>\n2 veikimo re\u017eimai:&#8221; Diena &#8220;(spalva),&#8221; naktis &#8221; (juoda ir balta).<br \/>\nLabai jautri CMOS matrica. Prad\u017eios laikas &lt; encoded_tag_open &gt; 2 s .<br \/>\n1024erg 768 AMOLED ekranas, ry\u0161kumas ir ekspozicija reguliuojamas.<br \/>\nIntegruotas funkcionalumas: lazerinis \u017eymeklis, giroskopas.<br \/>\nKei\u010diami taikymo simboliai (7 tipai + &#8220;be tinklelio&#8221; re\u017eimas).<br \/>\n5 steb\u0117jimo profiliai. Fotografavimas naudojant &#8220;vien\u0105 &#8221; kaset\u0119&#8221;<br \/>\nIki 6 valand\u0173 nepertraukiamo darbo,&#8221; miego &#8221; re\u017eimas.<br \/>\nRankinis okuliaro ir objektyvo fokusavimas (nuo 3 m).<br \/>\nBelaidis internetas, HDMI, vaizdo \u012fra\u0161ymo \u012frenginys.    Micro SD\/TF kaardi pesa.<br \/>\nVeekindel IP67, tagasil\u00f6\u00f6gikindlus kuni 6000 J.<br \/>\nKaasas Weaver\/Picatinny siini kinnitus.<br \/>\nTestitud t\u00f6\u00f6temperatuuridel -20 \u00b0C&#8230;+50 \u00b0C.<\/p>\n","protected":false},"featured_media":123268,"template":"","meta":{"_acf_changed":false},"product_brand":[],"product_cat":[1176],"product_tag":[],"class_list":{"0":"post-150750","1":"product","2":"type-product","3":"status-publish","4":"has-post-thumbnail","6":"product_cat-naktinio-matymo-iranga","8":"first","9":"onbackorder","10":"taxable","11":"shipping-taxable","12":"product-type-simple"},"acf":[],"_links":{"self":[{"href":"https:\/\/kingarms.ee\/lt\/wp-json\/wp\/v2\/product\/150750","targetHints":{"allow":["GET"]}}],"collection":[{"href":"https:\/\/kingarms.ee\/lt\/wp-json\/wp\/v2\/product"}],"about":[{"href":"https:\/\/kingarms.ee\/lt\/wp-json\/wp\/v2\/types\/product"}],"wp:featuredmedia":[{"embeddable":true,"href":"https:\/\/kingarms.ee\/lt\/wp-json\/wp\/v2\/media\/123268"}],"wp:attachment":[{"href":"https:\/\/kingarms.ee\/lt\/wp-json\/wp\/v2\/media?parent=150750"}],"wp:term":[{"taxonomy":"product_brand","embeddable":true,"href":"https:\/\/kingarms.ee\/lt\/wp-json\/wp\/v2\/product_brand?post=150750"},{"taxonomy":"product_cat","embeddable":true,"href":"https:\/\/kingarms.ee\/lt\/wp-json\/wp\/v2\/product_cat?post=150750"},{"taxonomy":"product_tag","embeddable":true,"href":"https:\/\/kingarms.ee\/lt\/wp-json\/wp\/v2\/product_tag?post=150750"}],"curies":[{"name":"wp","href":"https:\/\/api.w.org\/{rel}","templated":true}]}}