{"id":150752,"date":"2022-08-01T15:28:56","date_gmt":"2025-06-08T12:37:04","guid":{"rendered":"https:\/\/kingarms.ee\/product\/ziemos-pro-medziokles-klubas-balta-remington\/"},"modified":"2025-06-08T15:37:04","modified_gmt":"2025-06-08T12:37:04","slug":"ziemos-pro-medziokles-klubas-balta-remington","status":"publish","type":"product","link":"https:\/\/kingarms.ee\/lt\/product\/ziemos-pro-medziokles-klubas-balta-remington\/","title":{"rendered":"\u017diemos Pro Med\u017eiokl\u0117s Klubas Balta (Remington)"},"content":{"rendered":"<p>\u017diemos Pro Med\u017eiokl\u0117s Klubas Balta (Remington)<\/p>\n<p><img loading=\"lazy\" decoding=\"async\" class=\"alignnone size-medium wp-image-62045\" src=\"https:\/\/kingarms.ee\/wp-content\/uploads\/2022\/08\/%D0%9A%D0%BE%D1%81%D1%82%D1%8E%D0%BC_Remington_Pro_Hunting_Club_White_3-2-205x300.jpeg\" alt=\"\" width=\"205\" height=\"300\"><\/p>\n<p>&nbsp;<\/p>\n","protected":false},"excerpt":{"rendered":"<p>Baltas Remington Pro Hunting Club \u017eieminis kostiumas kariams ir Med\u017eiotojams yra pagamintas i\u0161 tylios med\u017eiagos ir atitinka visus \u0161iuolaikinius standartus. Naudojama climate pro membrana sukuria maksimal\u0173 atsparum\u0105 vandeniui ir padidina objekto gar\u0173 pralaidum\u0105. Viduje, net ir esant dideliam fiziniam kr\u016bviui, jis yra sausas, i\u0161orin\u0117 dr\u0117gm\u0117 nepatenka \u012f k\u016bn\u0105.  <\/p>\n<p>Temperat\u016bros diapazonas iki-35didelis C<br \/>\nGar\u0173 pralaidumas 12000 g \/ m2<br \/>\nAtsparumas vandeniui 10000 mm<br \/>\nIzoliacija Pro Heat 280 gr.<br \/>\nClimate pro membrana<br \/>\nMed\u017eiaga 100% poliesteris<br \/>\nSezonas \u017diema<br \/>\nPaskirties karas, Med\u017eiokl\u0117, Turizmas<br \/>\nPrivalumai atsparus vandeniui, v\u0117jui, \u0161ilumos izoliacija, atsparus \u0161al\u010diui<br \/>\nGamintojas Remington<br \/>\nSpalva Balta<\/p>\n","protected":false},"featured_media":132883,"template":"","meta":{"_acf_changed":false},"product_brand":[],"product_cat":[1227],"product_tag":[],"class_list":{"0":"post-150752","1":"product","2":"type-product","3":"status-publish","4":"has-post-thumbnail","6":"product_cat-rinkiniai","8":"first","9":"instock","10":"sale","11":"taxable","12":"shipping-taxable","13":"purchasable","14":"product-type-simple"},"acf":[],"_links":{"self":[{"href":"https:\/\/kingarms.ee\/lt\/wp-json\/wp\/v2\/product\/150752","targetHints":{"allow":["GET"]}}],"collection":[{"href":"https:\/\/kingarms.ee\/lt\/wp-json\/wp\/v2\/product"}],"about":[{"href":"https:\/\/kingarms.ee\/lt\/wp-json\/wp\/v2\/types\/product"}],"wp:featuredmedia":[{"embeddable":true,"href":"https:\/\/kingarms.ee\/lt\/wp-json\/wp\/v2\/media\/132883"}],"wp:attachment":[{"href":"https:\/\/kingarms.ee\/lt\/wp-json\/wp\/v2\/media?parent=150752"}],"wp:term":[{"taxonomy":"product_brand","embeddable":true,"href":"https:\/\/kingarms.ee\/lt\/wp-json\/wp\/v2\/product_brand?post=150752"},{"taxonomy":"product_cat","embeddable":true,"href":"https:\/\/kingarms.ee\/lt\/wp-json\/wp\/v2\/product_cat?post=150752"},{"taxonomy":"product_tag","embeddable":true,"href":"https:\/\/kingarms.ee\/lt\/wp-json\/wp\/v2\/product_tag?post=150752"}],"curies":[{"name":"wp","href":"https:\/\/api.w.org\/{rel}","templated":true}]}}