{"id":150759,"date":"2022-08-01T15:00:16","date_gmt":"2022-08-01T12:00:16","guid":{"rendered":"https:\/\/kingarms.ee\/product\/remington-ekstremalus\/"},"modified":"2025-06-08T15:41:16","modified_gmt":"2025-06-08T12:41:16","slug":"remington-ekstremalus","status":"publish","type":"product","link":"https:\/\/kingarms.ee\/lt\/product\/remington-ekstremalus\/","title":{"rendered":"Remington Ekstremalus"},"content":{"rendered":"<p><img loading=\"lazy\" decoding=\"async\" class=\"alignnone size-medium wp-image-61232\" src=\"https:\/\/kingarms.ee\/wp-content\/uploads\/2022\/08\/40f05ff2-abd0-11ea-80fa-00155dc12307_40f05ff3-abd0-11ea-80fa-00155dc12307-2-300x300.png\" alt=\"\" width=\"300\" height=\"300\" srcset=\"https:\/\/kingarms.ee\/wp-content\/uploads\/2022\/08\/40f05ff2-abd0-11ea-80fa-00155dc12307_40f05ff3-abd0-11ea-80fa-00155dc12307-2-300x300.png 300w, https:\/\/kingarms.ee\/wp-content\/uploads\/2022\/08\/40f05ff2-abd0-11ea-80fa-00155dc12307_40f05ff3-abd0-11ea-80fa-00155dc12307-2-1024x1024.png 1024w, https:\/\/kingarms.ee\/wp-content\/uploads\/2022\/08\/40f05ff2-abd0-11ea-80fa-00155dc12307_40f05ff3-abd0-11ea-80fa-00155dc12307-2-150x150.png 150w, https:\/\/kingarms.ee\/wp-content\/uploads\/2022\/08\/40f05ff2-abd0-11ea-80fa-00155dc12307_40f05ff3-abd0-11ea-80fa-00155dc12307-2-768x768.png 768w, https:\/\/kingarms.ee\/wp-content\/uploads\/2022\/08\/40f05ff2-abd0-11ea-80fa-00155dc12307_40f05ff3-abd0-11ea-80fa-00155dc12307-2-500x500.png 500w, https:\/\/kingarms.ee\/wp-content\/uploads\/2022\/08\/40f05ff2-abd0-11ea-80fa-00155dc12307_40f05ff3-abd0-11ea-80fa-00155dc12307-2.png 1200w\" sizes=\"auto, (max-width: 300px) 100vw, 300px\" \/><\/p>\n","protected":false},"excerpt":{"rendered":"<div><span style=\"font-size: large;\"><b>Remington Ekstremalus<\/b><\/span><\/div>\n<div>\n<ul>\n<li>Palaiko patogi\u0105 temperat\u016br\u0105<\/li>\n<li>Antibakterinis poveikis<\/li>\n<li>Didelis kv\u0117pavimas<\/li>\n<li>Dr\u0117gm\u0117s pa\u0161alinimas ir greitas d\u017eiovinimas<\/li>\n<\/ul>\n<\/div>\n<div>Med\u017eiagos: 100% dvipusis poliesteris<\/div>\n<div>Izoliacija: 230 g \/ m2 Polarflis<\/div>\n<div>Temperat\u016bros diapazonas: iki-35adg C<\/div>\n","protected":false},"featured_media":123185,"template":"","meta":{"_acf_changed":false},"product_brand":[],"product_cat":[1237],"product_tag":[],"class_list":{"0":"post-150759","1":"product","2":"type-product","3":"status-publish","4":"has-post-thumbnail","6":"product_cat-silumos-apatiniai","8":"first","9":"instock","10":"sale","11":"taxable","12":"shipping-taxable","13":"purchasable","14":"product-type-variable"},"acf":[],"_links":{"self":[{"href":"https:\/\/kingarms.ee\/lt\/wp-json\/wp\/v2\/product\/150759","targetHints":{"allow":["GET"]}}],"collection":[{"href":"https:\/\/kingarms.ee\/lt\/wp-json\/wp\/v2\/product"}],"about":[{"href":"https:\/\/kingarms.ee\/lt\/wp-json\/wp\/v2\/types\/product"}],"wp:featuredmedia":[{"embeddable":true,"href":"https:\/\/kingarms.ee\/lt\/wp-json\/wp\/v2\/media\/123185"}],"wp:attachment":[{"href":"https:\/\/kingarms.ee\/lt\/wp-json\/wp\/v2\/media?parent=150759"}],"wp:term":[{"taxonomy":"product_brand","embeddable":true,"href":"https:\/\/kingarms.ee\/lt\/wp-json\/wp\/v2\/product_brand?post=150759"},{"taxonomy":"product_cat","embeddable":true,"href":"https:\/\/kingarms.ee\/lt\/wp-json\/wp\/v2\/product_cat?post=150759"},{"taxonomy":"product_tag","embeddable":true,"href":"https:\/\/kingarms.ee\/lt\/wp-json\/wp\/v2\/product_tag?post=150759"}],"curies":[{"name":"wp","href":"https:\/\/api.w.org\/{rel}","templated":true}]}}