{"id":150768,"date":"2022-08-01T14:27:58","date_gmt":"2025-06-08T12:45:36","guid":{"rendered":"https:\/\/kingarms.ee\/product\/ausines-ausines-mikrofonas-z-tactical-2\/"},"modified":"2025-06-08T15:45:36","modified_gmt":"2025-06-08T12:45:36","slug":"ausines-ausines-mikrofonas-z-tactical-2","status":"publish","type":"product","link":"https:\/\/kingarms.ee\/lt\/product\/ausines-ausines-mikrofonas-z-tactical-2\/","title":{"rendered":"Ausin\u0117s (ausin\u0117s + mikrofonas) (Z-Tactical)"},"content":{"rendered":"<p>Ausin\u0117s (ausin\u0117s + mikrofonas) (Z-Tactical)<\/p>\n<p>\\<img loading=\"lazy\" decoding=\"async\" class=\"alignnone size-medium wp-image-61188\" src=\"https:\/\/kingarms.ee\/wp-content\/uploads\/2022\/08\/z-tactical-bowman-evo-iii-headset-300x300.jpeg\" alt=\"\" width=\"300\" height=\"300\" srcset=\"https:\/\/kingarms.ee\/wp-content\/uploads\/2022\/08\/z-tactical-bowman-evo-iii-headset-300x300.jpeg 300w, https:\/\/kingarms.ee\/wp-content\/uploads\/2022\/08\/z-tactical-bowman-evo-iii-headset-150x150.jpeg 150w, https:\/\/kingarms.ee\/wp-content\/uploads\/2022\/08\/z-tactical-bowman-evo-iii-headset-768x768.jpeg 768w, https:\/\/kingarms.ee\/wp-content\/uploads\/2022\/08\/z-tactical-bowman-evo-iii-headset-500x500.jpeg 500w, https:\/\/kingarms.ee\/wp-content\/uploads\/2022\/08\/z-tactical-bowman-evo-iii-headset.jpeg 1000w\" sizes=\"auto, (max-width: 300px) 100vw, 300px\" \/><\/p>\n","protected":false},"excerpt":{"rendered":"<p>Ausini\u0173 rinkinys su mikrofonu i\u0161 gamintojo Z Tactical. Gaminio korpusas pagamintas i\u0161 plastiko, galvos d\u0117klas arba galvos laikiklis pagamintas i\u0161 elastingos mink\u0161tos med\u017eiagos. Gaminys turi karinio ki\u0161tuko tipo antgal\u012f,kuris jungiamas prie mygtuko push to talk.  <\/p>\n","protected":false},"featured_media":123157,"template":"","meta":{"_acf_changed":false},"product_brand":[],"product_cat":[1268],"product_tag":[],"class_list":{"0":"post-150768","1":"product","2":"type-product","3":"status-publish","4":"has-post-thumbnail","6":"product_cat-priedai-lt-2","8":"first","9":"instock","10":"taxable","11":"shipping-taxable","12":"purchasable","13":"product-type-simple"},"acf":[],"_links":{"self":[{"href":"https:\/\/kingarms.ee\/lt\/wp-json\/wp\/v2\/product\/150768","targetHints":{"allow":["GET"]}}],"collection":[{"href":"https:\/\/kingarms.ee\/lt\/wp-json\/wp\/v2\/product"}],"about":[{"href":"https:\/\/kingarms.ee\/lt\/wp-json\/wp\/v2\/types\/product"}],"wp:featuredmedia":[{"embeddable":true,"href":"https:\/\/kingarms.ee\/lt\/wp-json\/wp\/v2\/media\/123157"}],"wp:attachment":[{"href":"https:\/\/kingarms.ee\/lt\/wp-json\/wp\/v2\/media?parent=150768"}],"wp:term":[{"taxonomy":"product_brand","embeddable":true,"href":"https:\/\/kingarms.ee\/lt\/wp-json\/wp\/v2\/product_brand?post=150768"},{"taxonomy":"product_cat","embeddable":true,"href":"https:\/\/kingarms.ee\/lt\/wp-json\/wp\/v2\/product_cat?post=150768"},{"taxonomy":"product_tag","embeddable":true,"href":"https:\/\/kingarms.ee\/lt\/wp-json\/wp\/v2\/product_tag?post=150768"}],"curies":[{"name":"wp","href":"https:\/\/api.w.org\/{rel}","templated":true}]}}