{"id":150770,"date":"2023-06-26T17:10:07","date_gmt":"2025-06-08T12:53:34","guid":{"rendered":"https:\/\/kingarms.ee\/product\/ruike-fang-p105-k\/"},"modified":"2025-06-08T15:53:34","modified_gmt":"2025-06-08T12:53:34","slug":"ruike-fang-p105-k","status":"publish","type":"product","link":"https:\/\/kingarms.ee\/lt\/product\/ruike-fang-p105-k\/","title":{"rendered":"Ruike Fang P105-K"},"content":{"rendered":"<p><img loading=\"lazy\" decoding=\"async\" class=\"alignnone size-medium wp-image-79372\" src=\"https:\/\/kingarms.ee\/wp-content\/uploads\/2023\/06\/p128sb_fr-1-300x300.jpg\" alt=\"\" width=\"300\" height=\"300\" srcset=\"https:\/\/kingarms.ee\/wp-content\/uploads\/2023\/06\/p128sb_fr-1-300x300.jpg 300w, https:\/\/kingarms.ee\/wp-content\/uploads\/2023\/06\/p128sb_fr-1-150x150.jpg 150w, https:\/\/kingarms.ee\/wp-content\/uploads\/2023\/06\/p128sb_fr-1-768x768.jpg 768w, https:\/\/kingarms.ee\/wp-content\/uploads\/2023\/06\/p128sb_fr-1-500x500.jpg 500w, https:\/\/kingarms.ee\/wp-content\/uploads\/2023\/06\/p128sb_fr-1.jpg 850w\" sizes=\"auto, (max-width: 300px) 100vw, 300px\" \/><\/p>\n","protected":false},"excerpt":{"rendered":"<p>Ruike Fang P105-K yra universalus vyri\u0173 peilis su dideliu, stabiliu ir ypa\u010d a\u0161triu peiliu. D\u0117l rutulini\u0173 guoli\u0173 a\u0161men\u0173 peilio atidarymas yra lengvas ir lygus. Gra\u017ei ir ergonomi\u0161ka P105 rankena pagaminta i\u0161 G10 kompozicin\u0117s med\u017eiagos ir sujungta su ner\u016bdijan\u010diu plienu. Kaip a\u0161men\u0173 med\u017eiaga naudojamas \u0161vedi\u0161kas Sandvik 14c28n peilio plienas. Tai vienas populiariausi\u0173 Ruike peili\u0173, si\u016blantis labai ger\u0105 kainos ir kokyb\u0117s santyk\u012f.    <\/p>\n","protected":false},"featured_media":132858,"template":"","meta":{"_acf_changed":false},"product_brand":[],"product_cat":[1259],"product_tag":[],"class_list":{"0":"post-150770","1":"product","2":"type-product","3":"status-publish","4":"has-post-thumbnail","6":"product_cat-peiliai","8":"first","9":"onbackorder","10":"taxable","11":"shipping-taxable","12":"product-type-simple"},"acf":[],"_links":{"self":[{"href":"https:\/\/kingarms.ee\/lt\/wp-json\/wp\/v2\/product\/150770","targetHints":{"allow":["GET"]}}],"collection":[{"href":"https:\/\/kingarms.ee\/lt\/wp-json\/wp\/v2\/product"}],"about":[{"href":"https:\/\/kingarms.ee\/lt\/wp-json\/wp\/v2\/types\/product"}],"wp:featuredmedia":[{"embeddable":true,"href":"https:\/\/kingarms.ee\/lt\/wp-json\/wp\/v2\/media\/132858"}],"wp:attachment":[{"href":"https:\/\/kingarms.ee\/lt\/wp-json\/wp\/v2\/media?parent=150770"}],"wp:term":[{"taxonomy":"product_brand","embeddable":true,"href":"https:\/\/kingarms.ee\/lt\/wp-json\/wp\/v2\/product_brand?post=150770"},{"taxonomy":"product_cat","embeddable":true,"href":"https:\/\/kingarms.ee\/lt\/wp-json\/wp\/v2\/product_cat?post=150770"},{"taxonomy":"product_tag","embeddable":true,"href":"https:\/\/kingarms.ee\/lt\/wp-json\/wp\/v2\/product_tag?post=150770"}],"curies":[{"name":"wp","href":"https:\/\/api.w.org\/{rel}","templated":true}]}}