{"id":150771,"date":"2023-06-26T17:06:38","date_gmt":"2025-06-08T13:06:14","guid":{"rendered":"https:\/\/kingarms.ee\/product\/ruike-p128-sb\/"},"modified":"2025-06-08T16:06:14","modified_gmt":"2025-06-08T13:06:14","slug":"ruike-p128-sb","status":"publish","type":"product","link":"https:\/\/kingarms.ee\/lt\/product\/ruike-p128-sb\/","title":{"rendered":"RUIKE P128-SB"},"content":{"rendered":"<p><img loading=\"lazy\" decoding=\"async\" class=\"alignnone size-medium wp-image-79352\" src=\"https:\/\/kingarms.ee\/wp-content\/uploads\/2023\/06\/p128sb_fr-300x300.jpg\" alt=\"\" width=\"300\" height=\"300\" srcset=\"https:\/\/kingarms.ee\/wp-content\/uploads\/2023\/06\/p128sb_fr-300x300.jpg 300w, https:\/\/kingarms.ee\/wp-content\/uploads\/2023\/06\/p128sb_fr-150x150.jpg 150w, https:\/\/kingarms.ee\/wp-content\/uploads\/2023\/06\/p128sb_fr.jpg 380w\" sizes=\"auto, (max-width: 300px) 100vw, 300px\" \/><\/p>\n","protected":false},"excerpt":{"rendered":"<p>Ruike P128-SB yra stilingas ir tvirtas taktinis peilis, idealiai tinkantis pjovimui, pjovimui ir prad\u016brimui. P128 yra visi\u0161kai pagamintas i\u0161 ner\u016bdijan\u010dio plieno. A\u0161men\u0173 med\u017eiaga yra Sandvik 14c28n, o rankenos med\u017eiaga yra 420 ner\u016bdijan\u010dio plieno. Peilio a\u0161menys montuojami ant i\u0161 anksto sutept\u0173 atramini\u0173 rutulini\u0173 guoli\u0173 ir, be standartin\u0117s r\u0117mo u\u017erakto fiksavimo sistemos, turi papildom\u0105 Beta Plus fiksavimo sistem\u0105 i\u0161 Ruike.   <\/p>\n<p>Ruike P128 yra dviej\u0173 skirting\u0173 pavir\u0161iaus apdail\u0173. Modelis P128-SF turi nat\u016bral\u0173 \u0161lifuoto pavir\u0161iaus na\u0161um\u0105 (\u0161epet\u012f). Modelis P128-SB turi tamsaus akmens plovimo <em>pavir\u0161iaus <\/em>apdorojim\u0105.  <\/p>\n","protected":false},"featured_media":133273,"template":"","meta":{"_acf_changed":false},"product_brand":[],"product_cat":[1259],"product_tag":[],"class_list":{"0":"post-150771","1":"product","2":"type-product","3":"status-publish","4":"has-post-thumbnail","6":"product_cat-peiliai","8":"first","9":"onbackorder","10":"taxable","11":"shipping-taxable","12":"product-type-simple"},"acf":[],"_links":{"self":[{"href":"https:\/\/kingarms.ee\/lt\/wp-json\/wp\/v2\/product\/150771","targetHints":{"allow":["GET"]}}],"collection":[{"href":"https:\/\/kingarms.ee\/lt\/wp-json\/wp\/v2\/product"}],"about":[{"href":"https:\/\/kingarms.ee\/lt\/wp-json\/wp\/v2\/types\/product"}],"wp:featuredmedia":[{"embeddable":true,"href":"https:\/\/kingarms.ee\/lt\/wp-json\/wp\/v2\/media\/133273"}],"wp:attachment":[{"href":"https:\/\/kingarms.ee\/lt\/wp-json\/wp\/v2\/media?parent=150771"}],"wp:term":[{"taxonomy":"product_brand","embeddable":true,"href":"https:\/\/kingarms.ee\/lt\/wp-json\/wp\/v2\/product_brand?post=150771"},{"taxonomy":"product_cat","embeddable":true,"href":"https:\/\/kingarms.ee\/lt\/wp-json\/wp\/v2\/product_cat?post=150771"},{"taxonomy":"product_tag","embeddable":true,"href":"https:\/\/kingarms.ee\/lt\/wp-json\/wp\/v2\/product_tag?post=150771"}],"curies":[{"name":"wp","href":"https:\/\/api.w.org\/{rel}","templated":true}]}}