{"id":150773,"date":"2022-11-28T18:51:56","date_gmt":"2025-06-08T13:52:58","guid":{"rendered":"https:\/\/kingarms.ee\/product\/atnaujinimo-rinkinys-skirtas\/"},"modified":"2025-06-08T16:52:58","modified_gmt":"2025-06-08T13:52:58","slug":"atnaujinimo-rinkinys-skirtas","status":"publish","type":"product","link":"https:\/\/kingarms.ee\/lt\/product\/atnaujinimo-rinkinys-skirtas\/","title":{"rendered":"Atnaujinimo rinkinys, skirtas."},"content":{"rendered":"","protected":false},"excerpt":{"rendered":"<p>Atnaujinimo rinkinys, skirtas.<\/p>\n<p>Papildom\u0173 galandimo element\u0173 rinkinys darbui a\u0161tri\u0173 tikslumo reguliavimo sistema. Apima tris strypus, suderinamus su sistema, kad b\u016bt\u0173 u\u017etikrintas pastovus galandimo kampas: <\/p>\n<p>&#8211; Pirmajame yra 220, 320 ir 400 gradacijos deimantin\u0117s plok\u0161t\u0117s.<br \/>\n&#8211; Antrame yra dvi 600 ir 800 gradacijos deimantin\u0117s plok\u0161t\u0117s, taip pat smulkus Keraminis akmuo<br \/>\n&#8211; Tre\u010diasis yra odos dry\u017euotas \u012fd\u0117klas, skirtas galutiniam pjovimo kra\u0161to i\u0161lyginimui ir poliravimui. Kitoje pus\u0117je yra keramin\u0117 juosta, skirta dantytiems peiliams. <\/p>\n","protected":false},"featured_media":125701,"template":"","meta":{"_acf_changed":false},"product_brand":[],"product_cat":[1274],"product_tag":[],"class_list":{"0":"post-150773","1":"product","2":"type-product","3":"status-publish","4":"has-post-thumbnail","6":"product_cat-kita-lt","8":"first","9":"instock","10":"purchasable","11":"product-type-simple"},"acf":[],"_links":{"self":[{"href":"https:\/\/kingarms.ee\/lt\/wp-json\/wp\/v2\/product\/150773","targetHints":{"allow":["GET"]}}],"collection":[{"href":"https:\/\/kingarms.ee\/lt\/wp-json\/wp\/v2\/product"}],"about":[{"href":"https:\/\/kingarms.ee\/lt\/wp-json\/wp\/v2\/types\/product"}],"wp:featuredmedia":[{"embeddable":true,"href":"https:\/\/kingarms.ee\/lt\/wp-json\/wp\/v2\/media\/125701"}],"wp:attachment":[{"href":"https:\/\/kingarms.ee\/lt\/wp-json\/wp\/v2\/media?parent=150773"}],"wp:term":[{"taxonomy":"product_brand","embeddable":true,"href":"https:\/\/kingarms.ee\/lt\/wp-json\/wp\/v2\/product_brand?post=150773"},{"taxonomy":"product_cat","embeddable":true,"href":"https:\/\/kingarms.ee\/lt\/wp-json\/wp\/v2\/product_cat?post=150773"},{"taxonomy":"product_tag","embeddable":true,"href":"https:\/\/kingarms.ee\/lt\/wp-json\/wp\/v2\/product_tag?post=150773"}],"curies":[{"name":"wp","href":"https:\/\/api.w.org\/{rel}","templated":true}]}}