{"id":150774,"date":"2022-11-28T18:51:56","date_gmt":"2025-06-08T13:54:22","guid":{"rendered":"https:\/\/kingarms.ee\/product\/termos-1300-ml-m-blsk\/"},"modified":"2025-06-08T16:54:22","modified_gmt":"2025-06-08T13:54:22","slug":"termos-1300-ml-m-blsk","status":"publish","type":"product","link":"https:\/\/kingarms.ee\/lt\/product\/termos-1300-ml-m-blsk\/","title":{"rendered":"Termos 1300 ml [m-BLSK]"},"content":{"rendered":"","protected":false},"excerpt":{"rendered":"<p>Termos 1300 ml [m-BLSK]<\/p>\n<p>Kaip norite jaustis kuo patogiau vasar\u0105 ar \u017eiem\u0105 i\u0161eidami \u012f kaim\u0105. Padarykite prek\u0117s \u017eenklo termos\u0105 yra lengvas ir prakti\u0161kas p\u0117s\u010di\u0173j\u0173 variantas, kur\u012f galite pasiimti su savimi \u012f i\u0161kyl\u0105, \u017evejyb\u0105, automobil\u012f ar kelion\u0119 su draugais. <\/p>\n<p>Pagaminta i\u0161 auk\u0161tos kokyb\u0117s ner\u016bdijan\u010dio maistinio plieno. Dvigubos sienos patikimai i\u0161laiko \u0161ilum\u0105. Termosas u\u017edaromas vakuuminiu dang\u010diu ir u\u017edaromas kitu dang\u010diu, kuris gali b\u016bti naudojamas kaip puodelis. Tai u\u017etikrina absoliut\u0173 sandarum\u0105 ir j\u016bs\u0173 m\u0117gstamas g\u0117rimas nei\u0161tek\u0117s.   <\/p>\n","protected":false},"featured_media":130923,"template":"","meta":{"_acf_changed":false},"product_brand":[],"product_cat":[1263],"product_tag":[],"class_list":{"0":"post-150774","1":"product","2":"type-product","3":"status-publish","4":"has-post-thumbnail","6":"product_cat-kelioniu-prekes","8":"first","9":"instock","10":"purchasable","11":"product-type-simple"},"acf":[],"_links":{"self":[{"href":"https:\/\/kingarms.ee\/lt\/wp-json\/wp\/v2\/product\/150774","targetHints":{"allow":["GET"]}}],"collection":[{"href":"https:\/\/kingarms.ee\/lt\/wp-json\/wp\/v2\/product"}],"about":[{"href":"https:\/\/kingarms.ee\/lt\/wp-json\/wp\/v2\/types\/product"}],"wp:featuredmedia":[{"embeddable":true,"href":"https:\/\/kingarms.ee\/lt\/wp-json\/wp\/v2\/media\/130923"}],"wp:attachment":[{"href":"https:\/\/kingarms.ee\/lt\/wp-json\/wp\/v2\/media?parent=150774"}],"wp:term":[{"taxonomy":"product_brand","embeddable":true,"href":"https:\/\/kingarms.ee\/lt\/wp-json\/wp\/v2\/product_brand?post=150774"},{"taxonomy":"product_cat","embeddable":true,"href":"https:\/\/kingarms.ee\/lt\/wp-json\/wp\/v2\/product_cat?post=150774"},{"taxonomy":"product_tag","embeddable":true,"href":"https:\/\/kingarms.ee\/lt\/wp-json\/wp\/v2\/product_tag?post=150774"}],"curies":[{"name":"wp","href":"https:\/\/api.w.org\/{rel}","templated":true}]}}