{"id":150783,"date":"2022-11-28T18:51:56","date_gmt":"2025-06-08T13:58:45","guid":{"rendered":"https:\/\/kingarms.ee\/product\/kietasis-kuras-6-po-27g-firedragon\/"},"modified":"2025-06-08T16:58:45","modified_gmt":"2025-06-08T13:58:45","slug":"kietasis-kuras-6-po-27g-firedragon","status":"publish","type":"product","link":"https:\/\/kingarms.ee\/lt\/product\/kietasis-kuras-6-po-27g-firedragon\/","title":{"rendered":"Kietasis kuras 6 po 27g [Firedragon]"},"content":{"rendered":"","protected":false},"excerpt":{"rendered":"<p>Kietasis kuras 6 po 27g [Firedragon]<\/p>\n<p>BCB Fire dragon 6\u2082 27 g kietasis kuras yra efektyvus kuro kubas \u017eygi\u0173 krosnims maitinti, pagamintas i\u0161 nat\u016bralaus etanolio pagrindu pagaminto biokuro.<\/p>\n","protected":false},"featured_media":125709,"template":"","meta":{"_acf_changed":false},"product_brand":[],"product_cat":[1263],"product_tag":[],"class_list":{"0":"post-150783","1":"product","2":"type-product","3":"status-publish","4":"has-post-thumbnail","6":"product_cat-kelioniu-prekes","8":"first","9":"instock","10":"purchasable","11":"product-type-simple"},"acf":[],"_links":{"self":[{"href":"https:\/\/kingarms.ee\/lt\/wp-json\/wp\/v2\/product\/150783","targetHints":{"allow":["GET"]}}],"collection":[{"href":"https:\/\/kingarms.ee\/lt\/wp-json\/wp\/v2\/product"}],"about":[{"href":"https:\/\/kingarms.ee\/lt\/wp-json\/wp\/v2\/types\/product"}],"wp:featuredmedia":[{"embeddable":true,"href":"https:\/\/kingarms.ee\/lt\/wp-json\/wp\/v2\/media\/125709"}],"wp:attachment":[{"href":"https:\/\/kingarms.ee\/lt\/wp-json\/wp\/v2\/media?parent=150783"}],"wp:term":[{"taxonomy":"product_brand","embeddable":true,"href":"https:\/\/kingarms.ee\/lt\/wp-json\/wp\/v2\/product_brand?post=150783"},{"taxonomy":"product_cat","embeddable":true,"href":"https:\/\/kingarms.ee\/lt\/wp-json\/wp\/v2\/product_cat?post=150783"},{"taxonomy":"product_tag","embeddable":true,"href":"https:\/\/kingarms.ee\/lt\/wp-json\/wp\/v2\/product_tag?post=150783"}],"curies":[{"name":"wp","href":"https:\/\/api.w.org\/{rel}","templated":true}]}}