{"id":150794,"date":"2022-11-22T18:19:52","date_gmt":"2025-06-08T14:01:41","guid":{"rendered":"https:\/\/kingarms.ee\/product\/dk17-umareksas\/"},"modified":"2025-06-08T17:01:41","modified_gmt":"2025-06-08T14:01:41","slug":"dk17-umareksas","status":"publish","type":"product","link":"https:\/\/kingarms.ee\/lt\/product\/dk17-umareksas\/","title":{"rendered":"DK17 (Umareksas)"},"content":{"rendered":"<p><img loading=\"lazy\" decoding=\"async\" class=\"alignnone size-medium wp-image-67808\" src=\"https:\/\/kingarms.ee\/wp-content\/uploads\/2022\/11\/eng_pl_Umarex-DX17-Airgun-4-5-mm-Diabolo-BB-5-8187-28969_1-300x225.jpeg\" alt=\"\" width=\"300\" height=\"225\" srcset=\"https:\/\/kingarms.ee\/wp-content\/uploads\/2022\/11\/eng_pl_Umarex-DX17-Airgun-4-5-mm-Diabolo-BB-5-8187-28969_1-300x225.jpeg 300w, https:\/\/kingarms.ee\/wp-content\/uploads\/2022\/11\/eng_pl_Umarex-DX17-Airgun-4-5-mm-Diabolo-BB-5-8187-28969_1-768x576.jpeg 768w, https:\/\/kingarms.ee\/wp-content\/uploads\/2022\/11\/eng_pl_Umarex-DX17-Airgun-4-5-mm-Diabolo-BB-5-8187-28969_1-600x450.jpeg 600w, https:\/\/kingarms.ee\/wp-content\/uploads\/2022\/11\/eng_pl_Umarex-DX17-Airgun-4-5-mm-Diabolo-BB-5-8187-28969_1-500x375.jpeg 500w, https:\/\/kingarms.ee\/wp-content\/uploads\/2022\/11\/eng_pl_Umarex-DX17-Airgun-4-5-mm-Diabolo-BB-5-8187-28969_1-150x113.jpeg 150w, https:\/\/kingarms.ee\/wp-content\/uploads\/2022\/11\/eng_pl_Umarex-DX17-Airgun-4-5-mm-Diabolo-BB-5-8187-28969_1.jpeg 1000w\" sizes=\"auto, (max-width: 300px) 100vw, 300px\" \/><\/p>\n","protected":false},"excerpt":{"rendered":"<p>DK17 (Umareksas)<\/p>\n<p>Techniniai duomenys:<br \/>\nKalibras: 4,5 mm diabolo ir 4,5 mm plieno BB granul\u0117s (galima pasirinkti prie\u0161 \u0161audant)<br \/>\nMaitinimo \u0161altinis: spyruoklinis<br \/>\n\u0160audymo greitis: &lt;2J<br \/>\nTaikikliai: fiksuoti taikikliai<br \/>\nIlgis: 238 mm<br \/>\nVamzd\u017eio ilgis: 71 mm<br \/>\nSvoris: 439 g<br \/>\nMed\u017eiaga: plastikas + metalas<\/p>\n","protected":false},"featured_media":125551,"template":"","meta":{"_acf_changed":false},"product_brand":[],"product_cat":[1143],"product_tag":[],"class_list":{"0":"post-150794","1":"product","2":"type-product","3":"status-publish","4":"has-post-thumbnail","6":"product_cat-rankinis-ginklas","8":"first","9":"onbackorder","10":"taxable","11":"shipping-taxable","12":"product-type-simple"},"acf":[],"_links":{"self":[{"href":"https:\/\/kingarms.ee\/lt\/wp-json\/wp\/v2\/product\/150794","targetHints":{"allow":["GET"]}}],"collection":[{"href":"https:\/\/kingarms.ee\/lt\/wp-json\/wp\/v2\/product"}],"about":[{"href":"https:\/\/kingarms.ee\/lt\/wp-json\/wp\/v2\/types\/product"}],"wp:featuredmedia":[{"embeddable":true,"href":"https:\/\/kingarms.ee\/lt\/wp-json\/wp\/v2\/media\/125551"}],"wp:attachment":[{"href":"https:\/\/kingarms.ee\/lt\/wp-json\/wp\/v2\/media?parent=150794"}],"wp:term":[{"taxonomy":"product_brand","embeddable":true,"href":"https:\/\/kingarms.ee\/lt\/wp-json\/wp\/v2\/product_brand?post=150794"},{"taxonomy":"product_cat","embeddable":true,"href":"https:\/\/kingarms.ee\/lt\/wp-json\/wp\/v2\/product_cat?post=150794"},{"taxonomy":"product_tag","embeddable":true,"href":"https:\/\/kingarms.ee\/lt\/wp-json\/wp\/v2\/product_tag?post=150794"}],"curies":[{"name":"wp","href":"https:\/\/api.w.org\/{rel}","templated":true}]}}