{"id":150817,"date":"2022-11-21T15:28:30","date_gmt":"2025-06-08T14:05:27","guid":{"rendered":"https:\/\/kingarms.ee\/product\/komunaliniu-maiseliu-karaliskasis-2\/"},"modified":"2025-06-08T17:05:27","modified_gmt":"2025-06-08T14:05:27","slug":"komunaliniu-maiseliu-karaliskasis-2","status":"publish","type":"product","link":"https:\/\/kingarms.ee\/lt\/product\/komunaliniu-maiseliu-karaliskasis-2\/","title":{"rendered":"Komunalini\u0173 Mai\u0161eli\u0173 Karali\u0161kasis"},"content":{"rendered":"","protected":false},"excerpt":{"rendered":"<p>Naudingumas Mai\u0161elis Royal<\/p>\n<p>vertikalus naudingumo mai\u0161elis<\/p>\n<p>vidutiniai matmenys<\/p>\n<p>poliesteris<\/p>\n<p>dvigubas u\u017etrauktukas<\/p>\n<p>molle sistemos laikiklis<\/p>\n<p>priekin\u0117 ir galin\u0117 molle sistema priedams<\/p>\n<p>matmenys 210mm 160mm 80mm<\/p>\n","protected":false},"featured_media":125511,"template":"","meta":{"_acf_changed":false},"product_brand":[],"product_cat":[1246],"product_tag":[],"class_list":{"0":"post-150817","1":"product","2":"type-product","3":"status-publish","4":"has-post-thumbnail","6":"product_cat-kisenes","8":"first","9":"instock","10":"sale","11":"taxable","12":"shipping-taxable","13":"purchasable","14":"product-type-simple"},"acf":[],"_links":{"self":[{"href":"https:\/\/kingarms.ee\/lt\/wp-json\/wp\/v2\/product\/150817","targetHints":{"allow":["GET"]}}],"collection":[{"href":"https:\/\/kingarms.ee\/lt\/wp-json\/wp\/v2\/product"}],"about":[{"href":"https:\/\/kingarms.ee\/lt\/wp-json\/wp\/v2\/types\/product"}],"wp:featuredmedia":[{"embeddable":true,"href":"https:\/\/kingarms.ee\/lt\/wp-json\/wp\/v2\/media\/125511"}],"wp:attachment":[{"href":"https:\/\/kingarms.ee\/lt\/wp-json\/wp\/v2\/media?parent=150817"}],"wp:term":[{"taxonomy":"product_brand","embeddable":true,"href":"https:\/\/kingarms.ee\/lt\/wp-json\/wp\/v2\/product_brand?post=150817"},{"taxonomy":"product_cat","embeddable":true,"href":"https:\/\/kingarms.ee\/lt\/wp-json\/wp\/v2\/product_cat?post=150817"},{"taxonomy":"product_tag","embeddable":true,"href":"https:\/\/kingarms.ee\/lt\/wp-json\/wp\/v2\/product_tag?post=150817"}],"curies":[{"name":"wp","href":"https:\/\/api.w.org\/{rel}","templated":true}]}}