{"id":150829,"date":"2022-11-14T16:49:08","date_gmt":"2025-06-08T14:07:40","guid":{"rendered":"https:\/\/kingarms.ee\/product\/aeg-phantom-ekstremis-mk-iii-aps\/"},"modified":"2025-06-08T17:07:40","modified_gmt":"2025-06-08T14:07:40","slug":"aeg-phantom-ekstremis-mk-iii-aps","status":"publish","type":"product","link":"https:\/\/kingarms.ee\/lt\/product\/aeg-phantom-ekstremis-mk-iii-aps\/","title":{"rendered":"Aeg Phantom Ekstremis Mk-iii [aps ]"},"content":{"rendered":"","protected":false},"excerpt":{"rendered":"<p>Aeg Phantom Ekstremis Mk-iii [aps ]<\/p>\n<p>Pilnas metalinis korpusas<br \/>\nm-lok 13,5 coli\u0173 handguard<br \/>\n300 raund\u0173 \u017eurnalas<br \/>\nelektrinis sm\u016bgis<br \/>\nabiems degign<br \/>\nantislip pistoleto rankena<br \/>\napver\u010diami taikikliai<br \/>\nsidabro kra\u0161to pavar\u0173 d\u0117\u017e\u0117<br \/>\nilgis 920mm<br \/>\nsvoris 2700g<\/p>\n","protected":false},"featured_media":125295,"template":"","meta":{"_acf_changed":false},"product_brand":[],"product_cat":[1139],"product_tag":[],"class_list":{"0":"post-150829","1":"product","2":"type-product","3":"status-publish","4":"has-post-thumbnail","6":"product_cat-elektro-pneumatiniai-ginklai","8":"first","9":"instock","10":"sale","11":"purchasable","12":"product-type-simple"},"acf":[],"_links":{"self":[{"href":"https:\/\/kingarms.ee\/lt\/wp-json\/wp\/v2\/product\/150829","targetHints":{"allow":["GET"]}}],"collection":[{"href":"https:\/\/kingarms.ee\/lt\/wp-json\/wp\/v2\/product"}],"about":[{"href":"https:\/\/kingarms.ee\/lt\/wp-json\/wp\/v2\/types\/product"}],"wp:featuredmedia":[{"embeddable":true,"href":"https:\/\/kingarms.ee\/lt\/wp-json\/wp\/v2\/media\/125295"}],"wp:attachment":[{"href":"https:\/\/kingarms.ee\/lt\/wp-json\/wp\/v2\/media?parent=150829"}],"wp:term":[{"taxonomy":"product_brand","embeddable":true,"href":"https:\/\/kingarms.ee\/lt\/wp-json\/wp\/v2\/product_brand?post=150829"},{"taxonomy":"product_cat","embeddable":true,"href":"https:\/\/kingarms.ee\/lt\/wp-json\/wp\/v2\/product_cat?post=150829"},{"taxonomy":"product_tag","embeddable":true,"href":"https:\/\/kingarms.ee\/lt\/wp-json\/wp\/v2\/product_tag?post=150829"}],"curies":[{"name":"wp","href":"https:\/\/api.w.org\/{rel}","templated":true}]}}