{"id":150858,"date":"2023-06-26T16:25:02","date_gmt":"2025-06-08T14:17:07","guid":{"rendered":"https:\/\/kingarms.ee\/product\/ruike-hussar-p121-g\/"},"modified":"2025-06-08T17:17:07","modified_gmt":"2025-06-08T14:17:07","slug":"ruike-hussar-p121-g","status":"publish","type":"product","link":"https:\/\/kingarms.ee\/lt\/product\/ruike-hussar-p121-g\/","title":{"rendered":"Ruike Hussar P121-g"},"content":{"rendered":"<p><img loading=\"lazy\" decoding=\"async\" class=\"alignnone size-medium wp-image-79254\" src=\"https:\/\/kingarms.ee\/wp-content\/uploads\/2023\/06\/ruike-jager-f118-g-olive-green-fixed-blade-knife-a903005992eb4d7ea558dd8d37c93667-c60648d1-1-300x300.jpg\" alt=\"\" width=\"300\" height=\"300\" srcset=\"https:\/\/kingarms.ee\/wp-content\/uploads\/2023\/06\/ruike-jager-f118-g-olive-green-fixed-blade-knife-a903005992eb4d7ea558dd8d37c93667-c60648d1-1-300x300.jpg 300w, https:\/\/kingarms.ee\/wp-content\/uploads\/2023\/06\/ruike-jager-f118-g-olive-green-fixed-blade-knife-a903005992eb4d7ea558dd8d37c93667-c60648d1-1-150x150.jpg 150w, https:\/\/kingarms.ee\/wp-content\/uploads\/2023\/06\/ruike-jager-f118-g-olive-green-fixed-blade-knife-a903005992eb4d7ea558dd8d37c93667-c60648d1-1-768x768.jpg 768w, https:\/\/kingarms.ee\/wp-content\/uploads\/2023\/06\/ruike-jager-f118-g-olive-green-fixed-blade-knife-a903005992eb4d7ea558dd8d37c93667-c60648d1-1-500x500.jpg 500w, https:\/\/kingarms.ee\/wp-content\/uploads\/2023\/06\/ruike-jager-f118-g-olive-green-fixed-blade-knife-a903005992eb4d7ea558dd8d37c93667-c60648d1-1.jpg 850w\" sizes=\"auto, (max-width: 300px) 100vw, 300px\" \/><\/p>\n","protected":false},"excerpt":{"rendered":"<p>Ruike Hussar P121-G yra vienas populiariausi\u0173 ir perkamiausi\u0173 Ruike peili\u0173 d\u0117l savo universalumo ir bekompromis\u0117s kokyb\u0117s. Tai itin patogus, plonas ir ilgabriaunis peilis. A\u0161menys pagaminti i\u0161 Sandvik 14c28n plieno ir yra su atraminiu rutuliniu guoliu i\u0161 abiej\u0173 pusi\u0173. Kaip rankena naudojamas G10 kompozitas su neslystan\u010diu apdorojimu kartu su 420 ner\u016bdijan\u010diu plienu. Galimos juodos (P121-B) ir alyvuogi\u0173 \u017ealios (P121-G) rankenos.    <\/p>\n","protected":false},"featured_media":132761,"template":"","meta":{"_acf_changed":false},"product_brand":[],"product_cat":[1259],"product_tag":[1340],"class_list":{"0":"post-150858","1":"product","2":"type-product","3":"status-publish","4":"has-post-thumbnail","6":"product_cat-peiliai","7":"product_tag-ruike-hussar-p121-g-lt","9":"first","10":"onbackorder","11":"taxable","12":"shipping-taxable","13":"product-type-simple"},"acf":[],"_links":{"self":[{"href":"https:\/\/kingarms.ee\/lt\/wp-json\/wp\/v2\/product\/150858","targetHints":{"allow":["GET"]}}],"collection":[{"href":"https:\/\/kingarms.ee\/lt\/wp-json\/wp\/v2\/product"}],"about":[{"href":"https:\/\/kingarms.ee\/lt\/wp-json\/wp\/v2\/types\/product"}],"wp:featuredmedia":[{"embeddable":true,"href":"https:\/\/kingarms.ee\/lt\/wp-json\/wp\/v2\/media\/132761"}],"wp:attachment":[{"href":"https:\/\/kingarms.ee\/lt\/wp-json\/wp\/v2\/media?parent=150858"}],"wp:term":[{"taxonomy":"product_brand","embeddable":true,"href":"https:\/\/kingarms.ee\/lt\/wp-json\/wp\/v2\/product_brand?post=150858"},{"taxonomy":"product_cat","embeddable":true,"href":"https:\/\/kingarms.ee\/lt\/wp-json\/wp\/v2\/product_cat?post=150858"},{"taxonomy":"product_tag","embeddable":true,"href":"https:\/\/kingarms.ee\/lt\/wp-json\/wp\/v2\/product_tag?post=150858"}],"curies":[{"name":"wp","href":"https:\/\/api.w.org\/{rel}","templated":true}]}}