{"id":150866,"date":"2022-03-28T15:36:09","date_gmt":"2025-06-08T14:23:13","guid":{"rendered":"https:\/\/kingarms.ee\/product\/bow-cb75-vyras-kung\/"},"modified":"2025-06-08T17:23:13","modified_gmt":"2025-06-08T14:23:13","slug":"bow-cb75-vyras-kung","status":"publish","type":"product","link":"https:\/\/kingarms.ee\/lt\/product\/bow-cb75-vyras-kung\/","title":{"rendered":"Bow CB75 (vyras kung)"},"content":{"rendered":"<p>CB75 (vyras Kung)<\/p>\n<p>Man Kung \u0161audymo i\u0161 lanko profesionalus reguliuojamas lankas, camo spalva, Reguliuojamas svyravimas nuo 40 iki 70 svar\u0173, reguliuojamas traukimo ilgis nuo 25 iki 31 colio, a\u0161ies ilgis nuo palapin\u0117s iki palapin\u0117s: 31,5&#8243; &#8211; 80 cm, \u0160audymas 70%, greitis 270 fps, svoris 1995 gr, aliuminio stovas, stiklo pluo\u0161to gal\u016bn\u0117s.<\/p>\n<p>apimti:<\/p>\n<p>1 profesionalus 3 kontakt\u0173 \u0161viesolaidinis antgalis.<\/p>\n<p>1 spyruoklin\u0117s rodykl\u0117s atrama<\/p>\n<p>Dioptrija virvei ir i\u0161metimo kilpai (jau sumontuota)<\/p>\n<p>2 aliuminio rodykl\u0117s<\/p>\n<p>virv\u0117s chronometras<\/p>\n<p>mechaninis i\u0161leidimas<\/p>\n<p>parafinas<\/p>\n","protected":false},"excerpt":{"rendered":"<p>CB75 (vyr Kung)<\/p>\n<p>Man kung shaudymo ish lanko profesionalus taisyklingas Lankos, camo spalva, taisyklingas svyravimas nuo 40 iki 70 svaraenda, taisyklingas traumo ilgis nuo 25 iki 31 colio, ashies ilgis nuo palapinaics iki palapinaics: 31.5&#8243; &#8211; 80 cm, Shaudymas 70%, greitis 270 fps, svoris 1995 GR, aliuminio stovas, stiklo pliuoshto galaladnalads.<\/p>\n<p>apimti:<\/p>\n<p>1 profesionalus 3 kontaktas-\u0161viesolaidinis antgalis.<\/p>\n<p>1 spyruoklinatecks rodyklatecks atrama<\/p>\n<p>Diopteri IR ishmetimo kilpai (jau sumontuota)<\/p>\n<p>2 aliuminio rodyklategs<\/p>\n<p>Trossi stopper<\/p>\n<p>mechaninis ishleidimaslithuanian<\/p>\n<p>parafinas<\/p>\n","protected":false},"featured_media":115880,"template":"","meta":{"_acf_changed":false},"product_brand":[],"product_cat":[1156,1151],"product_tag":[],"class_list":{"0":"post-150866","1":"product","2":"type-product","3":"status-publish","4":"has-post-thumbnail","6":"product_cat-lankai","7":"product_cat-lankai-ir-skersiniai","9":"first","10":"instock","11":"sale","12":"taxable","13":"shipping-taxable","14":"purchasable","15":"product-type-simple"},"acf":[],"_links":{"self":[{"href":"https:\/\/kingarms.ee\/lt\/wp-json\/wp\/v2\/product\/150866","targetHints":{"allow":["GET"]}}],"collection":[{"href":"https:\/\/kingarms.ee\/lt\/wp-json\/wp\/v2\/product"}],"about":[{"href":"https:\/\/kingarms.ee\/lt\/wp-json\/wp\/v2\/types\/product"}],"wp:featuredmedia":[{"embeddable":true,"href":"https:\/\/kingarms.ee\/lt\/wp-json\/wp\/v2\/media\/115880"}],"wp:attachment":[{"href":"https:\/\/kingarms.ee\/lt\/wp-json\/wp\/v2\/media?parent=150866"}],"wp:term":[{"taxonomy":"product_brand","embeddable":true,"href":"https:\/\/kingarms.ee\/lt\/wp-json\/wp\/v2\/product_brand?post=150866"},{"taxonomy":"product_cat","embeddable":true,"href":"https:\/\/kingarms.ee\/lt\/wp-json\/wp\/v2\/product_cat?post=150866"},{"taxonomy":"product_tag","embeddable":true,"href":"https:\/\/kingarms.ee\/lt\/wp-json\/wp\/v2\/product_tag?post=150866"}],"curies":[{"name":"wp","href":"https:\/\/api.w.org\/{rel}","templated":true}]}}