{"id":150889,"date":"2022-04-30T09:59:32","date_gmt":"2025-06-08T14:45:14","guid":{"rendered":"https:\/\/kingarms.ee\/product\/hfc-duju-pistoletas-ag-17-sidabras\/"},"modified":"2025-06-08T17:45:14","modified_gmt":"2025-06-08T14:45:14","slug":"hfc-duju-pistoletas-ag-17-sidabras","status":"publish","type":"product","link":"https:\/\/kingarms.ee\/lt\/product\/hfc-duju-pistoletas-ag-17-sidabras\/","title":{"rendered":"HFC DUJ\u0172 PISTOLETAS AG-17 SIDABRAS"},"content":{"rendered":"","protected":false},"excerpt":{"rendered":"<p>HFC duj\u0173 pistoletas ag-17 Sidabras<\/p>\n<p>Duj\u0173 pistoletas advanced g17<br \/>\nPolimerinis r\u0117mas ir metalin\u0117 \u010diuo\u017eykla<br \/>\n26 raund\u0173 metalinis duj\u0173 \u017eurnalas<br \/>\nPagal barel\u012f gele\u017einkeli\u0173<br \/>\nSaugumas ir vienas \u0161\u016bvis<br \/>\nReguliuojamas \u0161uolis auk\u0161tyn<br \/>\n\u012etraukta gumin\u0117 rankena<br \/>\nIlgis 185mm<br \/>\nSvoris 690g<br \/>\nSidabro spalva<br \/>\nKieto ne\u0161iojimo d\u0117klo paketas<\/p>\n","protected":false},"featured_media":118559,"template":"","meta":{"_acf_changed":false},"product_brand":[],"product_cat":[1138],"product_tag":[],"class_list":{"0":"post-150889","1":"product","2":"type-product","3":"status-publish","4":"has-post-thumbnail","6":"product_cat-airsoft-pistols","8":"first","9":"onbackorder","10":"taxable","11":"shipping-taxable","12":"product-type-simple"},"acf":[],"_links":{"self":[{"href":"https:\/\/kingarms.ee\/lt\/wp-json\/wp\/v2\/product\/150889","targetHints":{"allow":["GET"]}}],"collection":[{"href":"https:\/\/kingarms.ee\/lt\/wp-json\/wp\/v2\/product"}],"about":[{"href":"https:\/\/kingarms.ee\/lt\/wp-json\/wp\/v2\/types\/product"}],"wp:featuredmedia":[{"embeddable":true,"href":"https:\/\/kingarms.ee\/lt\/wp-json\/wp\/v2\/media\/118559"}],"wp:attachment":[{"href":"https:\/\/kingarms.ee\/lt\/wp-json\/wp\/v2\/media?parent=150889"}],"wp:term":[{"taxonomy":"product_brand","embeddable":true,"href":"https:\/\/kingarms.ee\/lt\/wp-json\/wp\/v2\/product_brand?post=150889"},{"taxonomy":"product_cat","embeddable":true,"href":"https:\/\/kingarms.ee\/lt\/wp-json\/wp\/v2\/product_cat?post=150889"},{"taxonomy":"product_tag","embeddable":true,"href":"https:\/\/kingarms.ee\/lt\/wp-json\/wp\/v2\/product_tag?post=150889"}],"curies":[{"name":"wp","href":"https:\/\/api.w.org\/{rel}","templated":true}]}}