{"id":150891,"date":"2022-04-30T09:27:53","date_gmt":"2025-06-08T14:48:05","guid":{"rendered":"https:\/\/kingarms.ee\/product\/g-g-duju-pistoletas-gtp-9-juoda-pilka\/"},"modified":"2025-06-08T17:48:05","modified_gmt":"2025-06-08T14:48:05","slug":"g-g-duju-pistoletas-gtp-9-juoda-pilka","status":"publish","type":"product","link":"https:\/\/kingarms.ee\/lt\/product\/g-g-duju-pistoletas-gtp-9-juoda-pilka\/","title":{"rendered":"G &amp; G DUJ\u0172 PISTOLETAS GTP 9 JUODA PILKA"},"content":{"rendered":"","protected":false},"excerpt":{"rendered":"<p>G &amp; G DUJ\u0172 PISTOLETAS GTP 9 JUODA PILKA<\/p>\n<p>Duj\u0173 pistoletas gtp9<br \/>\nRealios sistemos i\u0161p\u016btimas<br \/>\nPolimero konstrukcija<br \/>\nSriegin\u0117 statin\u0117<br \/>\n22 raund\u0173 \u017eurnalas<br \/>\nPagal barel\u012f standartinis 20mm gele\u017einkeli\u0173<br \/>\nBicurious skaidri\u0173 i\u0161leidimo ir \u017eurnalo i\u0161leidimo mygtukai<br \/>\nNaujovi\u0161ka reguliuojama apyni\u0173 sistema<br \/>\nSureguliuokite \u0161uol\u012f nuo snukio \u012frankiu, saugomu u\u017epakalin\u0117je juostoje (120 skirting\u0173 koregavim\u0173)<br \/>\nNaujas keramikos s\u016bkurinis cilindro vo\u017etuvas, kuris u\u017ekirs keli\u0105 \u0161al\u010diams, pastatytiems cilindro viduje<br \/>\nGaisro re\u017eimas: saugus ir vienas \u0161\u016bvis<br \/>\nPridedamas kietas ne\u0161iojimo d\u0117klas<br \/>\nIlgis 215mm<br \/>\nSvoris 765g<\/p>\n","protected":false},"featured_media":118519,"template":"","meta":{"_acf_changed":false},"product_brand":[],"product_cat":[1138],"product_tag":[],"class_list":{"0":"post-150891","1":"product","2":"type-product","3":"status-publish","4":"has-post-thumbnail","6":"product_cat-airsoft-pistols","8":"first","9":"instock","10":"taxable","11":"shipping-taxable","12":"purchasable","13":"product-type-simple"},"acf":[],"_links":{"self":[{"href":"https:\/\/kingarms.ee\/lt\/wp-json\/wp\/v2\/product\/150891","targetHints":{"allow":["GET"]}}],"collection":[{"href":"https:\/\/kingarms.ee\/lt\/wp-json\/wp\/v2\/product"}],"about":[{"href":"https:\/\/kingarms.ee\/lt\/wp-json\/wp\/v2\/types\/product"}],"wp:featuredmedia":[{"embeddable":true,"href":"https:\/\/kingarms.ee\/lt\/wp-json\/wp\/v2\/media\/118519"}],"wp:attachment":[{"href":"https:\/\/kingarms.ee\/lt\/wp-json\/wp\/v2\/media?parent=150891"}],"wp:term":[{"taxonomy":"product_brand","embeddable":true,"href":"https:\/\/kingarms.ee\/lt\/wp-json\/wp\/v2\/product_brand?post=150891"},{"taxonomy":"product_cat","embeddable":true,"href":"https:\/\/kingarms.ee\/lt\/wp-json\/wp\/v2\/product_cat?post=150891"},{"taxonomy":"product_tag","embeddable":true,"href":"https:\/\/kingarms.ee\/lt\/wp-json\/wp\/v2\/product_tag?post=150891"}],"curies":[{"name":"wp","href":"https:\/\/api.w.org\/{rel}","templated":true}]}}