{"id":150899,"date":"2022-04-30T08:41:36","date_gmt":"2025-06-08T14:57:37","guid":{"rendered":"https:\/\/kingarms.ee\/product\/sck-medziokles-peilis-2\/"},"modified":"2025-06-08T17:57:37","modified_gmt":"2025-06-08T14:57:37","slug":"sck-medziokles-peilis-2","status":"publish","type":"product","link":"https:\/\/kingarms.ee\/lt\/product\/sck-medziokles-peilis-2\/","title":{"rendered":"SCK MED\u017dIOKL\u0116S PEILIS"},"content":{"rendered":"","protected":false},"excerpt":{"rendered":"<p>Med\u017eiokl\u0117s peilis<br \/>\nNer\u016bdijan\u010dio plieno juodas peilis<br \/>\nGumuota polimerin\u0117 alyvuogi\u0173 drab rankena<br \/>\nKieto d\u0117klo polimerinis kotas su dir\u017eu ir \u0161laun\u0173 kilpomis<br \/>\nA\u0161men\u0173 ilgis 180mm<br \/>\nBendras ilgis 305 mm (332 mm su skiautele)<br \/>\nSvoris: 220g (300g su skiautele)<\/p>\n","protected":false},"featured_media":118495,"template":"","meta":{"_acf_changed":false},"product_brand":[],"product_cat":[1259,1258],"product_tag":[],"class_list":{"0":"post-150899","1":"product","2":"type-product","3":"status-publish","4":"has-post-thumbnail","6":"product_cat-peiliai","7":"product_cat-peiliai-genejimo-pjuklas","9":"first","10":"onbackorder","11":"taxable","12":"shipping-taxable","13":"product-type-simple"},"acf":[],"_links":{"self":[{"href":"https:\/\/kingarms.ee\/lt\/wp-json\/wp\/v2\/product\/150899","targetHints":{"allow":["GET"]}}],"collection":[{"href":"https:\/\/kingarms.ee\/lt\/wp-json\/wp\/v2\/product"}],"about":[{"href":"https:\/\/kingarms.ee\/lt\/wp-json\/wp\/v2\/types\/product"}],"wp:featuredmedia":[{"embeddable":true,"href":"https:\/\/kingarms.ee\/lt\/wp-json\/wp\/v2\/media\/118495"}],"wp:attachment":[{"href":"https:\/\/kingarms.ee\/lt\/wp-json\/wp\/v2\/media?parent=150899"}],"wp:term":[{"taxonomy":"product_brand","embeddable":true,"href":"https:\/\/kingarms.ee\/lt\/wp-json\/wp\/v2\/product_brand?post=150899"},{"taxonomy":"product_cat","embeddable":true,"href":"https:\/\/kingarms.ee\/lt\/wp-json\/wp\/v2\/product_cat?post=150899"},{"taxonomy":"product_tag","embeddable":true,"href":"https:\/\/kingarms.ee\/lt\/wp-json\/wp\/v2\/product_tag?post=150899"}],"curies":[{"name":"wp","href":"https:\/\/api.w.org\/{rel}","templated":true}]}}