{"id":150900,"date":"2022-04-30T08:36:23","date_gmt":"2025-06-08T14:58:44","guid":{"rendered":"https:\/\/kingarms.ee\/product\/sck-spyruoklinis-sulankstomas-peilis\/"},"modified":"2025-06-08T17:58:44","modified_gmt":"2025-06-08T14:58:44","slug":"sck-spyruoklinis-sulankstomas-peilis","status":"publish","type":"product","link":"https:\/\/kingarms.ee\/lt\/product\/sck-spyruoklinis-sulankstomas-peilis\/","title":{"rendered":"SCK SPYRUOKLINIS SULANKSTOMAS PEILIS"},"content":{"rendered":"","protected":false},"excerpt":{"rendered":"<p>Sulankstomas ki\u0161eninis peilis<br \/>\nPavasario pagalba<br \/>\nJuoda dengta ner\u016bdijan\u010dio plieno a\u0161menys<br \/>\nKieta anoduoto aliuminio rankena<br \/>\nSu: \u012fd\u0117klo u\u017eraktu, nyk\u0161\u010dio smeigtuku , gelb\u0117jimo kabliu ir stiklo pertraukikliu, dir\u017eo spaustuku<br \/>\nAtviras bendras ilgis 210mm<br \/>\nA\u0161men\u0173 ilgis 85mm<br \/>\nSvoris 140g<\/p>\n","protected":false},"featured_media":118475,"template":"","meta":{"_acf_changed":false},"product_brand":[],"product_cat":[1259,1258],"product_tag":[],"class_list":{"0":"post-150900","1":"product","2":"type-product","3":"status-publish","4":"has-post-thumbnail","6":"product_cat-peiliai","7":"product_cat-peiliai-genejimo-pjuklas","9":"first","10":"onbackorder","11":"taxable","12":"shipping-taxable","13":"product-type-simple"},"acf":[],"_links":{"self":[{"href":"https:\/\/kingarms.ee\/lt\/wp-json\/wp\/v2\/product\/150900","targetHints":{"allow":["GET"]}}],"collection":[{"href":"https:\/\/kingarms.ee\/lt\/wp-json\/wp\/v2\/product"}],"about":[{"href":"https:\/\/kingarms.ee\/lt\/wp-json\/wp\/v2\/types\/product"}],"wp:featuredmedia":[{"embeddable":true,"href":"https:\/\/kingarms.ee\/lt\/wp-json\/wp\/v2\/media\/118475"}],"wp:attachment":[{"href":"https:\/\/kingarms.ee\/lt\/wp-json\/wp\/v2\/media?parent=150900"}],"wp:term":[{"taxonomy":"product_brand","embeddable":true,"href":"https:\/\/kingarms.ee\/lt\/wp-json\/wp\/v2\/product_brand?post=150900"},{"taxonomy":"product_cat","embeddable":true,"href":"https:\/\/kingarms.ee\/lt\/wp-json\/wp\/v2\/product_cat?post=150900"},{"taxonomy":"product_tag","embeddable":true,"href":"https:\/\/kingarms.ee\/lt\/wp-json\/wp\/v2\/product_tag?post=150900"}],"curies":[{"name":"wp","href":"https:\/\/api.w.org\/{rel}","templated":true}]}}