{"id":150904,"date":"2022-04-30T07:41:20","date_gmt":"2025-06-08T15:03:13","guid":{"rendered":"https:\/\/kingarms.ee\/product\/js-taktinis-boonie-skrybele-multicam\/"},"modified":"2025-06-08T18:03:13","modified_gmt":"2025-06-08T15:03:13","slug":"js-taktinis-boonie-skrybele-multicam","status":"publish","type":"product","link":"https:\/\/kingarms.ee\/lt\/product\/js-taktinis-boonie-skrybele-multicam\/","title":{"rendered":"JS-TAKTINIS BOONIE SKRYB\u0116L\u0118 MULTICAM"},"content":{"rendered":"","protected":false},"excerpt":{"rendered":"<p>65% poliesteris, 35% medviln\u0117<br \/>\n4 ventiliacijos angos nuo vabzd\u017ei\u0173<br \/>\nJuosta priedai ned\u0117kite<br \/>\nReguliavimas elastinga<\/p>\n","protected":false},"featured_media":118405,"template":"","meta":{"_acf_changed":false},"product_brand":[],"product_cat":[1233],"product_tag":[],"class_list":{"0":"post-150904","1":"product","2":"type-product","3":"status-publish","4":"has-post-thumbnail","6":"product_cat-balaklava-skrybeles","8":"first","9":"instock","10":"purchasable","11":"product-type-variable"},"acf":[],"_links":{"self":[{"href":"https:\/\/kingarms.ee\/lt\/wp-json\/wp\/v2\/product\/150904","targetHints":{"allow":["GET"]}}],"collection":[{"href":"https:\/\/kingarms.ee\/lt\/wp-json\/wp\/v2\/product"}],"about":[{"href":"https:\/\/kingarms.ee\/lt\/wp-json\/wp\/v2\/types\/product"}],"wp:featuredmedia":[{"embeddable":true,"href":"https:\/\/kingarms.ee\/lt\/wp-json\/wp\/v2\/media\/118405"}],"wp:attachment":[{"href":"https:\/\/kingarms.ee\/lt\/wp-json\/wp\/v2\/media?parent=150904"}],"wp:term":[{"taxonomy":"product_brand","embeddable":true,"href":"https:\/\/kingarms.ee\/lt\/wp-json\/wp\/v2\/product_brand?post=150904"},{"taxonomy":"product_cat","embeddable":true,"href":"https:\/\/kingarms.ee\/lt\/wp-json\/wp\/v2\/product_cat?post=150904"},{"taxonomy":"product_tag","embeddable":true,"href":"https:\/\/kingarms.ee\/lt\/wp-json\/wp\/v2\/product_tag?post=150904"}],"curies":[{"name":"wp","href":"https:\/\/api.w.org\/{rel}","templated":true}]}}