{"id":150913,"date":"2022-04-29T14:01:00","date_gmt":"2025-06-08T15:09:10","guid":{"rendered":"https:\/\/kingarms.ee\/product\/karaliskasis-ginklu-krepsys-88-cm-juodas\/"},"modified":"2025-06-08T18:09:10","modified_gmt":"2025-06-08T15:09:10","slug":"karaliskasis-ginklu-krepsys-88-cm-juodas","status":"publish","type":"product","link":"https:\/\/kingarms.ee\/lt\/product\/karaliskasis-ginklu-krepsys-88-cm-juodas\/","title":{"rendered":"Karali\u0161kasis ginkl\u0173 krep\u0161ys 88 cm juodas"},"content":{"rendered":"","protected":false},"excerpt":{"rendered":"<p>Pistoleto krep\u0161ys<br \/>\nPamink\u0161tintas Cordura<br \/>\nDvigubas u\u017etrauktukas<br \/>\n1x priekin\u0117 ki\u0161en\u0117 su \u201eVelcro\u201c u\u017edarymu 260 mm x 170 mm<br \/>\n1x priekin\u0117 ki\u0161en\u0117 su \u201eVelcro\u201c u\u017edarymu ir i\u0161oriniu \u201eVelcro\u201c 150 mm x 170 mm<br \/>\n2x priekin\u0117s ki\u0161en\u0117s su \u201eVelcro\u201c u\u017edarymu 110 mm x 150 mm<br \/>\n1x galin\u0117 skaidri ki\u0161en\u0117 85 mm x 60 mm<br \/>\nDvigubas rankos ne\u0161iojimo dir\u017eas<br \/>\nPridedamas reguliuojamas dir\u017eas pe\u010di\u0173 ne\u0161iojimui<br \/>\nI\u0161oriniai matmenys 880 mm x 300 mm<br \/>\nVidiniai matmenys 850 mm x 280 mm<\/p>\n","protected":false},"featured_media":118025,"template":"","meta":{"_acf_changed":false},"product_brand":[],"product_cat":[1197,1245,1240],"product_tag":[],"class_list":{"0":"post-150913","1":"product","2":"type-product","3":"status-publish","4":"has-post-thumbnail","6":"product_cat-maisai","7":"product_cat-maisai-lt","8":"product_cat-maiseliai-krepsiai-ir-dirzeliai","10":"first","11":"instock","12":"sale","13":"purchasable","14":"product-type-simple"},"acf":[],"_links":{"self":[{"href":"https:\/\/kingarms.ee\/lt\/wp-json\/wp\/v2\/product\/150913","targetHints":{"allow":["GET"]}}],"collection":[{"href":"https:\/\/kingarms.ee\/lt\/wp-json\/wp\/v2\/product"}],"about":[{"href":"https:\/\/kingarms.ee\/lt\/wp-json\/wp\/v2\/types\/product"}],"wp:featuredmedia":[{"embeddable":true,"href":"https:\/\/kingarms.ee\/lt\/wp-json\/wp\/v2\/media\/118025"}],"wp:attachment":[{"href":"https:\/\/kingarms.ee\/lt\/wp-json\/wp\/v2\/media?parent=150913"}],"wp:term":[{"taxonomy":"product_brand","embeddable":true,"href":"https:\/\/kingarms.ee\/lt\/wp-json\/wp\/v2\/product_brand?post=150913"},{"taxonomy":"product_cat","embeddable":true,"href":"https:\/\/kingarms.ee\/lt\/wp-json\/wp\/v2\/product_cat?post=150913"},{"taxonomy":"product_tag","embeddable":true,"href":"https:\/\/kingarms.ee\/lt\/wp-json\/wp\/v2\/product_tag?post=150913"}],"curies":[{"name":"wp","href":"https:\/\/api.w.org\/{rel}","templated":true}]}}