{"id":150916,"date":"2022-04-29T14:01:11","date_gmt":"2025-06-08T15:13:52","guid":{"rendered":"https:\/\/kingarms.ee\/product\/karaliskasis-kompaso-maiselis-alyvuogiu-drab\/"},"modified":"2025-06-08T18:13:52","modified_gmt":"2025-06-08T15:13:52","slug":"karaliskasis-kompaso-maiselis-alyvuogiu-drab","status":"publish","type":"product","link":"https:\/\/kingarms.ee\/lt\/product\/karaliskasis-kompaso-maiselis-alyvuogiu-drab\/","title":{"rendered":"KARALI\u0160KASIS KOMPASO MAI\u0160ELIS ALYVUOGI\u0172 DRAB"},"content":{"rendered":"","protected":false},"excerpt":{"rendered":"<p>KARALI\u0160KASIS KOMPASO MAI\u0160ELIS ALYVUOGI\u0172 DRAB<\/p>\n<p>Kompaso mai\u0161elis galinio molle juostos spaustuko u\u017edarymo matmenys 100mm ir 80mm ir 45mm svoris 60g<\/p>\n","protected":false},"featured_media":118103,"template":"","meta":{"_acf_changed":false},"product_brand":[],"product_cat":[1246,1240],"product_tag":[],"class_list":{"0":"post-150916","1":"product","2":"type-product","3":"status-publish","4":"has-post-thumbnail","6":"product_cat-kisenes","7":"product_cat-maiseliai-krepsiai-ir-dirzeliai","9":"first","10":"instock","11":"sale","12":"purchasable","13":"product-type-simple"},"acf":[],"_links":{"self":[{"href":"https:\/\/kingarms.ee\/lt\/wp-json\/wp\/v2\/product\/150916","targetHints":{"allow":["GET"]}}],"collection":[{"href":"https:\/\/kingarms.ee\/lt\/wp-json\/wp\/v2\/product"}],"about":[{"href":"https:\/\/kingarms.ee\/lt\/wp-json\/wp\/v2\/types\/product"}],"wp:featuredmedia":[{"embeddable":true,"href":"https:\/\/kingarms.ee\/lt\/wp-json\/wp\/v2\/media\/118103"}],"wp:attachment":[{"href":"https:\/\/kingarms.ee\/lt\/wp-json\/wp\/v2\/media?parent=150916"}],"wp:term":[{"taxonomy":"product_brand","embeddable":true,"href":"https:\/\/kingarms.ee\/lt\/wp-json\/wp\/v2\/product_brand?post=150916"},{"taxonomy":"product_cat","embeddable":true,"href":"https:\/\/kingarms.ee\/lt\/wp-json\/wp\/v2\/product_cat?post=150916"},{"taxonomy":"product_tag","embeddable":true,"href":"https:\/\/kingarms.ee\/lt\/wp-json\/wp\/v2\/product_tag?post=150916"}],"curies":[{"name":"wp","href":"https:\/\/api.w.org\/{rel}","templated":true}]}}