{"id":150918,"date":"2022-04-29T14:01:00","date_gmt":"2025-06-08T15:16:06","guid":{"rendered":"https:\/\/kingarms.ee\/product\/karaliskasis-koju-deklas-colt-1911-juodas\/"},"modified":"2025-06-08T18:16:06","modified_gmt":"2025-06-08T15:16:06","slug":"karaliskasis-koju-deklas-colt-1911-juodas","status":"publish","type":"product","link":"https:\/\/kingarms.ee\/lt\/product\/karaliskasis-koju-deklas-colt-1911-juodas\/","title":{"rendered":"KARALI\u0160KASIS KOJ\u0172 D\u0116KLAS COLT 1911 JUODAS"},"content":{"rendered":"","protected":false},"excerpt":{"rendered":"<p>Karali\u0161kasis koj\u0173 d\u0117klas colt 1911 juodas<\/p>\n<p>Koj\u0173 d\u0117klas colt 1911 serijai<br \/>\nMag mai\u0161elis ir \u017eibintuv\u0117lis ve\u017e\u0117jas visi\u0161kai reguliuojamas<\/p>\n","protected":false},"featured_media":118359,"template":"","meta":{"_acf_changed":false},"product_brand":[],"product_cat":[1163],"product_tag":[],"class_list":{"0":"post-150918","1":"product","2":"type-product","3":"status-publish","4":"has-post-thumbnail","6":"product_cat-kabur","8":"first","9":"instock","10":"purchasable","11":"product-type-simple"},"acf":[],"_links":{"self":[{"href":"https:\/\/kingarms.ee\/lt\/wp-json\/wp\/v2\/product\/150918","targetHints":{"allow":["GET"]}}],"collection":[{"href":"https:\/\/kingarms.ee\/lt\/wp-json\/wp\/v2\/product"}],"about":[{"href":"https:\/\/kingarms.ee\/lt\/wp-json\/wp\/v2\/types\/product"}],"wp:featuredmedia":[{"embeddable":true,"href":"https:\/\/kingarms.ee\/lt\/wp-json\/wp\/v2\/media\/118359"}],"wp:attachment":[{"href":"https:\/\/kingarms.ee\/lt\/wp-json\/wp\/v2\/media?parent=150918"}],"wp:term":[{"taxonomy":"product_brand","embeddable":true,"href":"https:\/\/kingarms.ee\/lt\/wp-json\/wp\/v2\/product_brand?post=150918"},{"taxonomy":"product_cat","embeddable":true,"href":"https:\/\/kingarms.ee\/lt\/wp-json\/wp\/v2\/product_cat?post=150918"},{"taxonomy":"product_tag","embeddable":true,"href":"https:\/\/kingarms.ee\/lt\/wp-json\/wp\/v2\/product_tag?post=150918"}],"curies":[{"name":"wp","href":"https:\/\/api.w.org\/{rel}","templated":true}]}}