{"id":150922,"date":"2022-04-28T19:54:10","date_gmt":"2025-06-08T15:24:40","guid":{"rendered":"https:\/\/kingarms.ee\/product\/pjaunamoji-plate-carrier-black-invader-gear\/"},"modified":"2025-06-08T18:24:40","modified_gmt":"2025-06-08T15:24:40","slug":"pjaunamoji-plate-carrier-black-invader-gear","status":"publish","type":"product","link":"https:\/\/kingarms.ee\/lt\/product\/pjaunamoji-plate-carrier-black-invader-gear\/","title":{"rendered":"Pjaunamoji Plate Carrier Black Invader Gear"},"content":{"rendered":"","protected":false},"excerpt":{"rendered":"<p>Pjaunamoji Plate Carrier Black Invader Gear<\/p>\n<p>Pjaunamosios plok\u0161t\u0117s laikiklis sukurtas taip, kad b\u016bt\u0173 lengvas universalus \u017eemo profilio laikiklis balistin\u0117ms plok\u0161t\u0117ms su dideliu pavir\u0161iumi \u012frangai ne\u0161ti d\u0117l pilnos MOLLE sistemos.<\/p>\n<p>Jis gaminamas naudojant lazerio pjovimo technologij\u0105, kuri suteikia \u0161iai liemenei didel\u012f patvarum\u0105 ir minimal\u0173 med\u017eiag\u0173 naudojim\u0105. Pagrindas pagamintas i\u0161 tvirto 600D audinio, kad b\u016bt\u0173 u\u017etikrintas ma\u017eas svoris. <\/p>\n<p>Pjaunamoji yra apr\u016bpinta specialiomis sagtimis kiekvienoje rankoje ir \u0161one, kurios suteikia vartotojui galimyb\u0119 j\u0105 u\u017esid\u0117ti nereikalaujant laud lank\u0173 ir kilp\u0173 u\u017edarymo arba avarijos atveju, pavyzd\u017eiui, traum\u0173 ar kritimo \u012f gil\u0173 vanden\u012f, kad b\u016bt\u0173 galima greitai pa\u0161alinti. Vir\u0161utin\u0117je priekin\u0117je ir galin\u0117je srityje yra kabliukai ir kilp\u0173 plok\u0161t\u0117s, skirtos vieneto ID arba moral\u0117s pleistrams, ir gelb\u0117jimo rankena, skirta greitai ir lengvai evakuoti i\u0161 pavojingos zonos. Kiekvienoje pus\u0117je yra integruoti mai\u0161eliai \u017eurnalui ar PMR RADIJUI. Priekin\u012f skydel\u012f galima lengvai pakeisti d\u0117l lank\u0173 ir kilp\u0173 + 2 sagties tvirtinimo sistemos.   <\/p>\n<p>\u0160ioje liemen\u0117je gali b\u016bti &#8220;\u0161auli\u0173 ginkl\u0173 apsaugos \u012fd\u0117klai&#8221; (SAPI plok\u0161t\u0117s) arba pana\u0161ios kietos balistin\u0117s plok\u0161t\u0117s. Jis taip pat gali b\u016bti \u012frengtas su \u0161onin\u0117mis plok\u0161t\u0117mis. Liemen\u0117s vidus ir pe\u010diai yra pamink\u0161tinti mink\u0161tu tarpikliu, kad b\u016bt\u0173 u\u017etikrintas komfortas ir oro cirkuliacija.  <\/p>\n","protected":false},"featured_media":117949,"template":"","meta":{"_acf_changed":false},"product_brand":[],"product_cat":[1235],"product_tag":[],"class_list":{"0":"post-150922","1":"product","2":"type-product","3":"status-publish","4":"has-post-thumbnail","6":"product_cat-liemeneles-ir-dirzai","8":"first","9":"instock","10":"taxable","11":"shipping-taxable","12":"purchasable","13":"product-type-simple"},"acf":[],"_links":{"self":[{"href":"https:\/\/kingarms.ee\/lt\/wp-json\/wp\/v2\/product\/150922","targetHints":{"allow":["GET"]}}],"collection":[{"href":"https:\/\/kingarms.ee\/lt\/wp-json\/wp\/v2\/product"}],"about":[{"href":"https:\/\/kingarms.ee\/lt\/wp-json\/wp\/v2\/types\/product"}],"wp:featuredmedia":[{"embeddable":true,"href":"https:\/\/kingarms.ee\/lt\/wp-json\/wp\/v2\/media\/117949"}],"wp:attachment":[{"href":"https:\/\/kingarms.ee\/lt\/wp-json\/wp\/v2\/media?parent=150922"}],"wp:term":[{"taxonomy":"product_brand","embeddable":true,"href":"https:\/\/kingarms.ee\/lt\/wp-json\/wp\/v2\/product_brand?post=150922"},{"taxonomy":"product_cat","embeddable":true,"href":"https:\/\/kingarms.ee\/lt\/wp-json\/wp\/v2\/product_cat?post=150922"},{"taxonomy":"product_tag","embeddable":true,"href":"https:\/\/kingarms.ee\/lt\/wp-json\/wp\/v2\/product_tag?post=150922"}],"curies":[{"name":"wp","href":"https:\/\/api.w.org\/{rel}","templated":true}]}}