{"id":150924,"date":"2022-04-28T19:42:49","date_gmt":"2025-06-08T15:26:42","guid":{"rendered":"https:\/\/kingarms.ee\/product\/sarvu-vezejas-ranger-green-invader-gear\/"},"modified":"2025-06-08T18:26:42","modified_gmt":"2025-06-08T15:26:42","slug":"sarvu-vezejas-ranger-green-invader-gear","status":"publish","type":"product","link":"https:\/\/kingarms.ee\/lt\/product\/sarvu-vezejas-ranger-green-invader-gear\/","title":{"rendered":"\u0160arv\u0173 ve\u017e\u0117jas \u201eRanger Green Invader Gear\u201c"},"content":{"rendered":"","protected":false},"excerpt":{"rendered":"<p>\u0160arv\u0173 ve\u017e\u0117jas \u201eRanger Green Invader Gear\u201c<\/p>\n<p>Pjaunamosios plok\u0161t\u0117s laikiklis sukurtas taip, kad b\u016bt\u0173 lengvas universalus \u017eemo profilio laikiklis balistin\u0117ms plok\u0161t\u0117ms su dideliu pavir\u0161iumi \u012frangai ne\u0161ti d\u0117l pilnos MOLLE sistemos.<br \/>\nJis gaminamas naudojant lazerio pjovimo technologij\u0105, kuri suteikia \u0161iai liemenei didel\u012f patvarum\u0105 ir minimal\u0173 med\u017eiag\u0173 naudojim\u0105. Pagrindas pagamintas i\u0161 tvirto 600D audinio, kad b\u016bt\u0173 u\u017etikrintas ma\u017eas svoris. <\/p>\n<p>Vir\u0161utin\u0117je priekin\u0117je ir galin\u0117je srityje yra kabliukai ir kilp\u0173 plok\u0161t\u0117s, skirtos vieneto ID arba moral\u0117s pleistrams, ir gelb\u0117jimo rankena, skirta greitai ir lengvai evakuoti i\u0161 pavojingos zonos. Priekyje galime rasti 3 plok\u0161\u010dius mai\u0161elius M4 stiliaus \u017eurnalams-prireikus tuos mai\u0161elius galima visi\u0161kai u\u017edaryti, kad vartotojui b\u016bt\u0173 suteikta visi\u0161kai plok\u0161\u010dia erdv\u0117. Aplink pe\u010dius yra a\u0161tuoni lankst\u016bs dir\u017eeliai Comtac kabeliams ar hidratacijos vamzdeliams tvirtinti.  <\/p>\n","protected":false},"featured_media":117925,"template":"","meta":{"_acf_changed":false},"product_brand":[],"product_cat":[1235],"product_tag":[],"class_list":{"0":"post-150924","1":"product","2":"type-product","3":"status-publish","4":"has-post-thumbnail","6":"product_cat-liemeneles-ir-dirzai","8":"first","9":"instock","10":"taxable","11":"shipping-taxable","12":"purchasable","13":"product-type-simple"},"acf":[],"_links":{"self":[{"href":"https:\/\/kingarms.ee\/lt\/wp-json\/wp\/v2\/product\/150924","targetHints":{"allow":["GET"]}}],"collection":[{"href":"https:\/\/kingarms.ee\/lt\/wp-json\/wp\/v2\/product"}],"about":[{"href":"https:\/\/kingarms.ee\/lt\/wp-json\/wp\/v2\/types\/product"}],"wp:featuredmedia":[{"embeddable":true,"href":"https:\/\/kingarms.ee\/lt\/wp-json\/wp\/v2\/media\/117925"}],"wp:attachment":[{"href":"https:\/\/kingarms.ee\/lt\/wp-json\/wp\/v2\/media?parent=150924"}],"wp:term":[{"taxonomy":"product_brand","embeddable":true,"href":"https:\/\/kingarms.ee\/lt\/wp-json\/wp\/v2\/product_brand?post=150924"},{"taxonomy":"product_cat","embeddable":true,"href":"https:\/\/kingarms.ee\/lt\/wp-json\/wp\/v2\/product_cat?post=150924"},{"taxonomy":"product_tag","embeddable":true,"href":"https:\/\/kingarms.ee\/lt\/wp-json\/wp\/v2\/product_tag?post=150924"}],"curies":[{"name":"wp","href":"https:\/\/api.w.org\/{rel}","templated":true}]}}