{"id":150932,"date":"2022-07-18T04:14:04","date_gmt":"2025-06-09T08:48:32","guid":{"rendered":"https:\/\/kingarms.ee\/product\/m56b-dvigubas-erelis\/"},"modified":"2025-06-09T11:48:32","modified_gmt":"2025-06-09T08:48:32","slug":"m56b-dvigubas-erelis","status":"publish","type":"product","link":"https:\/\/kingarms.ee\/lt\/product\/m56b-dvigubas-erelis\/","title":{"rendered":"M56b Dvigubas erelis"},"content":{"rendered":"","protected":false},"excerpt":{"rendered":"<p>M56b Dvigubas erelis<\/p>\n<p>Med\u017eiaga: Nailonas, Aliuminis<br \/>\nGaisro re\u017eimas: vienas<br \/>\n\u017durnalo modelis: shotshell<br \/>\n\u017durnalo Med\u017eiaga: ABS<br \/>\nGarantinis laikotarpis: 6 m\u0117nesiai<br \/>\n\u0160audmenys: .23g, .20g<br \/>\nIlgis: 645 mm<br \/>\n\u017durnalo talpa: 30 BBs<br \/>\nSnukio energija: 0,78 J<br \/>\nSnukio greitis fps: 290<br \/>\n\u017durnal\u0173 skai\u010dius rinkinyje vnt.: 3<\/p>\n","protected":false},"featured_media":122911,"template":"","meta":{"_acf_changed":false},"product_brand":[],"product_cat":[1140],"product_tag":[],"class_list":{"0":"post-150932","1":"product","2":"type-product","3":"status-publish","4":"has-post-thumbnail","6":"product_cat-sautuvai","8":"first","9":"outofstock","10":"taxable","11":"shipping-taxable","12":"purchasable","13":"product-type-simple"},"acf":[],"_links":{"self":[{"href":"https:\/\/kingarms.ee\/lt\/wp-json\/wp\/v2\/product\/150932","targetHints":{"allow":["GET"]}}],"collection":[{"href":"https:\/\/kingarms.ee\/lt\/wp-json\/wp\/v2\/product"}],"about":[{"href":"https:\/\/kingarms.ee\/lt\/wp-json\/wp\/v2\/types\/product"}],"wp:featuredmedia":[{"embeddable":true,"href":"https:\/\/kingarms.ee\/lt\/wp-json\/wp\/v2\/media\/122911"}],"wp:attachment":[{"href":"https:\/\/kingarms.ee\/lt\/wp-json\/wp\/v2\/media?parent=150932"}],"wp:term":[{"taxonomy":"product_brand","embeddable":true,"href":"https:\/\/kingarms.ee\/lt\/wp-json\/wp\/v2\/product_brand?post=150932"},{"taxonomy":"product_cat","embeddable":true,"href":"https:\/\/kingarms.ee\/lt\/wp-json\/wp\/v2\/product_cat?post=150932"},{"taxonomy":"product_tag","embeddable":true,"href":"https:\/\/kingarms.ee\/lt\/wp-json\/wp\/v2\/product_tag?post=150932"}],"curies":[{"name":"wp","href":"https:\/\/api.w.org\/{rel}","templated":true}]}}