{"id":150934,"date":"2022-02-03T14:31:12","date_gmt":"2025-06-09T08:50:09","guid":{"rendered":"https:\/\/kingarms.ee\/product\/spageti-bolognese-115g\/"},"modified":"2025-06-09T11:50:09","modified_gmt":"2025-06-09T08:50:09","slug":"spageti-bolognese-115g","status":"publish","type":"product","link":"https:\/\/kingarms.ee\/lt\/product\/spageti-bolognese-115g\/","title":{"rendered":"Spageti Bolognese 115g"},"content":{"rendered":"<p><img loading=\"lazy\" decoding=\"async\" class=\"alignnone size-medium wp-image-36421\" src=\"https:\/\/kingarms.ee\/wp-content\/uploads\/2022\/02\/Spaghetti_bolognese-300x239.png\" alt=\"\" width=\"300\" height=\"239\" srcset=\"https:\/\/kingarms.ee\/wp-content\/uploads\/2022\/02\/Spaghetti_bolognese-300x239.png 300w, https:\/\/kingarms.ee\/wp-content\/uploads\/2022\/02\/Spaghetti_bolognese-150x120.png 150w, https:\/\/kingarms.ee\/wp-content\/uploads\/2022\/02\/Spaghetti_bolognese-500x399.png 500w, https:\/\/kingarms.ee\/wp-content\/uploads\/2022\/02\/Spaghetti_bolognese-1024x817.png 1024w, https:\/\/kingarms.ee\/wp-content\/uploads\/2022\/02\/Spaghetti_bolognese-768x613.png 768w, https:\/\/kingarms.ee\/wp-content\/uploads\/2022\/02\/Spaghetti_bolognese.png 1354w\" sizes=\"auto, (max-width: 300px) 100vw, 300px\" \/><\/p>\n","protected":false},"excerpt":{"rendered":"<ul>\n<li>Tradiciniai Spage\u010diai Bolognese<\/li>\n<li>Vienas i\u0161 m\u016bs\u0173 labiausiai giriam\u0173 produkt\u0173<\/li>\n<li>Naudota auk\u0161tos kokyb\u0117s malta jautiena<\/li>\n<li>Su maloniu skoniu palaiko salier\u0105<\/li>\n<li><span lang=\"ET\">Nat\u016bralus ir pagaminas estijoJe <\/span><\/li>\n<li><span lang=\"ET\">N\u0117ra Konservant\u0173 ir pried\u0173<\/span><\/li>\n<li><span lang=\"ET\">Vienos porcijos energin\u0117 vert\u0117 yra 542 kcal<\/span><\/li>\n<li>Geriausias iki: 8 met\u0173<\/li>\n<\/ul>\n<p><strong>Koostisosad:<\/strong><br clear=\"none\"><strong>Spage\u010diai (41%) (kvietiniai miltai, vanduo, ciber\u017eol\u0117), gr\u016bsti pomidorai, jautiena (13%), svog\u016bnai, salier\u0173 stiebai, raps\u0173 aliejus, prieskoniai, \u010desnakai, druska. D\u0117l gamybos linijos produkte gali b\u016bti nedidelis garsty\u010di\u0173 ir pieno kiekis. <\/strong><\/p>\n","protected":false},"featured_media":115241,"template":"","meta":{"_acf_changed":false},"product_brand":[],"product_cat":[1272],"product_tag":[],"class_list":{"0":"post-150934","1":"product","2":"type-product","3":"status-publish","4":"has-post-thumbnail","6":"product_cat-taktine-maisto-pakuote","8":"first","9":"instock","10":"taxable","11":"shipping-taxable","12":"purchasable","13":"product-type-simple"},"acf":[],"_links":{"self":[{"href":"https:\/\/kingarms.ee\/lt\/wp-json\/wp\/v2\/product\/150934","targetHints":{"allow":["GET"]}}],"collection":[{"href":"https:\/\/kingarms.ee\/lt\/wp-json\/wp\/v2\/product"}],"about":[{"href":"https:\/\/kingarms.ee\/lt\/wp-json\/wp\/v2\/types\/product"}],"wp:featuredmedia":[{"embeddable":true,"href":"https:\/\/kingarms.ee\/lt\/wp-json\/wp\/v2\/media\/115241"}],"wp:attachment":[{"href":"https:\/\/kingarms.ee\/lt\/wp-json\/wp\/v2\/media?parent=150934"}],"wp:term":[{"taxonomy":"product_brand","embeddable":true,"href":"https:\/\/kingarms.ee\/lt\/wp-json\/wp\/v2\/product_brand?post=150934"},{"taxonomy":"product_cat","embeddable":true,"href":"https:\/\/kingarms.ee\/lt\/wp-json\/wp\/v2\/product_cat?post=150934"},{"taxonomy":"product_tag","embeddable":true,"href":"https:\/\/kingarms.ee\/lt\/wp-json\/wp\/v2\/product_tag?post=150934"}],"curies":[{"name":"wp","href":"https:\/\/api.w.org\/{rel}","templated":true}]}}