{"id":150945,"date":"2022-07-18T03:15:42","date_gmt":"2025-06-09T09:02:00","guid":{"rendered":"https:\/\/kingarms.ee\/product\/greitasis-krautuvas-colt-python-cybergun\/"},"modified":"2025-06-09T12:02:00","modified_gmt":"2025-06-09T09:02:00","slug":"greitasis-krautuvas-colt-python-cybergun","status":"publish","type":"product","link":"https:\/\/kingarms.ee\/lt\/product\/greitasis-krautuvas-colt-python-cybergun\/","title":{"rendered":"Greitasis Krautuvas Colt Python Cybergun"},"content":{"rendered":"","protected":false},"excerpt":{"rendered":"<p>Greitasis Krautuvas Colt Python Cybergun<\/p>\n<p>I\u0161 anksto paruo\u0161kite d\u0117kl\u0173 \u012fkroviklius d\u0117l \u0161io greitaeigio krautuvo, specialiai sukurto Colt Python 357 Magnum revolveriams, ir niekada nepritr\u016bks \u0161ovini\u0173!<\/p>\n<p>Airsoft revolverio d\u0117klo \u012fkroviklis yra esminis papildomas priedas, u\u017etikrinantis geresn\u012f j\u016bs\u0173 kopijos naudojimo komfort\u0105. I\u0161 ties\u0173, tai leid\u017eia jums laikyti 6 kaset\u0117s d\u0117klus, paruo\u0161tus pakrauti \u012f Colt Python statin\u0119. <\/p>\n","protected":false},"featured_media":122859,"template":"","meta":{"_acf_changed":false},"product_brand":[],"product_cat":[1199],"product_tag":[],"class_list":{"0":"post-150945","1":"product","2":"type-product","3":"status-publish","4":"has-post-thumbnail","6":"product_cat-airsoft-lt","8":"first","9":"instock","10":"taxable","11":"shipping-taxable","12":"purchasable","13":"product-type-simple"},"acf":[],"_links":{"self":[{"href":"https:\/\/kingarms.ee\/lt\/wp-json\/wp\/v2\/product\/150945","targetHints":{"allow":["GET"]}}],"collection":[{"href":"https:\/\/kingarms.ee\/lt\/wp-json\/wp\/v2\/product"}],"about":[{"href":"https:\/\/kingarms.ee\/lt\/wp-json\/wp\/v2\/types\/product"}],"wp:featuredmedia":[{"embeddable":true,"href":"https:\/\/kingarms.ee\/lt\/wp-json\/wp\/v2\/media\/122859"}],"wp:attachment":[{"href":"https:\/\/kingarms.ee\/lt\/wp-json\/wp\/v2\/media?parent=150945"}],"wp:term":[{"taxonomy":"product_brand","embeddable":true,"href":"https:\/\/kingarms.ee\/lt\/wp-json\/wp\/v2\/product_brand?post=150945"},{"taxonomy":"product_cat","embeddable":true,"href":"https:\/\/kingarms.ee\/lt\/wp-json\/wp\/v2\/product_cat?post=150945"},{"taxonomy":"product_tag","embeddable":true,"href":"https:\/\/kingarms.ee\/lt\/wp-json\/wp\/v2\/product_tag?post=150945"}],"curies":[{"name":"wp","href":"https:\/\/api.w.org\/{rel}","templated":true}]}}