{"id":150947,"date":"2022-02-03T13:08:38","date_gmt":"2025-06-09T09:11:00","guid":{"rendered":"https:\/\/kingarms.ee\/product\/ryziu-pudingas-su-uogomis-90g\/"},"modified":"2025-06-09T12:11:00","modified_gmt":"2025-06-09T09:11:00","slug":"ryziu-pudingas-su-uogomis-90g","status":"publish","type":"product","link":"https:\/\/kingarms.ee\/lt\/product\/ryziu-pudingas-su-uogomis-90g\/","title":{"rendered":"Ry\u017ei\u0173 pudingas su uogomis 90g"},"content":{"rendered":"<p><img loading=\"lazy\" decoding=\"async\" class=\"alignnone size-medium wp-image-36228\" src=\"https:\/\/kingarms.ee\/wp-content\/uploads\/2022\/02\/Rice_pudding_berries-300x239.png\" alt=\"\" width=\"300\" height=\"239\" srcset=\"https:\/\/kingarms.ee\/wp-content\/uploads\/2022\/02\/Rice_pudding_berries-300x239.png 300w, https:\/\/kingarms.ee\/wp-content\/uploads\/2022\/02\/Rice_pudding_berries-150x120.png 150w, https:\/\/kingarms.ee\/wp-content\/uploads\/2022\/02\/Rice_pudding_berries-500x399.png 500w, https:\/\/kingarms.ee\/wp-content\/uploads\/2022\/02\/Rice_pudding_berries-1024x817.png 1024w, https:\/\/kingarms.ee\/wp-content\/uploads\/2022\/02\/Rice_pudding_berries-768x613.png 768w, https:\/\/kingarms.ee\/wp-content\/uploads\/2022\/02\/Rice_pudding_berries.png 1354w\" sizes=\"auto, (max-width: 300px) 100vw, 300px\" \/><\/p>\n","protected":false},"excerpt":{"rendered":"<ul>\n<li><span lang=\"ET\">Skan\u016bs pusry\u010diai su 10% susmulkint\u0173 avie\u010di\u0173<\/span><\/li>\n<li><span lang=\"ET\">Maloniai saldi ir daug energijos turinti ko\u0161\u0117 suteikia pakankamai j\u0117g\u0173 prad\u0117ti dien\u0105<\/span><\/li>\n<li><span lang=\"ET\">Nat\u016bralus ir pagaminas estijoJe <\/span><\/li>\n<li><span lang=\"ET\">N\u0117ra Konservant\u0173 ir pried\u0173<\/span><\/li>\n<li><span lang=\"ET\">Vienos porcijos energin\u0117 vert\u0117 yra 425 kcal<\/span><\/li>\n<\/ul>\n<p><span lang=\"ET\">Skan\u016bs pusry\u010diai su 10% susmulkint\u0173 avie\u010di\u0173. Maloniai saldi ir daug energijos turinti ko\u0161\u0117 suteikia pakankamai j\u0117g\u0173 prad\u0117ti dien\u0105. Produktas yra visi\u0161kai nat\u016bralus ir esti\u0161kas, jame n\u0117ra joki\u0173 konservant\u0173 ar pried\u0173. Vienos porcijos energin\u0117 vert\u0117 yra 425 kcal.   <\/span><\/p>\n<p><strong>Koostisosad:<\/strong><br clear=\"none\"><strong>Ry\u017eiai (72%), pienas, aviet\u0117s (10%), plakta grietin\u0117l\u0117, cukrus, druska. D\u0117l gamybos linijos produkte gali b\u016bti nedidelis salier\u0173 ir garsty\u010di\u0173 kiekis. <\/strong><\/p>\n<p>M\u0117gaukit\u0117s kaip skaniais pusry\u010diais arba kaip desertu po kito valgio!<\/p>\n<p>Geriausias iki: 8 met\u0173<\/p>\n","protected":false},"featured_media":115146,"template":"","meta":{"_acf_changed":false},"product_brand":[],"product_cat":[1272],"product_tag":[],"class_list":{"0":"post-150947","1":"product","2":"type-product","3":"status-publish","4":"has-post-thumbnail","6":"product_cat-taktine-maisto-pakuote","8":"first","9":"instock","10":"taxable","11":"shipping-taxable","12":"purchasable","13":"product-type-simple"},"acf":[],"_links":{"self":[{"href":"https:\/\/kingarms.ee\/lt\/wp-json\/wp\/v2\/product\/150947","targetHints":{"allow":["GET"]}}],"collection":[{"href":"https:\/\/kingarms.ee\/lt\/wp-json\/wp\/v2\/product"}],"about":[{"href":"https:\/\/kingarms.ee\/lt\/wp-json\/wp\/v2\/types\/product"}],"wp:featuredmedia":[{"embeddable":true,"href":"https:\/\/kingarms.ee\/lt\/wp-json\/wp\/v2\/media\/115146"}],"wp:attachment":[{"href":"https:\/\/kingarms.ee\/lt\/wp-json\/wp\/v2\/media?parent=150947"}],"wp:term":[{"taxonomy":"product_brand","embeddable":true,"href":"https:\/\/kingarms.ee\/lt\/wp-json\/wp\/v2\/product_brand?post=150947"},{"taxonomy":"product_cat","embeddable":true,"href":"https:\/\/kingarms.ee\/lt\/wp-json\/wp\/v2\/product_cat?post=150947"},{"taxonomy":"product_tag","embeddable":true,"href":"https:\/\/kingarms.ee\/lt\/wp-json\/wp\/v2\/product_tag?post=150947"}],"curies":[{"name":"wp","href":"https:\/\/api.w.org\/{rel}","templated":true}]}}