{"id":150949,"date":"2022-02-03T12:36:33","date_gmt":"2025-06-09T09:14:35","guid":{"rendered":"https:\/\/kingarms.ee\/product\/aviziniu-dribsniu-kose-su-obuoliais-90g\/"},"modified":"2025-06-09T12:14:35","modified_gmt":"2025-06-09T09:14:35","slug":"aviziniu-dribsniu-kose-su-obuoliais-90g","status":"publish","type":"product","link":"https:\/\/kingarms.ee\/lt\/product\/aviziniu-dribsniu-kose-su-obuoliais-90g\/","title":{"rendered":"Avi\u017eini\u0173 dribsni\u0173 ko\u0161\u0117 su obuoliais 90g"},"content":{"rendered":"<p><img loading=\"lazy\" decoding=\"async\" class=\"alignnone size-medium wp-image-36212\" src=\"https:\/\/kingarms.ee\/wp-content\/uploads\/2022\/02\/Oatmeal_and_Apples-300x239.png\" alt=\"\" width=\"300\" height=\"239\" srcset=\"https:\/\/kingarms.ee\/wp-content\/uploads\/2022\/02\/Oatmeal_and_Apples-300x239.png 300w, https:\/\/kingarms.ee\/wp-content\/uploads\/2022\/02\/Oatmeal_and_Apples-150x120.png 150w, https:\/\/kingarms.ee\/wp-content\/uploads\/2022\/02\/Oatmeal_and_Apples-500x399.png 500w, https:\/\/kingarms.ee\/wp-content\/uploads\/2022\/02\/Oatmeal_and_Apples-1024x817.png 1024w, https:\/\/kingarms.ee\/wp-content\/uploads\/2022\/02\/Oatmeal_and_Apples-768x613.png 768w, https:\/\/kingarms.ee\/wp-content\/uploads\/2022\/02\/Oatmeal_and_Apples.png 1354w\" sizes=\"auto, (max-width: 300px) 100vw, 300px\" \/><\/p>\n","protected":false},"excerpt":{"rendered":"<ul>\n<li>Skan\u016bs pusry\u010diai, ypa\u010d sultingi i\u0161 \u0161vie\u017ei\u0173 liofilizuot\u0173 obuoli\u0173<\/li>\n<li>\u012e ko\u0161\u0119 dedama gryno 82% sviesto, kad j\u016bs\u0173 pusry\u010diai b\u016bt\u0173 dar maistingesni<\/li>\n<li>Looduslik ja valmistatud Eestis<\/li>\n<li><span lang=\"ET\">N\u0117ra Konservant\u0173 ir pried\u0173<\/span><\/li>\n<li><span lang=\"ET\">Vienos porcijos energin\u0117 vert\u0117 yra 390 kcal<\/span><\/li>\n<\/ul>\n<p><strong>Koostisosad:<\/strong><br clear=\"none\"><strong>Avi\u017einiai dribsniai (72%), pienas, obuolys (10%), sviestas, cukrus, cinamonas, druska. D\u0117l gamybos linijos produkte gali b\u016bti nedidelis salier\u0173 ir garsty\u010di\u0173 kiekis. <\/strong><\/p>\n<p>Geriausias iki: 8 met\u0173<\/p>\n","protected":false},"featured_media":115140,"template":"","meta":{"_acf_changed":false},"product_brand":[],"product_cat":[1272],"product_tag":[],"class_list":{"0":"post-150949","1":"product","2":"type-product","3":"status-publish","4":"has-post-thumbnail","6":"product_cat-taktine-maisto-pakuote","8":"first","9":"instock","10":"taxable","11":"shipping-taxable","12":"purchasable","13":"product-type-simple"},"acf":[],"_links":{"self":[{"href":"https:\/\/kingarms.ee\/lt\/wp-json\/wp\/v2\/product\/150949","targetHints":{"allow":["GET"]}}],"collection":[{"href":"https:\/\/kingarms.ee\/lt\/wp-json\/wp\/v2\/product"}],"about":[{"href":"https:\/\/kingarms.ee\/lt\/wp-json\/wp\/v2\/types\/product"}],"wp:featuredmedia":[{"embeddable":true,"href":"https:\/\/kingarms.ee\/lt\/wp-json\/wp\/v2\/media\/115140"}],"wp:attachment":[{"href":"https:\/\/kingarms.ee\/lt\/wp-json\/wp\/v2\/media?parent=150949"}],"wp:term":[{"taxonomy":"product_brand","embeddable":true,"href":"https:\/\/kingarms.ee\/lt\/wp-json\/wp\/v2\/product_brand?post=150949"},{"taxonomy":"product_cat","embeddable":true,"href":"https:\/\/kingarms.ee\/lt\/wp-json\/wp\/v2\/product_cat?post=150949"},{"taxonomy":"product_tag","embeddable":true,"href":"https:\/\/kingarms.ee\/lt\/wp-json\/wp\/v2\/product_tag?post=150949"}],"curies":[{"name":"wp","href":"https:\/\/api.w.org\/{rel}","templated":true}]}}