{"id":150953,"date":"2022-01-05T14:34:20","date_gmt":"2025-06-09T09:23:39","guid":{"rendered":"https:\/\/kingarms.ee\/product\/m4-guardian-rungtyniu-laipsnio-sautuvas-aps\/"},"modified":"2025-06-09T12:23:39","modified_gmt":"2025-06-09T09:23:39","slug":"m4-guardian-rungtyniu-laipsnio-sautuvas-aps","status":"publish","type":"product","link":"https:\/\/kingarms.ee\/lt\/product\/m4-guardian-rungtyniu-laipsnio-sautuvas-aps\/","title":{"rendered":"M4 Guardian rungtyni\u0173 laipsnio \u0161autuvas (APS)"},"content":{"rendered":"<p><img loading=\"lazy\" decoding=\"async\" class=\"alignnone size-medium wp-image-34317\" src=\"https:\/\/kingarms.ee\/wp-content\/uploads\/2022\/01\/ASR110B-Guardian-Match-Grade-Rifle-Black-APS-az12969large1-300x210.png\" alt=\"\" width=\"300\" height=\"210\" srcset=\"https:\/\/kingarms.ee\/wp-content\/uploads\/2022\/01\/ASR110B-Guardian-Match-Grade-Rifle-Black-APS-az12969large1-300x210.png 300w, https:\/\/kingarms.ee\/wp-content\/uploads\/2022\/01\/ASR110B-Guardian-Match-Grade-Rifle-Black-APS-az12969large1-150x105.png 150w, https:\/\/kingarms.ee\/wp-content\/uploads\/2022\/01\/ASR110B-Guardian-Match-Grade-Rifle-Black-APS-az12969large1-500x350.png 500w, https:\/\/kingarms.ee\/wp-content\/uploads\/2022\/01\/ASR110B-Guardian-Match-Grade-Rifle-Black-APS-az12969large1-1024x717.png 1024w, https:\/\/kingarms.ee\/wp-content\/uploads\/2022\/01\/ASR110B-Guardian-Match-Grade-Rifle-Black-APS-az12969large1-768x538.png 768w, https:\/\/kingarms.ee\/wp-content\/uploads\/2022\/01\/ASR110B-Guardian-Match-Grade-Rifle-Black-APS-az12969large1.png 1400w\" sizes=\"auto, (max-width: 300px) 100vw, 300px\" \/><\/p>\n","protected":false},"excerpt":{"rendered":"<p>M4 Guardian rungtyni\u0173 laipsnio \u0161autuvas (APS)<\/p>\n<p>Hop-Up: reguleeritav<\/p>\n<p>Fotografavimo re\u017eimas: pusiau ir visi\u0161kai automatinis<\/p>\n<p>D\u0117klo talpa: 300 vnt<\/p>\n<p>Ilgis: 990 mm<\/p>\n<p>Ilgis (sulankstytas): 907 mm<\/p>\n<p>Vidinio vamzd\u017eio ilgis: 445 mm<\/p>\n<p>Gamintojas: APS<\/p>\n<p>Variklis: ilgas<\/p>\n<p>Ry\u0161ys: Mini Tamiya<\/p>\n<p>Kalibras: 6 mm<\/p>\n<p>MOSFET: ne<\/p>\n<p>Pavar\u0173 d\u0117\u017e\u0117s versija: 2 pagal u\u017esakym\u0105<\/p>\n<p>Svoris: 2,6 kg<\/p>\n<p>\u0160audymo greitis 1,3 J arba 375 kadr\u0173 per sekund\u0119<\/p>\n","protected":false},"featured_media":129378,"template":"","meta":{"_acf_changed":false},"product_brand":[],"product_cat":[1139],"product_tag":[1318],"class_list":{"0":"post-150953","1":"product","2":"type-product","3":"status-publish","4":"has-post-thumbnail","6":"product_cat-elektro-pneumatiniai-ginklai","7":"product_tag-4blss3ph-lt","9":"first","10":"instock","11":"sale","12":"taxable","13":"shipping-taxable","14":"purchasable","15":"product-type-simple"},"acf":[],"_links":{"self":[{"href":"https:\/\/kingarms.ee\/lt\/wp-json\/wp\/v2\/product\/150953","targetHints":{"allow":["GET"]}}],"collection":[{"href":"https:\/\/kingarms.ee\/lt\/wp-json\/wp\/v2\/product"}],"about":[{"href":"https:\/\/kingarms.ee\/lt\/wp-json\/wp\/v2\/types\/product"}],"wp:featuredmedia":[{"embeddable":true,"href":"https:\/\/kingarms.ee\/lt\/wp-json\/wp\/v2\/media\/129378"}],"wp:attachment":[{"href":"https:\/\/kingarms.ee\/lt\/wp-json\/wp\/v2\/media?parent=150953"}],"wp:term":[{"taxonomy":"product_brand","embeddable":true,"href":"https:\/\/kingarms.ee\/lt\/wp-json\/wp\/v2\/product_brand?post=150953"},{"taxonomy":"product_cat","embeddable":true,"href":"https:\/\/kingarms.ee\/lt\/wp-json\/wp\/v2\/product_cat?post=150953"},{"taxonomy":"product_tag","embeddable":true,"href":"https:\/\/kingarms.ee\/lt\/wp-json\/wp\/v2\/product_tag?post=150953"}],"curies":[{"name":"wp","href":"https:\/\/api.w.org\/{rel}","templated":true}]}}