{"id":150957,"date":"2022-01-05T13:38:07","date_gmt":"2025-06-09T09:36:00","guid":{"rendered":"https:\/\/kingarms.ee\/product\/fabarm-18-bo-gamyba\/"},"modified":"2025-06-09T12:36:00","modified_gmt":"2025-06-09T09:36:00","slug":"fabarm-18-bo-gamyba","status":"publish","type":"product","link":"https:\/\/kingarms.ee\/lt\/product\/fabarm-18-bo-gamyba\/","title":{"rendered":"FABARM 18 (BO gamyba)"},"content":{"rendered":"<p><img loading=\"lazy\" decoding=\"async\" class=\"alignnone size-medium wp-image-34279\" src=\"https:\/\/kingarms.ee\/wp-content\/uploads\/2022\/01\/BOmanu-Fabarm-STF12-11in-tan-Spring-Airsoft-Shotgun-ab18-_-201702-300x300.jpeg\" alt=\"\" width=\"300\" height=\"300\" srcset=\"https:\/\/kingarms.ee\/wp-content\/uploads\/2022\/01\/BOmanu-Fabarm-STF12-11in-tan-Spring-Airsoft-Shotgun-ab18-_-201702-300x300.jpeg 300w, https:\/\/kingarms.ee\/wp-content\/uploads\/2022\/01\/BOmanu-Fabarm-STF12-11in-tan-Spring-Airsoft-Shotgun-ab18-_-201702-150x150.jpeg 150w, https:\/\/kingarms.ee\/wp-content\/uploads\/2022\/01\/BOmanu-Fabarm-STF12-11in-tan-Spring-Airsoft-Shotgun-ab18-_-201702-500x500.jpeg 500w, https:\/\/kingarms.ee\/wp-content\/uploads\/2022\/01\/BOmanu-Fabarm-STF12-11in-tan-Spring-Airsoft-Shotgun-ab18-_-201702-768x768.jpeg 768w, https:\/\/kingarms.ee\/wp-content\/uploads\/2022\/01\/BOmanu-Fabarm-STF12-11in-tan-Spring-Airsoft-Shotgun-ab18-_-201702.jpeg 1000w\" sizes=\"auto, (max-width: 300px) 100vw, 300px\" \/><\/p>\n","protected":false},"excerpt":{"rendered":"<p>FABARM 18 (BO gamyba)<\/p>\n<p>Gamintojas: BO Manufacture<\/p>\n<p>Modelis: Fabarm STF 18&#8243;<\/p>\n<p>Svoris: 1780 g<\/p>\n<p>Ilgis: 925 mm<\/p>\n<p>Snukio energija: 254 FPS \/ &lt; 0,8 d\u017eauli\u0173<\/p>\n<p>Vidinis vamzd\u017eio ilgis: ca 250 mm<\/p>\n<p>Vamzd\u017eio vidinis skersmuo: 6.08 mm<\/p>\n<p>Pavaros tipas: spyruoklinis oro sl\u0117gis, 3 \u0161\u016bviai<\/p>\n<p>Magasin talpa: \u017demas dangtelis 30 raund\u0173<\/p>\n<p>Med\u017eiaga: aliuminis, polimeras, plienas<\/p>\n<p>Gaisro re\u017eimai: kartotuvas (siurblio veikimas)<\/p>\n<p>Rekomenduojama \u0161audmenys: .23g,.25g<\/p>\n<p>Nustatyti turin\u012f:<\/p>\n<p>1 Fabram STF18&#8243;<\/p>\n<p>1 vadovas<\/p>\n<p>1 greitas krautuvas<\/p>\n<p>2 kartus ma\u017eesnis d\u0117klas<\/p>\n<p>1 valymo \u0161luost\u0117<\/p>\n<p>1 greitasis krautuvas<\/p>\n<p>1 BB m\u0117ginio pakuot\u0117<\/p>\n","protected":false},"featured_media":114648,"template":"","meta":{"_acf_changed":false},"product_brand":[],"product_cat":[1140],"product_tag":[],"class_list":{"0":"post-150957","1":"product","2":"type-product","3":"status-publish","4":"has-post-thumbnail","6":"product_cat-sautuvai","8":"first","9":"instock","10":"sale","11":"taxable","12":"shipping-taxable","13":"purchasable","14":"product-type-simple"},"acf":[],"_links":{"self":[{"href":"https:\/\/kingarms.ee\/lt\/wp-json\/wp\/v2\/product\/150957","targetHints":{"allow":["GET"]}}],"collection":[{"href":"https:\/\/kingarms.ee\/lt\/wp-json\/wp\/v2\/product"}],"about":[{"href":"https:\/\/kingarms.ee\/lt\/wp-json\/wp\/v2\/types\/product"}],"wp:featuredmedia":[{"embeddable":true,"href":"https:\/\/kingarms.ee\/lt\/wp-json\/wp\/v2\/media\/114648"}],"wp:attachment":[{"href":"https:\/\/kingarms.ee\/lt\/wp-json\/wp\/v2\/media?parent=150957"}],"wp:term":[{"taxonomy":"product_brand","embeddable":true,"href":"https:\/\/kingarms.ee\/lt\/wp-json\/wp\/v2\/product_brand?post=150957"},{"taxonomy":"product_cat","embeddable":true,"href":"https:\/\/kingarms.ee\/lt\/wp-json\/wp\/v2\/product_cat?post=150957"},{"taxonomy":"product_tag","embeddable":true,"href":"https:\/\/kingarms.ee\/lt\/wp-json\/wp\/v2\/product_tag?post=150957"}],"curies":[{"name":"wp","href":"https:\/\/api.w.org\/{rel}","templated":true}]}}