{"id":150966,"date":"2022-01-04T19:12:11","date_gmt":"2025-06-09T09:49:44","guid":{"rendered":"https:\/\/kingarms.ee\/product\/tsa-uzraktas-nimrod\/"},"modified":"2025-06-09T12:49:44","modified_gmt":"2025-06-09T09:49:44","slug":"tsa-uzraktas-nimrod","status":"publish","type":"product","link":"https:\/\/kingarms.ee\/lt\/product\/tsa-uzraktas-nimrod\/","title":{"rendered":"TSA u\u017eraktas (Nimrod)"},"content":{"rendered":"<p><img loading=\"lazy\" decoding=\"async\" class=\"alignnone size-medium wp-image-34132\" src=\"https:\/\/kingarms.ee\/wp-content\/uploads\/2022\/01\/TSA-Lock-Nimrod-az34315large1-300x210.png\" alt=\"\" width=\"300\" height=\"210\" srcset=\"https:\/\/kingarms.ee\/wp-content\/uploads\/2022\/01\/TSA-Lock-Nimrod-az34315large1-300x210.png 300w, https:\/\/kingarms.ee\/wp-content\/uploads\/2022\/01\/TSA-Lock-Nimrod-az34315large1-150x105.png 150w, https:\/\/kingarms.ee\/wp-content\/uploads\/2022\/01\/TSA-Lock-Nimrod-az34315large1-500x350.png 500w, https:\/\/kingarms.ee\/wp-content\/uploads\/2022\/01\/TSA-Lock-Nimrod-az34315large1-1024x717.png 1024w, https:\/\/kingarms.ee\/wp-content\/uploads\/2022\/01\/TSA-Lock-Nimrod-az34315large1-768x538.png 768w, https:\/\/kingarms.ee\/wp-content\/uploads\/2022\/01\/TSA-Lock-Nimrod-az34315large1.png 1400w\" sizes=\"auto, (max-width: 300px) 100vw, 300px\" \/><\/p>\n","protected":false},"excerpt":{"rendered":"<p>TSA u\u017eraktas (Nimrod)<\/p>\n<p>\u0160i spyna skirta u\u017erakinti ginklo d\u0117klo pried\u0105.<\/p>\n<p>Gamintojas NIMROD<\/p>\n","protected":false},"featured_media":114598,"template":"","meta":{"_acf_changed":false},"product_brand":[],"product_cat":[1274,1270],"product_tag":[],"class_list":{"0":"post-150966","1":"product","2":"type-product","3":"status-publish","4":"has-post-thumbnail","6":"product_cat-kita-lt","7":"product_cat-safes-lt","9":"first","10":"onbackorder","11":"taxable","12":"shipping-taxable","13":"product-type-simple"},"acf":[],"_links":{"self":[{"href":"https:\/\/kingarms.ee\/lt\/wp-json\/wp\/v2\/product\/150966","targetHints":{"allow":["GET"]}}],"collection":[{"href":"https:\/\/kingarms.ee\/lt\/wp-json\/wp\/v2\/product"}],"about":[{"href":"https:\/\/kingarms.ee\/lt\/wp-json\/wp\/v2\/types\/product"}],"wp:featuredmedia":[{"embeddable":true,"href":"https:\/\/kingarms.ee\/lt\/wp-json\/wp\/v2\/media\/114598"}],"wp:attachment":[{"href":"https:\/\/kingarms.ee\/lt\/wp-json\/wp\/v2\/media?parent=150966"}],"wp:term":[{"taxonomy":"product_brand","embeddable":true,"href":"https:\/\/kingarms.ee\/lt\/wp-json\/wp\/v2\/product_brand?post=150966"},{"taxonomy":"product_cat","embeddable":true,"href":"https:\/\/kingarms.ee\/lt\/wp-json\/wp\/v2\/product_cat?post=150966"},{"taxonomy":"product_tag","embeddable":true,"href":"https:\/\/kingarms.ee\/lt\/wp-json\/wp\/v2\/product_tag?post=150966"}],"curies":[{"name":"wp","href":"https:\/\/api.w.org\/{rel}","templated":true}]}}