{"id":150971,"date":"2021-12-20T15:59:31","date_gmt":"2025-06-09T10:22:48","guid":{"rendered":"https:\/\/kingarms.ee\/product\/cp99-kompaktiskas-umareksas\/"},"modified":"2025-06-09T13:22:48","modified_gmt":"2025-06-09T10:22:48","slug":"cp99-kompaktiskas-umareksas","status":"publish","type":"product","link":"https:\/\/kingarms.ee\/lt\/product\/cp99-kompaktiskas-umareksas\/","title":{"rendered":"CP99 kompakti\u0161kas (Umareksas)"},"content":{"rendered":"<p><img loading=\"lazy\" decoding=\"async\" class=\"alignnone size-medium wp-image-34020\" src=\"https:\/\/kingarms.ee\/wp-content\/uploads\/2021\/12\/pistol-walther-cp99-compact-4-5-mm-3505a079b3e84cf99815f79b5eb01a1d-5b1e064d-300x300.jpeg\" alt=\"\" width=\"300\" height=\"300\" srcset=\"https:\/\/kingarms.ee\/wp-content\/uploads\/2021\/12\/pistol-walther-cp99-compact-4-5-mm-3505a079b3e84cf99815f79b5eb01a1d-5b1e064d-300x300.jpeg 300w, https:\/\/kingarms.ee\/wp-content\/uploads\/2021\/12\/pistol-walther-cp99-compact-4-5-mm-3505a079b3e84cf99815f79b5eb01a1d-5b1e064d-150x150.jpeg 150w, https:\/\/kingarms.ee\/wp-content\/uploads\/2021\/12\/pistol-walther-cp99-compact-4-5-mm-3505a079b3e84cf99815f79b5eb01a1d-5b1e064d-500x500.jpeg 500w, https:\/\/kingarms.ee\/wp-content\/uploads\/2021\/12\/pistol-walther-cp99-compact-4-5-mm-3505a079b3e84cf99815f79b5eb01a1d-5b1e064d-768x768.jpeg 768w, https:\/\/kingarms.ee\/wp-content\/uploads\/2021\/12\/pistol-walther-cp99-compact-4-5-mm-3505a079b3e84cf99815f79b5eb01a1d-5b1e064d.jpeg 900w\" sizes=\"auto, (max-width: 300px) 100vw, 300px\" \/><\/p>\n","protected":false},"excerpt":{"rendered":"<p>CP99 kompakti\u0161kas (Umareksas)<\/p>\n<p><strong>Oro pistoletas CP99<\/strong> yra 18 \u0161\u016bvi\u0173,<\/p>\n<p>su ritininiu plaktuku, tikslus ir patogus ginklas.<\/p>\n<p>Metalin\u0117s rog\u0117s. Sm\u016bgis atgal veiksm\u0173. <\/p>\n<p>Oro pistoletas<\/p>\n<p>naudoja 12 gram\u0173 CO2 kapsules.<\/p>\n<p>Kalibras: 4.5 mm (.177).<\/p>\n<p>Kulkos: apval\u016bs plieniniai rutuliai BB.<\/p>\n<p>Rutulio greitis: 105 m \/ sek.<\/p>\n","protected":false},"featured_media":114568,"template":"","meta":{"_acf_changed":false},"product_brand":[],"product_cat":[1142,1143],"product_tag":[],"class_list":{"0":"post-150971","1":"product","2":"type-product","3":"status-publish","4":"has-post-thumbnail","6":"product_cat-oro-ginklai","7":"product_cat-rankinis-ginklas","9":"first","10":"onbackorder","11":"taxable","12":"shipping-taxable","13":"product-type-simple"},"acf":[],"_links":{"self":[{"href":"https:\/\/kingarms.ee\/lt\/wp-json\/wp\/v2\/product\/150971","targetHints":{"allow":["GET"]}}],"collection":[{"href":"https:\/\/kingarms.ee\/lt\/wp-json\/wp\/v2\/product"}],"about":[{"href":"https:\/\/kingarms.ee\/lt\/wp-json\/wp\/v2\/types\/product"}],"wp:featuredmedia":[{"embeddable":true,"href":"https:\/\/kingarms.ee\/lt\/wp-json\/wp\/v2\/media\/114568"}],"wp:attachment":[{"href":"https:\/\/kingarms.ee\/lt\/wp-json\/wp\/v2\/media?parent=150971"}],"wp:term":[{"taxonomy":"product_brand","embeddable":true,"href":"https:\/\/kingarms.ee\/lt\/wp-json\/wp\/v2\/product_brand?post=150971"},{"taxonomy":"product_cat","embeddable":true,"href":"https:\/\/kingarms.ee\/lt\/wp-json\/wp\/v2\/product_cat?post=150971"},{"taxonomy":"product_tag","embeddable":true,"href":"https:\/\/kingarms.ee\/lt\/wp-json\/wp\/v2\/product_tag?post=150971"}],"curies":[{"name":"wp","href":"https:\/\/api.w.org\/{rel}","templated":true}]}}