{"id":150972,"date":"2021-12-19T16:15:51","date_gmt":"2025-06-09T10:35:44","guid":{"rendered":"https:\/\/kingarms.ee\/product\/taktiniai-akiniai-ice-3ls\/"},"modified":"2025-06-09T13:35:44","modified_gmt":"2025-06-09T10:35:44","slug":"taktiniai-akiniai-ice-3ls","status":"publish","type":"product","link":"https:\/\/kingarms.ee\/lt\/product\/taktiniai-akiniai-ice-3ls\/","title":{"rendered":"Taktiniai akiniai (ICE 3LS)"},"content":{"rendered":"<p><img loading=\"lazy\" decoding=\"async\" class=\"alignnone size-medium wp-image-33688\" src=\"https:\/\/kingarms.ee\/wp-content\/uploads\/2021\/12\/1152204549_1-300x175.jpeg\" alt=\"\" width=\"300\" height=\"175\" srcset=\"https:\/\/kingarms.ee\/wp-content\/uploads\/2021\/12\/1152204549_1-300x175.jpeg 300w, https:\/\/kingarms.ee\/wp-content\/uploads\/2021\/12\/1152204549_1-150x87.jpeg 150w, https:\/\/kingarms.ee\/wp-content\/uploads\/2021\/12\/1152204549_1-500x291.jpeg 500w, https:\/\/kingarms.ee\/wp-content\/uploads\/2021\/12\/1152204549_1.jpeg 700w\" sizes=\"auto, (max-width: 300px) 100vw, 300px\" \/><\/p>\n","protected":false},"excerpt":{"rendered":"<p>Taktiniai akiniai (ICE 3LS)<\/p>\n<p>ICE (kei\u010diamos dalies aki\u0173 apsauga) yra lengvas, be kra\u0161t\u0173 dizainas, si\u016blantis visi\u0161k\u0105 balistin\u0119 apsaug\u0105, neribot\u0105 matymo lauk\u0105, auk\u0161\u010diausios kokyb\u0117s optin\u012f skydel\u012f ir reguliuojamas dalis. Modulin\u0117 konstrukcija leid\u017eia pakeisti bet kur\u012f akini\u0173 element\u0105, taip pat leid\u017eia pritvirtinti korekcin\u012f tarpikl\u012f. <\/p>\n<p>Visi ice pick serijos skydeliai si\u016blo 100% UVA \/ UVB apsaug\u0105 ir yra patvaresni nei ANSI Z87.1-2010. Be to, akiniai i\u0161laik\u0117 MIL-PRF-31013 balistinius bandymus .15 kalibro. <\/p>\n<p>YPATINGOS SAVYB\u0116S:<\/p>\n<p>&#8211; Modulin\u0117 konstrukcija leid\u017eia pakeisti bet kok\u012f akini\u0173 element\u0105: skydel\u012f, rankenas ar nosies dal\u012f<\/p>\n<p>&#8211; Atsparus pa\u017eeidimams ir deformacijai pirmosios optin\u0117s klas\u0117s balistinis skydelis su 2,4 mm polikarbonato storiu<\/p>\n<p>&#8211; Skydelis be i\u0161kraipym\u0173 ir suteikia 100% apsaug\u0105 nuo UVA ir UVB spinduliuot\u0117s<\/p>\n<p>&#8211; ToughZone-technologija, apsauganti skydel\u012f nuo \u012fbr\u0117\u017eim\u0173<\/p>\n<p>&#8211; Neribotas matymo laukas, Idealiai tinka ginkl\u0173 tvarkymui<\/p>\n<p>&#8211; Lengvas ir labai greitas skydelio keitimas, sumontuotas skydelio galuose naudojant profiliuotus pj\u016bvius<\/p>\n<p>&#8211; Lanks\u010dios ausin\u0117s su posilockrag technologija yra reguliuojamo ilgio, tod\u0117l jos puikiai priglunda prie vartotojo galvos formos<\/p>\n<p>&#8211; Antspaudai u\u017etikrina maksimal\u0173 komfort\u0105 ir neturi sl\u0117gio ta\u0161k\u0173<\/p>\n<p>&#8211; Patogi kei\u010diama Kompozicin\u0117 Silikonin\u0117 nosies dalis<\/p>\n<p>&#8211; Lankstus dir\u017eelis, apsaugantis akinius nuo praradimo<\/p>\n<p>-Galimos U-RKSATO, P-2BATE ir Vice kapitalinio remonto dalys<\/p>\n<p>SPECIFIKACIJA:<\/p>\n<p>&#8211; Skydelio med\u017eiaga: Polikarbonatas<\/p>\n<p>&#8211; Skydelio storis: 2,4 mm<\/p>\n<p>&#8211; Skydelio spalva:<\/p>\n<p>* Skaidrus, matomos \u0161viesos pralaidumas: 89%<\/p>\n<p>* Geltona, matomos \u0161viesos pralaidumas: 85%<\/p>\n<p>* Pritemdomas, matomos \u0161viesos pralaidumas: 15%<\/p>\n<p>&#8211; Antspaudo spalva: Juoda<\/p>\n<p>&#8211; Vaizdo ie\u0161kiklio matmenys:<\/p>\n<p>* Ilgis: 147 mm<\/p>\n<p>* Plotis pla\u010diausioje vietoje: 48,1 mm<\/p>\n<p>* Plotis nosies tvirtinimo vietoje: 19,5 mm<\/p>\n<p>* Atstumas tarp \u0161onini\u0173 tvirtinimo ang\u0173: 114,4 \/ 130,5 mm<\/p>\n<p>&#8211; \u0160ventyklos matmenys:<\/p>\n<p>* Vyri\u0173 plotis: 152 mm<\/p>\n<p>* Antspaudo storis: 2,5-5 mm<\/p>\n<p>&#8211; piln\u0173 akini\u0173 svoris: 30 g<\/p>\n<p>&#8211; Vieno skydelio svoris: 19 g<\/p>\n<p>&#8211; Nosies svoris: 3g<\/p>\n<p>&#8211; Antspaudo svoris: 8 g<\/p>\n<p>FILTRAI: 100% UVA \/ UVB<\/p>\n<p>Standartas:<\/p>\n<p>&#8211; atitinka Amerikos Civilin\u012f standart\u0105 ANSI Z87.1-2010<\/p>\n<p>&#8211; Pagal Amerikos karin\u012f standart\u0105 MIL SPEC MIL-PRF-31013 (3.5.1.1 punktas)<\/p>\n<p>&#8211; CE kokyb\u0117s \u017eenklas, atitinkantis Europos standartus EN 166: 2001, EN 170 ir EN 172<\/p>\n<p>&#8211; R\u0117mai, atitinkantys Europos standart\u0105 CE EN 166 FT<\/p>\n<p>&#8211; Skaidrus ir geltonas skydelis pagal Europos standart\u0105 CE 2-2. 1 P\u0116D\u0172 K N<\/p>\n<p>&#8211; Tamsintas skydelis pagal Europos standart\u0105 CE 5-3. 1 P\u0116D\u0172 K N<\/p>\n<p>&#8211; atitinka JAV federalin\u0119 OSHA<\/p>\n<p>NATO NSN saugojimo numeris: 4240-01-545-7922<\/p>\n<p>\u012e Rinkin:<\/p>\n<p>&#8211; Ledo plok\u0161t\u0117s antspaudai<\/p>\n<p>&#8211; Ai\u0161kus vaizdo ie\u0161kiklis<\/p>\n<p>&#8211; D\u016bm\u0173 pilkos spalvos vaizdo ie\u0161kiklis<\/p>\n<p>&#8211; Hi-Def Geltona didelio kontrasto geltona vaizdo ie\u0161kiklis<\/p>\n<p>&#8211; Mikropluo\u0161to \u0161luost\u0117 be r\u016bko akiniams valyti<\/p>\n<p>&#8211; Elastinga apykakl\u0117<\/p>\n<p>&#8211; U\u017edarytas u\u017etrauktuku, mink\u0161tas nailono d\u0117klas su kompoziciniu spaustuku visam rinkiniui<\/p>\n","protected":false},"featured_media":132836,"template":"","meta":{"_acf_changed":false},"product_brand":[],"product_cat":[1212],"product_tag":[],"class_list":{"0":"post-150972","1":"product","2":"type-product","3":"status-publish","4":"has-post-thumbnail","6":"product_cat-balistiniai-akiniai","8":"first","9":"onbackorder","10":"taxable","11":"shipping-taxable","12":"product-type-simple"},"acf":[],"_links":{"self":[{"href":"https:\/\/kingarms.ee\/lt\/wp-json\/wp\/v2\/product\/150972","targetHints":{"allow":["GET"]}}],"collection":[{"href":"https:\/\/kingarms.ee\/lt\/wp-json\/wp\/v2\/product"}],"about":[{"href":"https:\/\/kingarms.ee\/lt\/wp-json\/wp\/v2\/types\/product"}],"wp:featuredmedia":[{"embeddable":true,"href":"https:\/\/kingarms.ee\/lt\/wp-json\/wp\/v2\/media\/132836"}],"wp:attachment":[{"href":"https:\/\/kingarms.ee\/lt\/wp-json\/wp\/v2\/media?parent=150972"}],"wp:term":[{"taxonomy":"product_brand","embeddable":true,"href":"https:\/\/kingarms.ee\/lt\/wp-json\/wp\/v2\/product_brand?post=150972"},{"taxonomy":"product_cat","embeddable":true,"href":"https:\/\/kingarms.ee\/lt\/wp-json\/wp\/v2\/product_cat?post=150972"},{"taxonomy":"product_tag","embeddable":true,"href":"https:\/\/kingarms.ee\/lt\/wp-json\/wp\/v2\/product_tag?post=150972"}],"curies":[{"name":"wp","href":"https:\/\/api.w.org\/{rel}","templated":true}]}}