{"id":150974,"date":"2021-12-19T16:03:58","date_gmt":"2025-06-09T10:39:20","guid":{"rendered":"https:\/\/kingarms.ee\/product\/taktiniai-akiniai-ess-ice-one\/"},"modified":"2025-06-09T13:39:20","modified_gmt":"2025-06-09T10:39:20","slug":"taktiniai-akiniai-ess-ice-one","status":"publish","type":"product","link":"https:\/\/kingarms.ee\/lt\/product\/taktiniai-akiniai-ess-ice-one\/","title":{"rendered":"Taktiniai akiniai (ESS ICE ONE)"},"content":{"rendered":"<p><img loading=\"lazy\" decoding=\"async\" class=\"alignnone size-medium wp-image-33668\" src=\"https:\/\/kingarms.ee\/wp-content\/uploads\/2021\/12\/1152199431_1-300x200.jpeg\" alt=\"\" width=\"300\" height=\"200\" srcset=\"https:\/\/kingarms.ee\/wp-content\/uploads\/2021\/12\/1152199431_1-300x200.jpeg 300w, https:\/\/kingarms.ee\/wp-content\/uploads\/2021\/12\/1152199431_1-150x100.jpeg 150w, https:\/\/kingarms.ee\/wp-content\/uploads\/2021\/12\/1152199431_1-500x333.jpeg 500w, https:\/\/kingarms.ee\/wp-content\/uploads\/2021\/12\/1152199431_1-768x512.jpeg 768w, https:\/\/kingarms.ee\/wp-content\/uploads\/2021\/12\/1152199431_1.jpeg 800w\" sizes=\"auto, (max-width: 300px) 100vw, 300px\" \/><\/p>\n","protected":false},"excerpt":{"rendered":"<p>Taktiniai akiniai (ESS ICE ONE)<\/p>\n<p>ESS ICE one akini\u0173 modelis (kei\u010diamas komponentas Eyeshield) susideda i\u0161 polikarbonato Objektyvo ir mink\u0161t\u0173 plastikini\u0173 ranken\u0173, kurios \u017eymiai pagerina j\u0173 atsparum\u0105 mechaniniams pa\u017eeidimams.<\/p>\n<p>Polikarbonato l\u0119\u0161is yra 2,4 mm storio ir u\u017etikrina saugum\u0105 d\u0117l to, kad jis atitinka kelis standartus, tarp kuri\u0173 daugiausia yra mil-DTL-43511d, ANSI Z87.1 ir CE EN 166 standartai. Be to, objektyvas yra padengtas skaidriu zonos sluoksniu, kuris padidina jo atsparum\u0105 \u012fbr\u0117\u017eimams ir suma\u017eina rasojim\u0105. <\/p>\n<p><strong>NB!<\/p>\n<p> \u0160aunamasis<\/strong><\/p>\n","protected":false},"featured_media":114434,"template":"","meta":{"_acf_changed":false},"product_brand":[],"product_cat":[1212],"product_tag":[],"class_list":{"0":"post-150974","1":"product","2":"type-product","3":"status-publish","4":"has-post-thumbnail","6":"product_cat-balistiniai-akiniai","8":"first","9":"onbackorder","10":"taxable","11":"shipping-taxable","12":"product-type-simple"},"acf":[],"_links":{"self":[{"href":"https:\/\/kingarms.ee\/lt\/wp-json\/wp\/v2\/product\/150974","targetHints":{"allow":["GET"]}}],"collection":[{"href":"https:\/\/kingarms.ee\/lt\/wp-json\/wp\/v2\/product"}],"about":[{"href":"https:\/\/kingarms.ee\/lt\/wp-json\/wp\/v2\/types\/product"}],"wp:featuredmedia":[{"embeddable":true,"href":"https:\/\/kingarms.ee\/lt\/wp-json\/wp\/v2\/media\/114434"}],"wp:attachment":[{"href":"https:\/\/kingarms.ee\/lt\/wp-json\/wp\/v2\/media?parent=150974"}],"wp:term":[{"taxonomy":"product_brand","embeddable":true,"href":"https:\/\/kingarms.ee\/lt\/wp-json\/wp\/v2\/product_brand?post=150974"},{"taxonomy":"product_cat","embeddable":true,"href":"https:\/\/kingarms.ee\/lt\/wp-json\/wp\/v2\/product_cat?post=150974"},{"taxonomy":"product_tag","embeddable":true,"href":"https:\/\/kingarms.ee\/lt\/wp-json\/wp\/v2\/product_tag?post=150974"}],"curies":[{"name":"wp","href":"https:\/\/api.w.org\/{rel}","templated":true}]}}