{"id":150978,"date":"2021-12-03T22:13:29","date_gmt":"2021-12-03T19:13:29","guid":{"rendered":"https:\/\/kingarms.ee\/product\/am008-ameba\/"},"modified":"2025-06-09T13:49:26","modified_gmt":"2025-06-09T10:49:26","slug":"am008-ameba","status":"publish","type":"product","link":"https:\/\/kingarms.ee\/lt\/product\/am008-ameba\/","title":{"rendered":"AM008 (ameba)"},"content":{"rendered":"<p><img loading=\"lazy\" decoding=\"async\" class=\"alignnone size-medium wp-image-33473\" src=\"https:\/\/kingarms.ee\/wp-content\/uploads\/2021\/12\/1152212701_11-300x200.jpeg\" alt=\"\" width=\"300\" height=\"200\" srcset=\"https:\/\/kingarms.ee\/wp-content\/uploads\/2021\/12\/1152212701_11-300x200.jpeg 300w, https:\/\/kingarms.ee\/wp-content\/uploads\/2021\/12\/1152212701_11-150x100.jpeg 150w, https:\/\/kingarms.ee\/wp-content\/uploads\/2021\/12\/1152212701_11-500x333.jpeg 500w, https:\/\/kingarms.ee\/wp-content\/uploads\/2021\/12\/1152212701_11-1024x682.jpeg 1024w, https:\/\/kingarms.ee\/wp-content\/uploads\/2021\/12\/1152212701_11-768x512.jpeg 768w, https:\/\/kingarms.ee\/wp-content\/uploads\/2021\/12\/1152212701_11-1536x1024.jpeg 1536w, https:\/\/kingarms.ee\/wp-content\/uploads\/2021\/12\/1152212701_11.jpeg 2000w\" sizes=\"auto, (max-width: 300px) 100vw, 300px\" \/><\/p>\n","protected":false},"excerpt":{"rendered":"<p>AM008 (ameba)<\/p>\n<p>Gamintojas Amoeba<\/p>\n<p>Greitis [FPS] ~380<\/p>\n<p>Veiksmas \/ elektros galia<\/p>\n<p>Pavar\u0173 d\u0117\u017e\u0117s versija su modifikuota v2 pavar\u0173 d\u0117\u017ee<\/p>\n<p>Fotografavimo re\u017eimas vienas, automobilis<\/p>\n<p>Svoris [g] 2180<\/p>\n<p>D\u0117klo tipas Hi-Cap<\/p>\n<p>D\u0117klo talpa [vnt] 300<\/p>\n<p>Hop-Up Jah<\/p>\n<p>Pagaminta i\u0161 plastiko + metalo<\/p>\n<p>Spalvotas \u012edegis \/ Kojotas<\/p>\n<p>Greita Spyruokli\u0173 keitimo sistema taip<\/p>\n<p>Ilgis [mm] 670-750<\/p>\n<p>MOSFET taip<\/p>\n<p>\u201eProdukto\u201c garantas 3 Metai ir GustjoJos Metu Be Prieju\u016bros<\/p>\n","protected":false},"featured_media":114388,"template":"","meta":{"_acf_changed":false},"product_brand":[],"product_cat":[1139],"product_tag":[1318],"class_list":{"0":"post-150978","1":"product","2":"type-product","3":"status-publish","4":"has-post-thumbnail","6":"product_cat-elektro-pneumatiniai-ginklai","7":"product_tag-4blss3ph-lt","9":"first","10":"instock","11":"taxable","12":"shipping-taxable","13":"purchasable","14":"product-type-simple"},"acf":[],"_links":{"self":[{"href":"https:\/\/kingarms.ee\/lt\/wp-json\/wp\/v2\/product\/150978","targetHints":{"allow":["GET"]}}],"collection":[{"href":"https:\/\/kingarms.ee\/lt\/wp-json\/wp\/v2\/product"}],"about":[{"href":"https:\/\/kingarms.ee\/lt\/wp-json\/wp\/v2\/types\/product"}],"wp:featuredmedia":[{"embeddable":true,"href":"https:\/\/kingarms.ee\/lt\/wp-json\/wp\/v2\/media\/114388"}],"wp:attachment":[{"href":"https:\/\/kingarms.ee\/lt\/wp-json\/wp\/v2\/media?parent=150978"}],"wp:term":[{"taxonomy":"product_brand","embeddable":true,"href":"https:\/\/kingarms.ee\/lt\/wp-json\/wp\/v2\/product_brand?post=150978"},{"taxonomy":"product_cat","embeddable":true,"href":"https:\/\/kingarms.ee\/lt\/wp-json\/wp\/v2\/product_cat?post=150978"},{"taxonomy":"product_tag","embeddable":true,"href":"https:\/\/kingarms.ee\/lt\/wp-json\/wp\/v2\/product_tag?post=150978"}],"curies":[{"name":"wp","href":"https:\/\/api.w.org\/{rel}","templated":true}]}}