{"id":150980,"date":"2022-07-18T03:11:30","date_gmt":"2025-06-09T10:50:53","guid":{"rendered":"https:\/\/kingarms.ee\/product\/dot-zvilgsnio-8-reti-refleksas-sveicarijos-ginklu\/"},"modified":"2025-06-09T13:50:53","modified_gmt":"2025-06-09T10:50:53","slug":"dot-zvilgsnio-8-reti-refleksas-sveicarijos-ginklu","status":"publish","type":"product","link":"https:\/\/kingarms.ee\/lt\/product\/dot-zvilgsnio-8-reti-refleksas-sveicarijos-ginklu\/","title":{"rendered":"Dot \u017dvilgsnio 8 Reti Refleksas \u0160veicarijos Ginkl\u0173"},"content":{"rendered":"","protected":false},"excerpt":{"rendered":"<h2>Dot \u017dvilgsnio 8 Reti Refleksas \u0160veicarijos Ginkl\u0173<\/h2>\n<h3>Tinka ma\u017eiems gr\u0119\u017einiams ir \u201eairsoft\u201c<\/h3>\n<ul>\n<li>8 kryp\u010di\u0173 reguliuojamas ap\u0161vietimo intensyvumas<\/li>\n<li>Pilnas v\u0117jo reguliavimas<\/li>\n<li>Rechargeable has a built-in battery that can be recharged via USB.<\/li>\n<\/ul>\n<p>Be to, taip pat gali b\u016bti maitinamas CR2032 baterija.<\/p>\n<p><strong>Ilgis<\/strong> (mm): 110<\/p>\n<p><strong>Svoris<\/strong> (g): 261<\/p>\n","protected":false},"featured_media":122855,"template":"","meta":{"_acf_changed":false},"product_brand":[],"product_cat":[1205],"product_tag":[],"class_list":{"0":"post-150980","1":"product","2":"type-product","3":"status-publish","4":"has-post-thumbnail","6":"product_cat-vaizdai-lt","8":"first","9":"instock","10":"sale","11":"taxable","12":"shipping-taxable","13":"purchasable","14":"product-type-simple"},"acf":[],"_links":{"self":[{"href":"https:\/\/kingarms.ee\/lt\/wp-json\/wp\/v2\/product\/150980","targetHints":{"allow":["GET"]}}],"collection":[{"href":"https:\/\/kingarms.ee\/lt\/wp-json\/wp\/v2\/product"}],"about":[{"href":"https:\/\/kingarms.ee\/lt\/wp-json\/wp\/v2\/types\/product"}],"wp:featuredmedia":[{"embeddable":true,"href":"https:\/\/kingarms.ee\/lt\/wp-json\/wp\/v2\/media\/122855"}],"wp:attachment":[{"href":"https:\/\/kingarms.ee\/lt\/wp-json\/wp\/v2\/media?parent=150980"}],"wp:term":[{"taxonomy":"product_brand","embeddable":true,"href":"https:\/\/kingarms.ee\/lt\/wp-json\/wp\/v2\/product_brand?post=150980"},{"taxonomy":"product_cat","embeddable":true,"href":"https:\/\/kingarms.ee\/lt\/wp-json\/wp\/v2\/product_cat?post=150980"},{"taxonomy":"product_tag","embeddable":true,"href":"https:\/\/kingarms.ee\/lt\/wp-json\/wp\/v2\/product_tag?post=150980"}],"curies":[{"name":"wp","href":"https:\/\/api.w.org\/{rel}","templated":true}]}}