{"id":150984,"date":"2022-07-07T13:33:33","date_gmt":"2025-06-09T10:53:38","guid":{"rendered":"https:\/\/kingarms.ee\/product\/cybergun-bio-300bbs-vieno-suvio-granata-laucher\/"},"modified":"2025-06-09T13:53:38","modified_gmt":"2025-06-09T10:53:38","slug":"cybergun-bio-300bbs-vieno-suvio-granata-laucher","status":"publish","type":"product","link":"https:\/\/kingarms.ee\/lt\/product\/cybergun-bio-300bbs-vieno-suvio-granata-laucher\/","title":{"rendered":"Cybergun BIO 300BBs vieno \u0161\u016bvio granata laucher"},"content":{"rendered":"","protected":false},"excerpt":{"rendered":"<p>Cybergun BIO 300BBs vieno \u0161\u016bvio granata laucher<\/p>\n<p>\u0160is prietaisas paleid\u017eia BIO 300 bbs ma\u017edaug 30 metr\u0173 atstumu ir \u012fsijungia sukdamas dugn\u0105.<\/p>\n<p>viduje n\u0117ra pirotechnikos komponent\u0173 !<\/p>\n<p>Vieno kadro naudojimas<\/p>\n<p>https:\/\/www.youtube.com\/watch?v=4RPyVipLqfc&amp;t=8s<\/p>\n","protected":false},"featured_media":122843,"template":"","meta":{"_acf_changed":false},"product_brand":[],"product_cat":[1262],"product_tag":[],"class_list":{"0":"post-150984","1":"product","2":"type-product","3":"status-publish","4":"has-post-thumbnail","6":"product_cat-granata-lt","8":"first","9":"instock","10":"sale","11":"taxable","12":"shipping-taxable","13":"purchasable","14":"product-type-simple"},"acf":[],"_links":{"self":[{"href":"https:\/\/kingarms.ee\/lt\/wp-json\/wp\/v2\/product\/150984","targetHints":{"allow":["GET"]}}],"collection":[{"href":"https:\/\/kingarms.ee\/lt\/wp-json\/wp\/v2\/product"}],"about":[{"href":"https:\/\/kingarms.ee\/lt\/wp-json\/wp\/v2\/types\/product"}],"wp:featuredmedia":[{"embeddable":true,"href":"https:\/\/kingarms.ee\/lt\/wp-json\/wp\/v2\/media\/122843"}],"wp:attachment":[{"href":"https:\/\/kingarms.ee\/lt\/wp-json\/wp\/v2\/media?parent=150984"}],"wp:term":[{"taxonomy":"product_brand","embeddable":true,"href":"https:\/\/kingarms.ee\/lt\/wp-json\/wp\/v2\/product_brand?post=150984"},{"taxonomy":"product_cat","embeddable":true,"href":"https:\/\/kingarms.ee\/lt\/wp-json\/wp\/v2\/product_cat?post=150984"},{"taxonomy":"product_tag","embeddable":true,"href":"https:\/\/kingarms.ee\/lt\/wp-json\/wp\/v2\/product_tag?post=150984"}],"curies":[{"name":"wp","href":"https:\/\/api.w.org\/{rel}","templated":true}]}}