{"id":151001,"date":"2022-07-04T14:04:41","date_gmt":"2025-06-09T11:00:58","guid":{"rendered":"https:\/\/kingarms.ee\/product\/vidutines-pirmosios-pagalbos-rinkinys-mil-tec\/"},"modified":"2025-06-09T14:00:58","modified_gmt":"2025-06-09T11:00:58","slug":"vidutines-pirmosios-pagalbos-rinkinys-mil-tec","status":"publish","type":"product","link":"https:\/\/kingarms.ee\/lt\/product\/vidutines-pirmosios-pagalbos-rinkinys-mil-tec\/","title":{"rendered":"Vidutin\u0117s pirmosios pagalbos rinkinys Mil-Tec"},"content":{"rendered":"","protected":false},"excerpt":{"rendered":"<p>Vidutin\u0117s pirmosios pagalbos rinkinys Mil-Tec<\/p>\n<p>Miniati\u016brin\u0117 pirmosios pagalbos vaistin\u0117l\u0117, u\u017esegama i\u0161siliejusiu u\u017etrauktuku, Pagaminta i\u0161 med\u017eiagos Su Mil-Tec Ripstop pynimu.<\/p>\n<p>Pirmosios pagalbos vaistin\u0117l\u0119 galima montuoti ant pavir\u0161i\u0173, kuriuose yra MOLLE \/ PALS juost\u0173 sistemos.<\/p>\n<p>\u012e \u012frang\u0105 \u012feina:<br \/>\n&#8211; &#8211; 1 pada\u017eas 50 po 50 mm<br \/>\n&#8211; 6 saugos kai\u0161\u010diai<br \/>\n&#8211; 5 valymo \u0161luost\u0117s<br \/>\n&#8211; 1 ritinys i\u0161 40 mm Po 1 m tinko-1 tvarstis 75 mm po 4,5 m<br \/>\n&#8211; 1 pora vinilo pir\u0161tini\u0173<br \/>\n&#8211; 1 lipnus tinkas<br \/>\n&#8211; 1 pora \u017eirkli\u0173<\/p>\n","protected":false},"featured_media":122809,"template":"","meta":{"_acf_changed":false},"product_brand":[],"product_cat":[1219],"product_tag":[],"class_list":{"0":"post-151001","1":"product","2":"type-product","3":"status-publish","4":"has-post-thumbnail","6":"product_cat-pirmoji-pagalba","8":"first","9":"instock","10":"taxable","11":"shipping-taxable","12":"purchasable","13":"product-type-simple"},"acf":[],"_links":{"self":[{"href":"https:\/\/kingarms.ee\/lt\/wp-json\/wp\/v2\/product\/151001","targetHints":{"allow":["GET"]}}],"collection":[{"href":"https:\/\/kingarms.ee\/lt\/wp-json\/wp\/v2\/product"}],"about":[{"href":"https:\/\/kingarms.ee\/lt\/wp-json\/wp\/v2\/types\/product"}],"wp:featuredmedia":[{"embeddable":true,"href":"https:\/\/kingarms.ee\/lt\/wp-json\/wp\/v2\/media\/122809"}],"wp:attachment":[{"href":"https:\/\/kingarms.ee\/lt\/wp-json\/wp\/v2\/media?parent=151001"}],"wp:term":[{"taxonomy":"product_brand","embeddable":true,"href":"https:\/\/kingarms.ee\/lt\/wp-json\/wp\/v2\/product_brand?post=151001"},{"taxonomy":"product_cat","embeddable":true,"href":"https:\/\/kingarms.ee\/lt\/wp-json\/wp\/v2\/product_cat?post=151001"},{"taxonomy":"product_tag","embeddable":true,"href":"https:\/\/kingarms.ee\/lt\/wp-json\/wp\/v2\/product_tag?post=151001"}],"curies":[{"name":"wp","href":"https:\/\/api.w.org\/{rel}","templated":true}]}}