{"id":151006,"date":"2021-07-03T16:22:52","date_gmt":"2021-07-03T13:22:52","guid":{"rendered":"https:\/\/kingarms.ee\/product\/pradinis-pistoleto-olimpinis-6-mm-bruni\/"},"modified":"2025-09-04T16:59:50","modified_gmt":"2025-09-04T13:59:50","slug":"pradinis-pistoleto-olimpinis-6-mm-bruni","status":"publish","type":"product","link":"https:\/\/kingarms.ee\/lt\/product\/pradinis-pistoleto-olimpinis-6-mm-bruni\/","title":{"rendered":"Pradinis pistoleto olimpinis 6 mm (Bruni)"},"content":{"rendered":"<p><img loading=\"lazy\" decoding=\"async\" class=\"alignnone size-medium wp-image-32454\" src=\"https:\/\/kingarms.ee\/wp-content\/uploads\/2021\/07\/bruni-blank-pistol-top-firing-olympic-6mm-wooden-grip-plates-black-br-1000-300x300.jpg\" alt=\"\" width=\"300\" height=\"300\" srcset=\"https:\/\/kingarms.ee\/wp-content\/uploads\/2021\/07\/bruni-blank-pistol-top-firing-olympic-6mm-wooden-grip-plates-black-br-1000-300x300.jpg 300w, https:\/\/kingarms.ee\/wp-content\/uploads\/2021\/07\/bruni-blank-pistol-top-firing-olympic-6mm-wooden-grip-plates-black-br-1000-150x150.jpg 150w, https:\/\/kingarms.ee\/wp-content\/uploads\/2021\/07\/bruni-blank-pistol-top-firing-olympic-6mm-wooden-grip-plates-black-br-1000-500x500.jpg 500w, https:\/\/kingarms.ee\/wp-content\/uploads\/2021\/07\/bruni-blank-pistol-top-firing-olympic-6mm-wooden-grip-plates-black-br-1000.jpg 600w\" sizes=\"auto, (max-width: 300px) 100vw, 300px\" \/><\/p>\n","protected":false},"excerpt":{"rendered":"<p>Startinis pistoletas <strong data-start=\"331\" data-end=\"347\">OLYMPIC 6 mm &#8211;<\/strong>\u00a0patikimas ir saugus \u012frankis, idealiai tinkantis \u0161un\u0173 dres\u016brai ir kinologin\u0117ms treniruot\u0117ms.<\/p>\n<p>Pradinis pistoleto olimpinis 6 mm (Bruni)<\/p>\n<p>Vardas: Revolveris (Olimpinis)<\/p>\n<div>\n<p>Kalibras: 6mm<\/p>\n<p>D\u0117klo talpa: 8 vnt<\/p>\n<p>Ilgis: 160mm<\/p>\n<p>Svoris: 450g<\/p>\n<div>\n<p>\u201eProdukto\u201c garantas 3 Metai ir GustjoJos Metu Be Prieju\u016bros<\/p>\n<\/div>\n<\/div>\n","protected":false},"featured_media":152448,"template":"","meta":{"_acf_changed":false},"product_brand":[],"product_cat":[1148],"product_tag":[],"class_list":{"0":"post-151006","1":"product","2":"type-product","3":"status-publish","4":"has-post-thumbnail","6":"product_cat-pradedantys-pistoletai","8":"first","9":"instock","10":"taxable","11":"shipping-taxable","12":"purchasable","13":"product-type-simple"},"acf":[],"_links":{"self":[{"href":"https:\/\/kingarms.ee\/lt\/wp-json\/wp\/v2\/product\/151006","targetHints":{"allow":["GET"]}}],"collection":[{"href":"https:\/\/kingarms.ee\/lt\/wp-json\/wp\/v2\/product"}],"about":[{"href":"https:\/\/kingarms.ee\/lt\/wp-json\/wp\/v2\/types\/product"}],"wp:featuredmedia":[{"embeddable":true,"href":"https:\/\/kingarms.ee\/lt\/wp-json\/wp\/v2\/media\/152448"}],"wp:attachment":[{"href":"https:\/\/kingarms.ee\/lt\/wp-json\/wp\/v2\/media?parent=151006"}],"wp:term":[{"taxonomy":"product_brand","embeddable":true,"href":"https:\/\/kingarms.ee\/lt\/wp-json\/wp\/v2\/product_brand?post=151006"},{"taxonomy":"product_cat","embeddable":true,"href":"https:\/\/kingarms.ee\/lt\/wp-json\/wp\/v2\/product_cat?post=151006"},{"taxonomy":"product_tag","embeddable":true,"href":"https:\/\/kingarms.ee\/lt\/wp-json\/wp\/v2\/product_tag?post=151006"}],"curies":[{"name":"wp","href":"https:\/\/api.w.org\/{rel}","templated":true}]}}